{"id":11495,"date":"2026-03-06T17:57:19","date_gmt":"2026-03-06T16:57:19","guid":{"rendered":"https:\/\/www.sages.ch\/?page_id=11495"},"modified":"2026-03-06T18:02:21","modified_gmt":"2026-03-06T17:02:21","slug":"groupe-specifique-pediatrie","status":"publish","type":"page","link":"https:\/\/www.sages.ch\/fr\/groupes-de-travail\/groupe-specifique-pediatrie\/","title":{"rendered":"Groupe sp\u00e9cifique P\u00e9diatrie"},"content":{"rendered":"<div class=\"fusion-fullwidth fullwidth-box fusion-builder-row-1 nonhundred-percent-fullwidth non-hundred-percent-height-scrolling\" style=\"--awb-border-radius-top-left:0px;--awb-border-radius-top-right:0px;--awb-border-radius-bottom-right:0px;--awb-border-radius-bottom-left:0px;--awb-padding-top:0px;--awb-padding-bottom:20px;--awb-flex-wrap:wrap;\" ><div class=\"fusion-builder-row fusion-row\"><div class=\"fusion-layout-column fusion_builder_column fusion-builder-column-0 fusion_builder_column_1_1 1_1 fusion-one-full fusion-column-first fusion-column-last\" style=\"--awb-padding-bottom:20px;--awb-bg-size:cover;\"><div class=\"fusion-column-wrapper fusion-flex-column-wrapper-legacy\"><div class=\"fusion-sep-clear\"><\/div><div class=\"fusion-separator fusion-full-width-sep\" style=\"margin-left: auto;margin-right: auto;margin-bottom:30px;width:100%;\"><div class=\"fusion-separator-border sep-single sep-solid\" style=\"--awb-height:20px;--awb-amount:20px;--awb-sep-color:#efefef;border-color:#efefef;border-top-width:10px;\"><\/div><\/div><div class=\"fusion-sep-clear\"><\/div><div class=\"fusion-text fusion-text-1\"><h1>Groupe sp\u00e9cifique P\u00e9diatrie<\/h1>\n<\/div><div class=\"fusion-clearfix\"><\/div><\/div><\/div><div class=\"fusion-layout-column fusion_builder_column fusion-builder-column-1 fusion_builder_column_2_3 2_3 fusion-two-third fusion-column-first\" style=\"--awb-bg-size:cover;width:66.666666666667%;width:calc(66.666666666667% - ( ( 4% ) * 0.66666666666667 ) );margin-right: 4%;\"><div class=\"fusion-column-wrapper fusion-flex-column-wrapper-legacy\"><div class=\"fusion-text fusion-text-2\" style=\"--awb-text-transform:none;\"><p>Les enfants et les adolescent\u00b7e\u00b7s atteints de maladies graves ou de limitations ont des besoins particuliers. Avec l\u2019\u00e9volution des possibilit\u00e9s th\u00e9rapeutiques et des interventions m\u00e9dicales, les exigences pos\u00e9es aux patient\u00b7e\u00b7s et \u00e0 leurs proches se sont accrues, tandis que la complexit\u00e9 sociale s\u2019est \u00e9galement intensifi\u00e9e.<\/p>\n<p>Le groupe sp\u00e9cifique P\u00e9diatrie r\u00e9unit des professionnel\u00b7le\u00b7s du travail social actif\u00b7ve\u00b7s dans des h\u00f4pitaux et cliniques p\u00e9diatriques. Leurs missions comprennent le conseil et le soutien dans les questions psychosociales, juridiques (notamment en mati\u00e8re d\u2019assurances sociales) et financi\u00e8res, ainsi que l\u2019orientation vers des services externes et la mise en r\u00e9seau avec des organisations sp\u00e9cialis\u00e9es ou des associations de parents.<\/p>\n<p>Le groupe sp\u00e9cifique P\u00e9diatrie organise chaque ann\u00e9e une journ\u00e9e de rencontre en Suisse al\u00e9manique afin de favoriser la mise en r\u00e9seau et les \u00e9changes professionnels. Les dates sont publi\u00e9es dans le calendrier des \u00e9v\u00e9nements.<\/p>\n<\/div><div class=\"fusion-clearfix\"><\/div><\/div><\/div><div class=\"fusion-layout-column fusion_builder_column fusion-builder-column-2 fusion_builder_column_1_3 1_3 fusion-one-third fusion-column-last\" style=\"--awb-padding-top:25px;--awb-padding-right:22px;--awb-padding-bottom:22px;--awb-padding-left:20px;--awb-bg-color:#f7f7f7;--awb-bg-color-hover:#f7f7f7;--awb-bg-size:cover;--awb-border-color:#89bb47;--awb-border-top:10px;--awb-border-style:solid;width:33.333333333333%;width:calc(33.333333333333% - ( ( 4% ) * 0.33333333333333 ) );\"><div class=\"fusion-column-wrapper fusion-flex-column-wrapper-legacy\"><div class=\"fusion-text fusion-text-3\"><h2>Contact<\/h2>\n<\/div><div class=\"fusion-sep-clear\"><\/div><div class=\"fusion-separator fusion-full-width-sep\" style=\"margin-left: auto;margin-right: auto;margin-top:13px;width:100%;\"><\/div><div class=\"fusion-sep-clear\"><\/div><div class=\"fusion-text fusion-text-4\"><div><strong>Yaelle Koller\u00a0<\/strong><\/div>\n<div>Universit\u00e4ts-Kinderspital Z\u00fcrich<\/div>\n<div><strong><a href=\"mailto:yaelle.koller@kispi.uzh.ch\">yaelle.koller@kispi.uzh.ch<\/a><\/strong><\/div>\n<\/div><div class=\"fusion-sep-clear\"><\/div><div class=\"fusion-separator fusion-full-width-sep\" style=\"margin-left: auto;margin-right: auto;margin-top:20px;margin-bottom:20px;width:100%;\"><div class=\"fusion-separator-border sep-single sep-solid\" style=\"--awb-height:20px;--awb-amount:20px;border-color:#e0dede;border-top-width:1px;\"><\/div><\/div><div class=\"fusion-sep-clear\"><\/div><div class=\"fusion-text fusion-text-5\"><p><strong>Sabine Bretscher<br \/>\n<\/strong>Universit\u00e4ts-Kinderspital beider Basel<strong><br \/>\n<\/strong><strong><a href=\"mailto:sabine.bretscher@ukbb.ch\">sabine.bretscher@ukbb.ch<\/a><\/strong><\/p>\n<\/div><div class=\"fusion-sep-clear\"><\/div><div class=\"fusion-separator fusion-full-width-sep\" style=\"margin-left: auto;margin-right: auto;margin-top:20px;margin-bottom:20px;width:100%;\"><div class=\"fusion-separator-border sep-single sep-solid\" style=\"--awb-height:20px;--awb-amount:20px;border-color:#e0dede;border-top-width:1px;\"><\/div><\/div><div class=\"fusion-sep-clear\"><\/div><div class=\"fusion-text fusion-text-6\"><p><strong>Franziska Fussenegger-Bures<br \/>\n<\/strong>Stiftung Ostschweizer Kinderspital<strong><br \/>\n<a href=\"mailto:franziska.fussenegger-bures@kispisg.ch\">franziska.fussenegger-bures@kispisg.ch<\/a><\/strong><\/p>\n<\/div><div class=\"fusion-sep-clear\"><\/div><div class=\"fusion-separator fusion-full-width-sep\" style=\"margin-left: auto;margin-right: auto;margin-top:20px;margin-bottom:20px;width:100%;\"><div class=\"fusion-separator-border sep-single sep-solid\" style=\"--awb-height:20px;--awb-amount:20px;border-color:#e0dede;border-top-width:1px;\"><\/div><\/div><div class=\"fusion-sep-clear\"><\/div><div class=\"fusion-text fusion-text-7\"><p><strong>Christina Vogt<br \/>\n<\/strong>Inselspital Bern<strong><br \/>\n<a href=\"mailto:christina.vogt@insel.ch\">christina.vogt@insel.ch<\/a><\/strong><\/p>\n<\/div><div class=\"fusion-clearfix\"><\/div><\/div><\/div><\/div><\/div>\n","protected":false},"excerpt":{"rendered":"","protected":false},"author":1,"featured_media":0,"parent":3063,"menu_order":17,"comment_status":"closed","ping_status":"closed","template":"","meta":{"footnotes":""},"class_list":["post-11495","page","type-page","status-publish","hentry"],"_links":{"self":[{"href":"https:\/\/www.sages.ch\/fr\/wp-json\/wp\/v2\/pages\/11495","targetHints":{"allow":["GET"]}}],"collection":[{"href":"https:\/\/www.sages.ch\/fr\/wp-json\/wp\/v2\/pages"}],"about":[{"href":"https:\/\/www.sages.ch\/fr\/wp-json\/wp\/v2\/types\/page"}],"author":[{"embeddable":true,"href":"https:\/\/www.sages.ch\/fr\/wp-json\/wp\/v2\/users\/1"}],"replies":[{"embeddable":true,"href":"https:\/\/www.sages.ch\/fr\/wp-json\/wp\/v2\/comments?post=11495"}],"version-history":[{"count":3,"href":"https:\/\/www.sages.ch\/fr\/wp-json\/wp\/v2\/pages\/11495\/revisions"}],"predecessor-version":[{"id":11507,"href":"https:\/\/www.sages.ch\/fr\/wp-json\/wp\/v2\/pages\/11495\/revisions\/11507"}],"up":[{"embeddable":true,"href":"https:\/\/www.sages.ch\/fr\/wp-json\/wp\/v2\/pages\/3063"}],"wp:attachment":[{"href":"https:\/\/www.sages.ch\/fr\/wp-json\/wp\/v2\/media?parent=11495"}],"curies":[{"name":"wp","href":"https:\/\/api.w.org\/{rel}","templated":true}]}}