{"id":3058,"date":"2017-05-18T11:33:31","date_gmt":"2017-05-18T09:33:31","guid":{"rendered":"https:\/\/www.sages.ch\/gesundheitsligen\/"},"modified":"2024-09-06T10:05:11","modified_gmt":"2024-09-06T08:05:11","slug":"ligues-de-la-sante","status":"publish","type":"page","link":"https:\/\/www.sages.ch\/fr\/groupes-de-travail\/ligues-de-la-sante\/","title":{"rendered":"Ligues de la sant\u00e9"},"content":{"rendered":"<div class=\"fusion-fullwidth fullwidth-box fusion-builder-row-1 nonhundred-percent-fullwidth non-hundred-percent-height-scrolling\" style=\"--awb-border-radius-top-left:0px;--awb-border-radius-top-right:0px;--awb-border-radius-bottom-right:0px;--awb-border-radius-bottom-left:0px;--awb-padding-top:0px;--awb-padding-bottom:20px;--awb-flex-wrap:wrap;\" ><div class=\"fusion-builder-row fusion-row\"><div class=\"fusion-layout-column fusion_builder_column fusion-builder-column-0 fusion_builder_column_1_1 1_1 fusion-one-full fusion-column-first fusion-column-last\" style=\"--awb-padding-bottom:20px;--awb-bg-size:cover;\"><div class=\"fusion-column-wrapper fusion-flex-column-wrapper-legacy\"><div class=\"fusion-sep-clear\"><\/div><div class=\"fusion-separator fusion-full-width-sep\" style=\"margin-left: auto;margin-right: auto;margin-bottom:30px;width:100%;\"><div class=\"fusion-separator-border sep-single sep-solid\" style=\"--awb-height:20px;--awb-amount:20px;--awb-sep-color:#efefef;border-color:#efefef;border-top-width:10px;\"><\/div><\/div><div class=\"fusion-sep-clear\"><\/div><div class=\"fusion-text fusion-text-1\"><h1><span lang=\"FR-CH\">Groupe de travail \u00ab Ligues de la sant\u00e9 \u00bb<\/span><\/h1>\n<\/div><div class=\"fusion-clearfix\"><\/div><\/div><\/div><div class=\"fusion-layout-column fusion_builder_column fusion-builder-column-1 fusion_builder_column_2_3 2_3 fusion-two-third fusion-column-first\" style=\"--awb-bg-size:cover;width:66.666666666667%;width:calc(66.666666666667% - ( ( 4% ) * 0.66666666666667 ) );margin-right: 4%;\"><div class=\"fusion-column-wrapper fusion-flex-column-wrapper-legacy\"><div class=\"fusion-text fusion-text-2\"><p>Les Ligues de la sant\u00e9 sont un pilier important dans le domaine de la sant\u00e9 en Suisse. Depuis le d\u00e9but, elles fournissent des prestations aux personnes et aux familles touch\u00e9es par des maladies sp\u00e9cifiques et par des probl\u00e8mes sociaux en lien avec ces derni\u00e8res. Dans le domaine de sp\u00e9cialisation des Ligues de la sant\u00e9, on retrouve des professionnel-le-s du travail social qui exercent diff\u00e9rentes fonctions aupr\u00e8s des Ligues de la sant\u00e9.<\/p>\n<p>Le domaine de sp\u00e9cialisation des Ligues de la sant\u00e9 vise \u00e0 renforcer et \u00e0 d\u00e9velopper les offres et prestations du travail social au sein de celles-ci. Son objectif est de soutenir les professionnel-le-s du travail social dans les diff\u00e9rentes Ligues de la sant\u00e9 et de les encourager \u00e0 \u00e9changer. \u00c0 cette fin, il collabore avec les Ligues de la sant\u00e9 et la Conf\u00e9rence nationale suisse des ligues de la sant\u00e9 GELIKO. En outre, la collaboration et l\u2019\u00e9change avec les autres groupes de travail au sein de SAGES sont des principes fondamentaux.<\/p>\n<\/div><div class=\"fusion-clearfix\"><\/div><\/div><\/div><div class=\"fusion-layout-column fusion_builder_column fusion-builder-column-2 fusion_builder_column_1_3 1_3 fusion-one-third fusion-column-last\" style=\"--awb-padding-top:25px;--awb-padding-right:22px;--awb-padding-bottom:22px;--awb-padding-left:20px;--awb-bg-color:#f7f7f7;--awb-bg-color-hover:#f7f7f7;--awb-bg-size:cover;--awb-border-color:#89bb47;--awb-border-top:10px;--awb-border-style:solid;width:33.333333333333%;width:calc(33.333333333333% - ( ( 4% ) * 0.33333333333333 ) );\"><div class=\"fusion-column-wrapper fusion-flex-column-wrapper-legacy\"><div class=\"fusion-text fusion-text-3\"><h2>Contact<\/h2>\n<\/div><div class=\"fusion-sep-clear\"><\/div><div class=\"fusion-separator fusion-full-width-sep\" style=\"margin-left: auto;margin-right: auto;margin-top:13px;width:100%;\"><\/div><div class=\"fusion-sep-clear\"><\/div><div class=\"fusion-text fusion-text-4\"><div><strong>SAGES &#8211; Secr\u00e9tariat g\u00e9n\u00e9ral<\/strong><\/div>\n<div><a href=\"mailto:info@sages.ch\" target=\"_blank\" rel=\"noopener noreferrer\"><strong><span lang=\"DE\">info@sages.ch<\/span><\/strong><\/a><\/div>\n<\/div><div class=\"fusion-sep-clear\"><\/div><div class=\"fusion-separator fusion-full-width-sep\" style=\"margin-left: auto;margin-right: auto;margin-top:20px;margin-bottom:20px;width:100%;\"><div class=\"fusion-separator-border sep-single sep-solid\" style=\"--awb-height:20px;--awb-amount:20px;border-color:#e0dede;border-top-width:1px;\"><\/div><\/div><div class=\"fusion-sep-clear\"><\/div><div class=\"fusion-clearfix\"><\/div><\/div><\/div><\/div><\/div>\n","protected":false},"excerpt":{"rendered":"","protected":false},"author":1,"featured_media":0,"parent":3063,"menu_order":13,"comment_status":"closed","ping_status":"closed","template":"","meta":{"footnotes":""},"class_list":["post-3058","page","type-page","status-publish","hentry"],"_links":{"self":[{"href":"https:\/\/www.sages.ch\/fr\/wp-json\/wp\/v2\/pages\/3058","targetHints":{"allow":["GET"]}}],"collection":[{"href":"https:\/\/www.sages.ch\/fr\/wp-json\/wp\/v2\/pages"}],"about":[{"href":"https:\/\/www.sages.ch\/fr\/wp-json\/wp\/v2\/types\/page"}],"author":[{"embeddable":true,"href":"https:\/\/www.sages.ch\/fr\/wp-json\/wp\/v2\/users\/1"}],"replies":[{"embeddable":true,"href":"https:\/\/www.sages.ch\/fr\/wp-json\/wp\/v2\/comments?post=3058"}],"version-history":[{"count":13,"href":"https:\/\/www.sages.ch\/fr\/wp-json\/wp\/v2\/pages\/3058\/revisions"}],"predecessor-version":[{"id":9188,"href":"https:\/\/www.sages.ch\/fr\/wp-json\/wp\/v2\/pages\/3058\/revisions\/9188"}],"up":[{"embeddable":true,"href":"https:\/\/www.sages.ch\/fr\/wp-json\/wp\/v2\/pages\/3063"}],"wp:attachment":[{"href":"https:\/\/www.sages.ch\/fr\/wp-json\/wp\/v2\/media?parent=3058"}],"curies":[{"name":"wp","href":"https:\/\/api.w.org\/{rel}","templated":true}]}}