{"id":3067,"date":"2017-04-25T17:09:34","date_gmt":"2017-04-25T15:09:34","guid":{"rendered":"https:\/\/www.sages.ch\/groupes-de-travail\/integrierte-versorgung\/"},"modified":"2026-03-20T11:39:11","modified_gmt":"2026-03-20T10:39:11","slug":"soins-integres","status":"publish","type":"page","link":"https:\/\/www.sages.ch\/fr\/groupes-de-travail\/soins-integres\/","title":{"rendered":"Soins int\u00e9gr\u00e9s"},"content":{"rendered":"<div class=\"fusion-fullwidth fullwidth-box fusion-builder-row-1 nonhundred-percent-fullwidth non-hundred-percent-height-scrolling\" style=\"--awb-border-radius-top-left:0px;--awb-border-radius-top-right:0px;--awb-border-radius-bottom-right:0px;--awb-border-radius-bottom-left:0px;--awb-padding-top:0px;--awb-padding-bottom:20px;--awb-flex-wrap:wrap;\" ><div class=\"fusion-builder-row fusion-row\"><div class=\"fusion-layout-column fusion_builder_column fusion-builder-column-0 fusion_builder_column_1_1 1_1 fusion-one-full fusion-column-first fusion-column-last\" style=\"--awb-padding-bottom:20px;--awb-bg-size:cover;\"><div class=\"fusion-column-wrapper fusion-flex-column-wrapper-legacy\"><div class=\"fusion-sep-clear\"><\/div><div class=\"fusion-separator fusion-full-width-sep\" style=\"margin-left: auto;margin-right: auto;margin-bottom:30px;width:100%;\"><div class=\"fusion-separator-border sep-single sep-solid\" style=\"--awb-height:20px;--awb-amount:20px;--awb-sep-color:#efefef;border-color:#efefef;border-top-width:10px;\"><\/div><\/div><div class=\"fusion-sep-clear\"><\/div><div class=\"fusion-text fusion-text-1\"><h1><span lang=\"FR-CH\">Groupe de travail \u00ab\u00a0Travail social dans les soins int\u00e9gr\u00e9s\u00a0\u00bb<\/span><\/h1>\n<\/div><div class=\"fusion-clearfix\"><\/div><\/div><\/div><div class=\"fusion-layout-column fusion_builder_column fusion-builder-column-1 fusion_builder_column_2_3 2_3 fusion-two-third fusion-column-first\" style=\"--awb-bg-size:cover;width:66.666666666667%;width:calc(66.666666666667% - ( ( 4% ) * 0.66666666666667 ) );margin-right: 4%;\"><div class=\"fusion-column-wrapper fusion-flex-column-wrapper-legacy\"><div class=\"fusion-text fusion-text-2\" style=\"--awb-text-transform:none;\"><p>Le syst\u00e8me de sant\u00e9 actuel comporte un risque de prise en charge insuffisante ou erron\u00e9e des patientes et patients. Cela est d\u00fb \u00e0 la complexification des situations et du syst\u00e8me de sant\u00e9. Le nouveau syst\u00e8me de soins int\u00e9gr\u00e9s est confront\u00e9 \u00e0 de nombreuses attentes et exigences, parfois divergentes, mais doit se positionner ad\u00e9quatement d\u2019un point de vue professionnel.<\/p>\n<p>Pour sch\u00e9matiser, les patientes et patients sont au centre du processus de soins int\u00e9gr\u00e9s. Autrement dit, la mise en place des prestations d\u2019aide avec les besoins des personnes concern\u00e9es est tout aussi cruciale que la collaboration interdisciplinaire (comme p. ex. la coordination des diff\u00e9rentes prestations d\u2019aide ou un accompagnement \u00e0 plus long terme des patientes et patients). Le groupe de travail \u00abTravail social dans les soins int\u00e9gr\u00e9s\u00bb de SAGES veut mettre en \u00e9vidence l\u2019importance des soins int\u00e9gr\u00e9s et en faire sa promotion dans le travail social.<\/p>\n<\/div><div class=\"fusion-clearfix\"><\/div><\/div><\/div><div class=\"fusion-layout-column fusion_builder_column fusion-builder-column-2 fusion_builder_column_1_3 1_3 fusion-one-third fusion-column-last\" style=\"--awb-padding-top:25px;--awb-padding-right:22px;--awb-padding-bottom:22px;--awb-padding-left:20px;--awb-bg-color:#f7f7f7;--awb-bg-color-hover:#f7f7f7;--awb-bg-size:cover;--awb-border-color:#89bb47;--awb-border-top:10px;--awb-border-style:solid;width:33.333333333333%;width:calc(33.333333333333% - ( ( 4% ) * 0.33333333333333 ) );\"><div class=\"fusion-column-wrapper fusion-flex-column-wrapper-legacy\"><div class=\"fusion-text fusion-text-3\"><h2>Contact<\/h2>\n<\/div><div class=\"fusion-sep-clear\"><\/div><div class=\"fusion-separator fusion-full-width-sep\" style=\"margin-left: auto;margin-right: auto;margin-top:13px;width:100%;\"><\/div><div class=\"fusion-sep-clear\"><\/div><div class=\"fusion-text fusion-text-4\"><div>\n<div><strong>Hannes L\u00fcthi<\/strong><\/div>\n<div><strong>Membre du comit\u00e9 de SAGES<\/strong><\/div>\n<div>Akzent Pr\u00e4vention und Suchttherapie<br \/>\n<a href=\"mailto:hannes.luethi@sages.ch\" target=\"_blank\" rel=\"noopener noreferrer\"><strong><span lang=\"DE\">hannes.luethi@sages.ch<\/span><\/strong><\/a><\/div>\n<\/div>\n<div><\/div>\n<\/div><div class=\"fusion-sep-clear\"><\/div><div class=\"fusion-separator fusion-full-width-sep\" style=\"margin-left: auto;margin-right: auto;margin-top:20px;margin-bottom:20px;width:100%;\"><div class=\"fusion-separator-border sep-single sep-solid\" style=\"--awb-height:20px;--awb-amount:20px;border-color:#e0dede;border-top-width:1px;\"><\/div><\/div><div class=\"fusion-sep-clear\"><\/div><div class=\"fusion-text fusion-text-5\"><div>\n<div><strong>Simon S\u00fcsstrunk<\/strong><\/div>\n<div><strong>Membre du comit\u00e9 de SAGES<\/strong><\/div>\n<div>Haute Ecole de Travail Social, Institut travail social et sant\u00e9<br \/>\n<a href=\"mailto:simon.suesstrunk@sages.ch\" target=\"_blank\" rel=\"noopener noreferrer\"><strong>simon.suesstrunk@sages.ch<\/strong><\/a><\/div>\n<\/div>\n<div><\/div>\n<\/div><div class=\"fusion-clearfix\"><\/div><\/div><\/div><\/div><\/div>\n","protected":false},"excerpt":{"rendered":"","protected":false},"author":1,"featured_media":0,"parent":3063,"menu_order":14,"comment_status":"closed","ping_status":"closed","template":"","meta":{"footnotes":""},"class_list":["post-3067","page","type-page","status-publish","hentry"],"_links":{"self":[{"href":"https:\/\/www.sages.ch\/fr\/wp-json\/wp\/v2\/pages\/3067","targetHints":{"allow":["GET"]}}],"collection":[{"href":"https:\/\/www.sages.ch\/fr\/wp-json\/wp\/v2\/pages"}],"about":[{"href":"https:\/\/www.sages.ch\/fr\/wp-json\/wp\/v2\/types\/page"}],"author":[{"embeddable":true,"href":"https:\/\/www.sages.ch\/fr\/wp-json\/wp\/v2\/users\/1"}],"replies":[{"embeddable":true,"href":"https:\/\/www.sages.ch\/fr\/wp-json\/wp\/v2\/comments?post=3067"}],"version-history":[{"count":7,"href":"https:\/\/www.sages.ch\/fr\/wp-json\/wp\/v2\/pages\/3067\/revisions"}],"predecessor-version":[{"id":8443,"href":"https:\/\/www.sages.ch\/fr\/wp-json\/wp\/v2\/pages\/3067\/revisions\/8443"}],"up":[{"embeddable":true,"href":"https:\/\/www.sages.ch\/fr\/wp-json\/wp\/v2\/pages\/3063"}],"wp:attachment":[{"href":"https:\/\/www.sages.ch\/fr\/wp-json\/wp\/v2\/media?parent=3067"}],"curies":[{"name":"wp","href":"https:\/\/api.w.org\/{rel}","templated":true}]}}