{"id":3082,"date":"2017-05-08T13:07:32","date_gmt":"2017-05-08T11:07:32","guid":{"rendered":"https:\/\/www.sages.ch\/groupes-de-travail\/rehabilitation\/"},"modified":"2025-11-07T17:11:27","modified_gmt":"2025-11-07T16:11:27","slug":"readaptation","status":"publish","type":"page","link":"https:\/\/www.sages.ch\/fr\/groupes-de-travail\/readaptation\/","title":{"rendered":"R\u00e9adaptation"},"content":{"rendered":"<div class=\"fusion-fullwidth fullwidth-box fusion-builder-row-1 nonhundred-percent-fullwidth non-hundred-percent-height-scrolling\" style=\"--awb-border-radius-top-left:0px;--awb-border-radius-top-right:0px;--awb-border-radius-bottom-right:0px;--awb-border-radius-bottom-left:0px;--awb-padding-top:0px;--awb-padding-bottom:20px;--awb-flex-wrap:wrap;\" ><div class=\"fusion-builder-row fusion-row\"><div class=\"fusion-layout-column fusion_builder_column fusion-builder-column-0 fusion_builder_column_1_1 1_1 fusion-one-full fusion-column-first fusion-column-last\" style=\"--awb-padding-bottom:20px;--awb-bg-size:cover;\"><div class=\"fusion-column-wrapper fusion-flex-column-wrapper-legacy\"><div class=\"fusion-sep-clear\"><\/div><div class=\"fusion-separator fusion-full-width-sep\" style=\"margin-left: auto;margin-right: auto;margin-bottom:30px;width:100%;\"><div class=\"fusion-separator-border sep-single sep-solid\" style=\"--awb-height:20px;--awb-amount:20px;--awb-sep-color:#efefef;border-color:#efefef;border-top-width:10px;\"><\/div><\/div><div class=\"fusion-sep-clear\"><\/div><div class=\"fusion-text fusion-text-1\"><h1><span lang=\"FR-CH\">Groupe de travail \u00ab\u00a0Travail social en r\u00e9adaptation\u00a0\u00bb<\/span><\/h1>\n<\/div><div class=\"fusion-clearfix\"><\/div><\/div><\/div><div class=\"fusion-layout-column fusion_builder_column fusion-builder-column-1 fusion_builder_column_2_3 2_3 fusion-two-third fusion-column-first\" style=\"--awb-bg-size:cover;width:66.666666666667%;width:calc(66.666666666667% - ( ( 4% ) * 0.66666666666667 ) );margin-right: 4%;\"><div class=\"fusion-column-wrapper fusion-flex-column-wrapper-legacy\"><div class=\"fusion-text fusion-text-2\"><p>La r\u00e9adaptation signifie prendre un d\u00e9part dans une nouvelle situation de vie ou renouer avec la situation ant\u00e9rieure, mais dans de nouvelles conditions.<\/p>\n<p>Les r\u00e9percussions d\u2019une maladie ou d\u2019un accident chamboulent parfois compl\u00e8tement la vie des personnes concern\u00e9es et de leurs proches aidants ou non. Cela soul\u00e8ve des questions sur l\u2019avenir, les moyens d\u2019existence financiers, le droit des assurances (sociales), l\u2019organisation de la vie quotidienne priv\u00e9e et professionnelle, etc. Il est par cons\u00e9quent d\u2019autant plus important de pr\u00e9server et de renforcer les ressources personnelles et sociales.<\/p>\n<p>Le travail social se fonde sur une approche syst\u00e9mique. La collaboration interdisciplinaire, tant dans le secteur hospitalier qu\u2019ambulatoire, est d\u00e9terminante. Cela inclut \u00e9galement d\u2019impliquer et surtout de soutenir les proches, qui doivent eux aussi s\u2019adapter \u00e0 la nouvelle situation.<\/p>\n<p>L\u2019objectif (malheureusement pas toujours r\u00e9alisable) est le choix de la solution de rebond. Divers facteurs physiques, psychologiques, sociaux, financiers, juridiques, etc. influencent (favorisent\/entravent) la r\u00e9alisation de cet objectif. C\u2019est pourquoi, en tenant compte de ces facteurs, une situation de rebond optimale pour les personnes concern\u00e9es et leurs proches est recherch\u00e9e et organis\u00e9e conjointement avec elles. Un autre aspect de l\u2019organisation est d\u2019assurer un suivi dans les domaines o\u00f9 un soutien reste n\u00e9cessaire une fois la r\u00e9adaptation termin\u00e9e.<\/p>\n<p>Les membres se r\u00e9unissent deux demi-journ\u00e9es par an. Les dates correspondantes sont publi\u00e9es dans le calendrier des manifestations de SAGES.<\/p>\n<\/div><div class=\"fusion-clearfix\"><\/div><\/div><\/div><div class=\"fusion-layout-column fusion_builder_column fusion-builder-column-2 fusion_builder_column_1_3 1_3 fusion-one-third fusion-column-last\" style=\"--awb-padding-top:25px;--awb-padding-right:22px;--awb-padding-bottom:22px;--awb-padding-left:20px;--awb-bg-color:#f7f7f7;--awb-bg-color-hover:#f7f7f7;--awb-bg-size:cover;--awb-border-color:#89bb47;--awb-border-top:10px;--awb-border-style:solid;width:33.333333333333%;width:calc(33.333333333333% - ( ( 4% ) * 0.33333333333333 ) );\"><div class=\"fusion-column-wrapper fusion-flex-column-wrapper-legacy\"><div class=\"fusion-text fusion-text-3\"><h2>Contact<\/h2>\n<\/div><div class=\"fusion-sep-clear\"><\/div><div class=\"fusion-separator fusion-full-width-sep\" style=\"margin-left: auto;margin-right: auto;margin-top:13px;width:100%;\"><\/div><div class=\"fusion-sep-clear\"><\/div><div class=\"fusion-text fusion-text-4\"><div>\n<div>\n<div>Secr\u00e9tariat g\u00e9n\u00e9ral<\/div>\n<div><span class=\"street-address\">3010 Berne<br \/>\n<\/span><\/div>\n<\/div>\n<div>T\u00e9l\u00e9phone 076 721 02 25<\/div>\n<\/div>\n<div><a class=\"mail-link\" href=\"mailto:info@sages.ch\" target=\"_blank\" rel=\"noopener noreferrer\" data-enc-email=\"cvreb.pngnav&#091;at&#093;fntrf.pu\" data-wpel-link=\"ignore\"><span id=\"eeb-607231-656870\"><strong><span lang=\"DE\">info@sages.ch<\/span><\/strong><\/span><\/a><\/div>\n<\/div><div class=\"fusion-sep-clear\"><\/div><div class=\"fusion-separator fusion-full-width-sep\" style=\"margin-left: auto;margin-right: auto;margin-top:20px;margin-bottom:20px;width:100%;\"><div class=\"fusion-separator-border sep-single sep-solid\" style=\"--awb-height:20px;--awb-amount:20px;border-color:#e0dede;border-top-width:1px;\"><\/div><\/div><div class=\"fusion-sep-clear\"><\/div><div class=\"fusion-clearfix\"><\/div><\/div><\/div><\/div><\/div>\n","protected":false},"excerpt":{"rendered":"","protected":false},"author":1,"featured_media":0,"parent":3063,"menu_order":16,"comment_status":"closed","ping_status":"closed","template":"","meta":{"footnotes":""},"class_list":["post-3082","page","type-page","status-publish","hentry"],"_links":{"self":[{"href":"https:\/\/www.sages.ch\/fr\/wp-json\/wp\/v2\/pages\/3082","targetHints":{"allow":["GET"]}}],"collection":[{"href":"https:\/\/www.sages.ch\/fr\/wp-json\/wp\/v2\/pages"}],"about":[{"href":"https:\/\/www.sages.ch\/fr\/wp-json\/wp\/v2\/types\/page"}],"author":[{"embeddable":true,"href":"https:\/\/www.sages.ch\/fr\/wp-json\/wp\/v2\/users\/1"}],"replies":[{"embeddable":true,"href":"https:\/\/www.sages.ch\/fr\/wp-json\/wp\/v2\/comments?post=3082"}],"version-history":[{"count":8,"href":"https:\/\/www.sages.ch\/fr\/wp-json\/wp\/v2\/pages\/3082\/revisions"}],"predecessor-version":[{"id":10917,"href":"https:\/\/www.sages.ch\/fr\/wp-json\/wp\/v2\/pages\/3082\/revisions\/10917"}],"up":[{"embeddable":true,"href":"https:\/\/www.sages.ch\/fr\/wp-json\/wp\/v2\/pages\/3063"}],"wp:attachment":[{"href":"https:\/\/www.sages.ch\/fr\/wp-json\/wp\/v2\/media?parent=3082"}],"curies":[{"name":"wp","href":"https:\/\/api.w.org\/{rel}","templated":true}]}}