{"id":3092,"date":"2017-11-15T16:12:16","date_gmt":"2017-11-15T15:12:16","guid":{"rendered":"https:\/\/www.sages.ch\/groupes-de-travail\/sucht\/"},"modified":"2024-01-05T07:49:28","modified_gmt":"2024-01-05T06:49:28","slug":"domaine-des-dependances","status":"publish","type":"page","link":"https:\/\/www.sages.ch\/fr\/groupes-de-travail\/domaine-des-dependances\/","title":{"rendered":"D\u00e9pendances"},"content":{"rendered":"<div class=\"fusion-fullwidth fullwidth-box fusion-builder-row-1 nonhundred-percent-fullwidth non-hundred-percent-height-scrolling\" style=\"--awb-border-radius-top-left:0px;--awb-border-radius-top-right:0px;--awb-border-radius-bottom-right:0px;--awb-border-radius-bottom-left:0px;--awb-padding-top:0px;--awb-padding-bottom:20px;--awb-flex-wrap:wrap;\" ><div class=\"fusion-builder-row fusion-row\"><div class=\"fusion-layout-column fusion_builder_column fusion-builder-column-0 fusion_builder_column_1_1 1_1 fusion-one-full fusion-column-first fusion-column-last\" style=\"--awb-padding-bottom:20px;--awb-bg-size:cover;\"><div class=\"fusion-column-wrapper fusion-flex-column-wrapper-legacy\"><div class=\"fusion-sep-clear\"><\/div><div class=\"fusion-separator fusion-full-width-sep\" style=\"margin-left: auto;margin-right: auto;margin-bottom:30px;width:100%;\"><div class=\"fusion-separator-border sep-single sep-solid\" style=\"--awb-height:20px;--awb-amount:20px;--awb-sep-color:#efefef;border-color:#efefef;border-top-width:10px;\"><\/div><\/div><div class=\"fusion-sep-clear\"><\/div><div class=\"fusion-text fusion-text-1\" style=\"--awb-text-transform:none;\"><h1><span lang=\"FR-CH\">Groupe de travail \u00ab D\u00e9pendances \u00bb<\/span><\/h1>\n<\/div><div class=\"fusion-clearfix\"><\/div><\/div><\/div><div class=\"fusion-layout-column fusion_builder_column fusion-builder-column-1 fusion_builder_column_2_3 2_3 fusion-two-third fusion-column-first\" style=\"--awb-bg-size:cover;width:66.666666666667%;width:calc(66.666666666667% - ( ( 4% ) * 0.66666666666667 ) );margin-right: 4%;\"><div class=\"fusion-column-wrapper fusion-flex-column-wrapper-legacy\"><div class=\"fusion-text fusion-text-2\"><p>Le champs d\u2019activit\u00e9 \u00ab\u00a0Travail social dans le domaine des d\u00e9pendances\u00a0\u00bb se fixe pour objectif de consid\u00e9rer toute la palette des offres destin\u00e9es aux personnes d\u00e9pendantes et de tenir compte des revendications des membres de SAGES. Le travail social dans le domaine des d\u00e9pendances doit \u00eatre renforc\u00e9 dans la collaboration interdisciplinaire avec les autres professions impliqu\u00e9es, afin de mener un dialogue constructif en vue d\u2019une prise en charge et d\u2019une mise en r\u00e9seau compl\u00e8tes de sa client\u00e8le. Le contact avec les travailleuses et travailleurs sociaux des autres associations professionnelles sp\u00e9cifiques est encourag\u00e9.<\/p>\n<p>SAGES repr\u00e9sente les travailleuses et travailleurs sociaux des institutions de soins ambulatoires et stationnaires avec leurs offres de traitement des d\u00e9pendances aux substances l\u00e9gales et ill\u00e9gales ainsi que des d\u00e9pendances comportementales.<\/p>\n<\/div><div class=\"fusion-clearfix\"><\/div><\/div><\/div><div class=\"fusion-layout-column fusion_builder_column fusion-builder-column-2 fusion_builder_column_1_3 1_3 fusion-one-third fusion-column-last\" style=\"--awb-padding-top:25px;--awb-padding-right:22px;--awb-padding-bottom:22px;--awb-padding-left:20px;--awb-bg-color:#f7f7f7;--awb-bg-color-hover:#f7f7f7;--awb-bg-size:cover;--awb-border-color:#89bb47;--awb-border-top:10px;--awb-border-style:solid;width:33.333333333333%;width:calc(33.333333333333% - ( ( 4% ) * 0.33333333333333 ) );\"><div class=\"fusion-column-wrapper fusion-flex-column-wrapper-legacy\"><div class=\"fusion-text fusion-text-3\"><h2>Contact<\/h2>\n<\/div><div class=\"fusion-sep-clear\"><\/div><div class=\"fusion-separator fusion-full-width-sep\" style=\"margin-left: auto;margin-right: auto;margin-top:13px;width:100%;\"><\/div><div class=\"fusion-sep-clear\"><\/div><div class=\"fusion-text fusion-text-4\" style=\"--awb-text-transform:none;\"><div><strong>Barbara Marti<\/strong><\/div>\n<div><strong>Membre du comit\u00e9 de SAGES<\/strong><\/div>\n<div>Haute Ecole Lucerne \u2013 Travail Social<\/div>\n<div><strong><a href=\"mailto:barbara.marti@sages.ch\" target=\"_blank\" rel=\"noopener noreferrer\">barbara.marti@sages.ch<\/a><\/strong><\/div>\n<\/div><div class=\"fusion-sep-clear\"><\/div><div class=\"fusion-separator fusion-full-width-sep\" style=\"margin-left: auto;margin-right: auto;margin-top:20px;margin-bottom:20px;width:100%;\"><div class=\"fusion-separator-border sep-single sep-solid\" style=\"--awb-height:20px;--awb-amount:20px;border-color:#e0dede;border-top-width:1px;\"><\/div><\/div><div class=\"fusion-sep-clear\"><\/div><div class=\"fusion-text fusion-text-5\" style=\"--awb-text-transform:none;\"><div><strong>Karin Stoop<\/strong><\/div>\n<div><strong>Membre du comit\u00e9 de SAGES<\/strong><\/div>\n<div>PERSPEKTIVE\u00a0Region Solothurn-Grenchen<br \/>\n<a href=\"mailto:karin.stoop@sages.ch\" target=\"_blank\" rel=\"noopener noreferrer\"><strong>karin.stoop@sages.ch<\/strong><\/a><\/div>\n<\/div><div class=\"fusion-clearfix\"><\/div><\/div><\/div><\/div><\/div>\n","protected":false},"excerpt":{"rendered":"","protected":false},"author":1,"featured_media":0,"parent":3063,"menu_order":18,"comment_status":"closed","ping_status":"closed","template":"","meta":{"footnotes":""},"class_list":["post-3092","page","type-page","status-publish","hentry"],"_links":{"self":[{"href":"https:\/\/www.sages.ch\/fr\/wp-json\/wp\/v2\/pages\/3092","targetHints":{"allow":["GET"]}}],"collection":[{"href":"https:\/\/www.sages.ch\/fr\/wp-json\/wp\/v2\/pages"}],"about":[{"href":"https:\/\/www.sages.ch\/fr\/wp-json\/wp\/v2\/types\/page"}],"author":[{"embeddable":true,"href":"https:\/\/www.sages.ch\/fr\/wp-json\/wp\/v2\/users\/1"}],"replies":[{"embeddable":true,"href":"https:\/\/www.sages.ch\/fr\/wp-json\/wp\/v2\/comments?post=3092"}],"version-history":[{"count":12,"href":"https:\/\/www.sages.ch\/fr\/wp-json\/wp\/v2\/pages\/3092\/revisions"}],"predecessor-version":[{"id":8439,"href":"https:\/\/www.sages.ch\/fr\/wp-json\/wp\/v2\/pages\/3092\/revisions\/8439"}],"up":[{"embeddable":true,"href":"https:\/\/www.sages.ch\/fr\/wp-json\/wp\/v2\/pages\/3063"}],"wp:attachment":[{"href":"https:\/\/www.sages.ch\/fr\/wp-json\/wp\/v2\/media?parent=3092"}],"curies":[{"name":"wp","href":"https:\/\/api.w.org\/{rel}","templated":true}]}}