{"id":3109,"date":"2018-09-12T13:05:36","date_gmt":"2018-09-12T11:05:36","guid":{"rendered":"https:\/\/www.sages.ch\/charte\/leitbild-sages\/"},"modified":"2023-07-14T15:02:50","modified_gmt":"2023-07-14T13:02:50","slug":"charte-sages","status":"publish","type":"page","link":"https:\/\/www.sages.ch\/fr\/charte\/charte-sages\/","title":{"rendered":"Charte SAGES"},"content":{"rendered":"<div class=\"fusion-fullwidth fullwidth-box fusion-builder-row-1 nonhundred-percent-fullwidth non-hundred-percent-height-scrolling\" style=\"--awb-border-radius-top-left:0px;--awb-border-radius-top-right:0px;--awb-border-radius-bottom-right:0px;--awb-border-radius-bottom-left:0px;--awb-padding-top:0px;--awb-padding-bottom:20px;--awb-flex-wrap:wrap;\" ><div class=\"fusion-builder-row fusion-row\"><div class=\"fusion-layout-column fusion_builder_column fusion-builder-column-0 fusion_builder_column_1_1 1_1 fusion-one-full fusion-column-first fusion-column-last\" style=\"--awb-padding-bottom:20px;--awb-bg-size:cover;\"><div class=\"fusion-column-wrapper fusion-flex-column-wrapper-legacy\"><div class=\"fusion-sep-clear\"><\/div><div class=\"fusion-separator fusion-full-width-sep\" style=\"margin-left: auto;margin-right: auto;margin-bottom:30px;width:100%;\"><div class=\"fusion-separator-border sep-single sep-solid\" style=\"--awb-height:20px;--awb-amount:20px;--awb-sep-color:#efefef;border-color:#efefef;border-top-width:10px;\"><\/div><\/div><div class=\"fusion-sep-clear\"><\/div><div class=\"fusion-text fusion-text-1\"><h2>Charte SAGES<\/h2>\n<\/div><div class=\"fusion-clearfix\"><\/div><\/div><\/div><div class=\"fusion-layout-column fusion_builder_column fusion-builder-column-1 fusion_builder_column_1_3 1_3 fusion-one-third fusion-column-first\" style=\"--awb-bg-size:cover;width:33.333333333333%;width:calc(33.333333333333% - ( ( 4% + 4% ) * 0.33333333333333 ) );margin-right: 4%;\"><div class=\"fusion-column-wrapper fusion-flex-column-wrapper-legacy\"><div class=\"fusion-text fusion-text-2\" style=\"--awb-text-transform:none;\"><p><b><span lang=\"FR-CH\">\u00c0 propos de nous<\/span><\/b><\/p>\n<p><span lang=\"FR-CH\">En tant que profession, le travail social apporte une contribution importante \u00e0 un syst\u00e8me de sant\u00e9 efficace et orient\u00e9 vers les besoins des individus. L\u2019Association suisse pour le travail social en lien avec la sant\u00e9 milite pour que le travail social soit reconnu comme un pilier important dans le domaine des soins de la population. Elle se positionne comme interlocutrice centrale pour tout ce qui concerne la dimension sociale de la sant\u00e9 et de la maladie.<\/span><\/p>\n<\/div><div class=\"fusion-clearfix\"><\/div><\/div><\/div><div class=\"fusion-layout-column fusion_builder_column fusion-builder-column-2 fusion_builder_column_1_3 1_3 fusion-one-third\" style=\"--awb-bg-size:cover;width:33.333333333333%;width:calc(33.333333333333% - ( ( 4% + 4% ) * 0.33333333333333 ) );margin-right: 4%;\"><div class=\"fusion-column-wrapper fusion-flex-column-wrapper-legacy\"><div class=\"fusion-text fusion-text-3\" style=\"--awb-text-transform:none;\"><p><strong><span lang=\"FR-CH\">Notre action<\/span><\/strong><\/p>\n<p><span lang=\"FR-CH\">L\u2019Association suisse pour le travail social en lien avec la sant\u00e9 regroupe des personnes et des organisations qui accomplissent, en Suisse, un travail social professionnel dans les diff\u00e9rents champs d\u2019activit\u00e9 en lien avec de la sant\u00e9. Elle met \u00e0 disposition une plateforme pour des \u00e9changes entre professionnel-le-s et encourage le d\u00e9veloppement de la profession en tenant compte \u00e0 la fois des connaissances scientifiques, du savoir-faire pratique et du savoir-\u00eatre n\u00e9cessaires. Pour ce faire, elle soutient activement la coop\u00e9ration entre la recherche et la pratique. L\u2019Association suisse pour le travail social en lien avec la sant\u00e9 prend position sur le plan politique afin de veiller \u00e0 ce que le travail social en lien avec la sant\u00e9 occupe une place importante dans l\u2019organisation des soins.<\/span><\/p>\n<\/div><div class=\"fusion-clearfix\"><\/div><\/div><\/div><div class=\"fusion-layout-column fusion_builder_column fusion-builder-column-3 fusion_builder_column_1_3 1_3 fusion-one-third fusion-column-last\" style=\"--awb-bg-size:cover;width:33.333333333333%;width:calc(33.333333333333% - ( ( 4% + 4% ) * 0.33333333333333 ) );\"><div class=\"fusion-column-wrapper fusion-flex-column-wrapper-legacy\"><div class=\"fusion-text fusion-text-4\"><p><strong>Notre engagement<\/strong><\/p>\n<p><span lang=\"FR-CH\">L\u2019Association suisse pour le travail social en lien avec la sant\u00e9 consid\u00e8re la sant\u00e9 comme un bien fondamental, auquel tout individu peut pr\u00e9tendre de mani\u00e8re \u00e9gale, quels que soient sa situation sociale et son statut social. Elle part du principe que la sant\u00e9 et la maladie sont le r\u00e9sultat d\u2019une \u00e9troite interaction entre des facteurs d\u2019ordre biologique, psychologique et social. Les membres de l\u2019Association suisse pour le travail social en lien avec la sant\u00e9 adh\u00e8rent au Code de d\u00e9ontologie d\u2019AvenirSocial, l\u2019Association professionnelle du travail social.<\/span><\/p>\n<\/div><div class=\"fusion-clearfix\"><\/div><\/div><\/div><\/div><\/div>\n","protected":false},"excerpt":{"rendered":"","protected":false},"author":1,"featured_media":0,"parent":3106,"menu_order":21,"comment_status":"closed","ping_status":"closed","template":"","meta":{"footnotes":""},"class_list":["post-3109","page","type-page","status-publish","hentry"],"_links":{"self":[{"href":"https:\/\/www.sages.ch\/fr\/wp-json\/wp\/v2\/pages\/3109","targetHints":{"allow":["GET"]}}],"collection":[{"href":"https:\/\/www.sages.ch\/fr\/wp-json\/wp\/v2\/pages"}],"about":[{"href":"https:\/\/www.sages.ch\/fr\/wp-json\/wp\/v2\/types\/page"}],"author":[{"embeddable":true,"href":"https:\/\/www.sages.ch\/fr\/wp-json\/wp\/v2\/users\/1"}],"replies":[{"embeddable":true,"href":"https:\/\/www.sages.ch\/fr\/wp-json\/wp\/v2\/comments?post=3109"}],"version-history":[{"count":7,"href":"https:\/\/www.sages.ch\/fr\/wp-json\/wp\/v2\/pages\/3109\/revisions"}],"predecessor-version":[{"id":7784,"href":"https:\/\/www.sages.ch\/fr\/wp-json\/wp\/v2\/pages\/3109\/revisions\/7784"}],"up":[{"embeddable":true,"href":"https:\/\/www.sages.ch\/fr\/wp-json\/wp\/v2\/pages\/3106"}],"wp:attachment":[{"href":"https:\/\/www.sages.ch\/fr\/wp-json\/wp\/v2\/media?parent=3109"}],"curies":[{"name":"wp","href":"https:\/\/api.w.org\/{rel}","templated":true}]}}