{"id":3114,"date":"2018-09-12T13:08:37","date_gmt":"2018-09-12T11:08:37","guid":{"rendered":"https:\/\/www.sages.ch\/charte\/leitbild-soziale-arbeit-im-gesundheitswesen\/"},"modified":"2020-02-19T14:13:45","modified_gmt":"2020-02-19T13:13:45","slug":"charte-pour-le-travail-social-dans-le-domaine-de-la-sante","status":"publish","type":"page","link":"https:\/\/www.sages.ch\/fr\/charte\/charte-pour-le-travail-social-dans-le-domaine-de-la-sante\/","title":{"rendered":"Charte pour le travail social dans le domaine de la sant\u00e9"},"content":{"rendered":"<div class=\"fusion-fullwidth fullwidth-box fusion-builder-row-1 nonhundred-percent-fullwidth non-hundred-percent-height-scrolling\" style=\"--awb-border-radius-top-left:0px;--awb-border-radius-top-right:0px;--awb-border-radius-bottom-right:0px;--awb-border-radius-bottom-left:0px;--awb-padding-top:0px;--awb-padding-bottom:0px;--awb-flex-wrap:wrap;\" ><div class=\"fusion-builder-row fusion-row\"><div class=\"fusion-layout-column fusion_builder_column fusion-builder-column-0 fusion_builder_column_1_1 1_1 fusion-one-full fusion-column-first fusion-column-last\" style=\"--awb-padding-bottom:20px;--awb-bg-size:cover;\"><div class=\"fusion-column-wrapper fusion-flex-column-wrapper-legacy\"><div class=\"fusion-sep-clear\"><\/div><div class=\"fusion-separator fusion-full-width-sep\" style=\"margin-left: auto;margin-right: auto;margin-bottom:30px;width:100%;\"><div class=\"fusion-separator-border sep-single sep-solid\" style=\"--awb-height:20px;--awb-amount:20px;--awb-sep-color:#efefef;border-color:#efefef;border-top-width:10px;\"><\/div><\/div><div class=\"fusion-sep-clear\"><\/div><div class=\"fusion-text fusion-text-1\"><h2>Charte pour le travail social dans le domaine de la sant\u00e9 <span lang=\"DE\">(2018)<\/span><\/h2>\n<\/div><div class=\"fusion-clearfix\"><\/div><\/div><\/div><div class=\"fusion-layout-column fusion_builder_column fusion-builder-column-1 fusion_builder_column_1_1 1_1 fusion-one-full fusion-column-first fusion-column-last\" style=\"--awb-bg-size:cover;\"><div class=\"fusion-column-wrapper fusion-flex-column-wrapper-legacy\"><div class=\"fusion-text fusion-text-2\"><p>Les d\u00e9fis du travail social dans le domaine de la sant\u00e9 sont multiples. L\u2019Association suisse pour le travail social dans le domaine de la sant\u00e9, SAGES, et l\u2019Association professionnelle du travail social, AvenirSocial, visent \u00e0 am\u00e9liorer l\u2019implantation et l\u2019ancrage du travail social dans le domaine de la sant\u00e9 avec la publication d\u2019une nouvelle charte.<\/p>\n<p>En tant que sp\u00e9cialistes pour le travail entre l\u2019individu et son environnement social, les professionnel-le-s du travail social dans la sant\u00e9 promeuvent le processus de gu\u00e9rison, la participation sociale et la protection des personnes atteintes dans leur sant\u00e9 ou les individus menac\u00e9s et handicap\u00e9s par la maladie, ainsi que de leurs proches, tout en consid\u00e9rant leur environnement et leur v\u00e9cu. Elles ou ils le font surtout en th\u00e9matisant les aspects sociaux de la sant\u00e9 et en se positionnant comme soutien face aux probl\u00e9matiques sociales. Dans sa fonction, le travail social diff\u00e8re des t\u00e2ches administratives ou d\u2019activit\u00e9s des soins, car il vise principalement \u00e0 soutenir l\u2019ensemble du syst\u00e8me social propre \u00e0 chaque personne (\u00ab\u00a0person-in-environment\u00a0\u00bb) atteinte ou menac\u00e9e dans sa sant\u00e9.<\/p>\n<p><a href=\"https:\/\/www.sages.ch\/wp-content\/uploads\/2020\/02\/RZ_Flyer_A5_Leitbild_FR_v1_mc_190220.pdf\" target=\"_blank\" rel=\"noopener noreferrer\">\u203a Charte pour le travail social dans le domaine de la sant\u00e9<\/a><\/p>\n<\/div><div class=\"fusion-clearfix\"><\/div><\/div><\/div><\/div><\/div>\n","protected":false},"excerpt":{"rendered":"","protected":false},"author":1,"featured_media":0,"parent":3106,"menu_order":22,"comment_status":"closed","ping_status":"closed","template":"","meta":{"footnotes":""},"class_list":["post-3114","page","type-page","status-publish","hentry"],"_links":{"self":[{"href":"https:\/\/www.sages.ch\/fr\/wp-json\/wp\/v2\/pages\/3114","targetHints":{"allow":["GET"]}}],"collection":[{"href":"https:\/\/www.sages.ch\/fr\/wp-json\/wp\/v2\/pages"}],"about":[{"href":"https:\/\/www.sages.ch\/fr\/wp-json\/wp\/v2\/types\/page"}],"author":[{"embeddable":true,"href":"https:\/\/www.sages.ch\/fr\/wp-json\/wp\/v2\/users\/1"}],"replies":[{"embeddable":true,"href":"https:\/\/www.sages.ch\/fr\/wp-json\/wp\/v2\/comments?post=3114"}],"version-history":[{"count":14,"href":"https:\/\/www.sages.ch\/fr\/wp-json\/wp\/v2\/pages\/3114\/revisions"}],"predecessor-version":[{"id":3998,"href":"https:\/\/www.sages.ch\/fr\/wp-json\/wp\/v2\/pages\/3114\/revisions\/3998"}],"up":[{"embeddable":true,"href":"https:\/\/www.sages.ch\/fr\/wp-json\/wp\/v2\/pages\/3106"}],"wp:attachment":[{"href":"https:\/\/www.sages.ch\/fr\/wp-json\/wp\/v2\/media?parent=3114"}],"curies":[{"name":"wp","href":"https:\/\/api.w.org\/{rel}","templated":true}]}}