{"id":3124,"date":"2017-05-25T13:33:44","date_gmt":"2017-05-25T11:33:44","guid":{"rendered":"https:\/\/www.sages.ch\/statuten-und-reglemente\/"},"modified":"2024-01-12T09:54:38","modified_gmt":"2024-01-12T08:54:38","slug":"statuts-et-reglements","status":"publish","type":"page","link":"https:\/\/www.sages.ch\/fr\/statuts-et-reglements\/","title":{"rendered":"Statuts et r\u00e8glements"},"content":{"rendered":"<div class=\"fusion-fullwidth fullwidth-box fusion-builder-row-1 nonhundred-percent-fullwidth non-hundred-percent-height-scrolling\" style=\"--awb-border-radius-top-left:0px;--awb-border-radius-top-right:0px;--awb-border-radius-bottom-right:0px;--awb-border-radius-bottom-left:0px;--awb-padding-top:0px;--awb-padding-bottom:20px;--awb-flex-wrap:wrap;\" ><div class=\"fusion-builder-row fusion-row\"><div class=\"fusion-layout-column fusion_builder_column fusion-builder-column-0 fusion_builder_column_1_1 1_1 fusion-one-full fusion-column-first fusion-column-last\" style=\"--awb-padding-bottom:20px;--awb-bg-size:cover;\"><div class=\"fusion-column-wrapper fusion-flex-column-wrapper-legacy\"><div class=\"fusion-sep-clear\"><\/div><div class=\"fusion-separator fusion-full-width-sep\" style=\"margin-left: auto;margin-right: auto;margin-bottom:30px;width:100%;\"><div class=\"fusion-separator-border sep-single sep-solid\" style=\"--awb-height:20px;--awb-amount:20px;--awb-sep-color:#efefef;border-color:#efefef;border-top-width:10px;\"><\/div><\/div><div class=\"fusion-sep-clear\"><\/div><div class=\"fusion-text fusion-text-1\"><h2>Statuts et r\u00e8glements<\/h2>\n<\/div><div class=\"fusion-clearfix\"><\/div><\/div><\/div><div class=\"fusion-layout-column fusion_builder_column fusion-builder-column-1 fusion_builder_column_2_3 2_3 fusion-two-third fusion-column-first\" style=\"--awb-bg-size:cover;width:66.666666666667%;width:calc(66.666666666667% - ( ( 4% ) * 0.66666666666667 ) );margin-right: 4%;\"><div class=\"fusion-column-wrapper fusion-flex-column-wrapper-legacy\"><div class=\"fusion-text fusion-text-2\" style=\"--awb-text-transform:none;\"><p data-fontsize=\"28\" data-lineheight=\"39\">Vous pouvez t\u00e9l\u00e9charger les statuts et r\u00e8glements de l\u2019Association suisse pour le travail social en lien avec la sant\u00e9 en cliquant sur le lien suivant:<\/p>\n<p data-fontsize=\"28\" data-lineheight=\"39\"><a href=\"https:\/\/www.sages.ch\/wp-content\/uploads\/2024\/01\/statuts-SAGES-10.03.2023_ohne-Unterschrift.pdf\" target=\"_blank\" rel=\"noopener noreferrer\">\u203a\u00a0Statuts<\/a><\/p>\n<p data-fontsize=\"28\" data-lineheight=\"39\"><a href=\"https:\/\/www.sages.ch\/wp-content\/uploads\/2024\/01\/reglement-interne-SAGES-10.03.2023_ohne-Unteschrift.pdf\" target=\"_blank\" rel=\"noopener noreferrer\">\u203a\u00a0R\u00e8glements<\/a><a href=\"https:\/\/www.sages.ch\/wp-content\/uploads\/2017\/05\/sages-Statuten.pdf\" target=\"_blank\" rel=\"noopener noreferrer\"><br \/>\n<\/a><\/p>\n<\/div><div class=\"fusion-clearfix\"><\/div><\/div><\/div><\/div><\/div>\n","protected":false},"excerpt":{"rendered":"","protected":false},"author":1,"featured_media":0,"parent":0,"menu_order":24,"comment_status":"closed","ping_status":"closed","template":"","meta":{"footnotes":""},"class_list":["post-3124","page","type-page","status-publish","hentry"],"_links":{"self":[{"href":"https:\/\/www.sages.ch\/fr\/wp-json\/wp\/v2\/pages\/3124","targetHints":{"allow":["GET"]}}],"collection":[{"href":"https:\/\/www.sages.ch\/fr\/wp-json\/wp\/v2\/pages"}],"about":[{"href":"https:\/\/www.sages.ch\/fr\/wp-json\/wp\/v2\/types\/page"}],"author":[{"embeddable":true,"href":"https:\/\/www.sages.ch\/fr\/wp-json\/wp\/v2\/users\/1"}],"replies":[{"embeddable":true,"href":"https:\/\/www.sages.ch\/fr\/wp-json\/wp\/v2\/comments?post=3124"}],"version-history":[{"count":24,"href":"https:\/\/www.sages.ch\/fr\/wp-json\/wp\/v2\/pages\/3124\/revisions"}],"predecessor-version":[{"id":8469,"href":"https:\/\/www.sages.ch\/fr\/wp-json\/wp\/v2\/pages\/3124\/revisions\/8469"}],"wp:attachment":[{"href":"https:\/\/www.sages.ch\/fr\/wp-json\/wp\/v2\/media?parent=3124"}],"curies":[{"name":"wp","href":"https:\/\/api.w.org\/{rel}","templated":true}]}}