{"id":3154,"date":"2018-09-24T15:52:01","date_gmt":"2018-09-24T13:52:01","guid":{"rendered":"https:\/\/www.sages.ch\/peter-sommerfeld\/"},"modified":"2024-01-12T16:50:12","modified_gmt":"2024-01-12T15:50:12","slug":"peter-sommerfeld","status":"publish","type":"page","link":"https:\/\/www.sages.ch\/fr\/peter-sommerfeld\/","title":{"rendered":"Peter Sommerfeld"},"content":{"rendered":"<div class=\"fusion-fullwidth fullwidth-box fusion-builder-row-1 nonhundred-percent-fullwidth non-hundred-percent-height-scrolling\" style=\"--awb-border-radius-top-left:0px;--awb-border-radius-top-right:0px;--awb-border-radius-bottom-right:0px;--awb-border-radius-bottom-left:0px;--awb-padding-top:0px;--awb-padding-bottom:20px;--awb-flex-wrap:wrap;\" ><div class=\"fusion-builder-row fusion-row\"><div class=\"fusion-layout-column fusion_builder_column fusion-builder-column-0 fusion_builder_column_1_1 1_1 fusion-one-full fusion-column-first fusion-column-last\" style=\"--awb-padding-bottom:20px;--awb-bg-size:cover;\"><div class=\"fusion-column-wrapper fusion-flex-column-wrapper-legacy\"><div class=\"fusion-sep-clear\"><\/div><div class=\"fusion-separator fusion-full-width-sep\" style=\"margin-left: auto;margin-right: auto;margin-bottom:30px;width:100%;\"><div class=\"fusion-separator-border sep-single sep-solid\" style=\"--awb-height:20px;--awb-amount:20px;--awb-sep-color:#efefef;border-color:#efefef;border-top-width:10px;\"><\/div><\/div><div class=\"fusion-sep-clear\"><\/div><div class=\"fusion-text fusion-text-1\"><h2>Peter Sommerfeld<\/h2>\n<\/div><div class=\"fusion-text fusion-text-2\"><p>Actuellement seulement en allemand<\/p>\n<\/div><div class=\"fusion-clearfix\"><\/div><\/div><\/div><div class=\"fusion-layout-column fusion_builder_column fusion-builder-column-1 fusion_builder_column_2_3 2_3 fusion-two-third fusion-column-first\" style=\"--awb-bg-size:cover;width:66.666666666667%;width:calc(66.666666666667% - ( ( 4% ) * 0.66666666666667 ) );margin-right: 4%;\"><div class=\"fusion-column-wrapper fusion-flex-column-wrapper-legacy\"><div class=\"fusion-text fusion-text-3\"><p>Geboren 1958, wohnhaft in Wabern bei Bern<\/p>\n<p><strong>Ausbildungen<\/strong><\/p>\n<ul>\n<li>1988-1992: Promotion im Fach Sozialp\u00e4dagogik, Institut f\u00fcr Erziehungswissenschaften Universit\u00e4t T\u00fcbingen, bei Hans Thiersch und Ludwig Liegle, Dr. rer. soc.<\/li>\n<li>1981-1987: Studium der Soziologie, Psychologie und Erziehungswissenschaften an der Universit\u00e4t T\u00fcbingen, Auslandsaufenthalt Universit\u00e9 de Grenoble, M.A. in Soziologie<\/li>\n<\/ul>\n<p><strong>Beruflicher Werdegang und T\u00e4tigkeiten<\/strong><\/p>\n<ul>\n<li>Seit 2011: Professor f\u00fcr Soziale Arbeit, Institut Soziale Arbeit und Gesundheit, Fachhochschule Nordwestschweiz FHNW, Hochschule f\u00fcr Soziale Arbeit, Olten\/Schweiz<\/li>\n<li>2012-2018: Mitgr\u00fcnder und Vorstandsmitglied der European Social Work Research Association (ESWRA)<\/li>\n<li>2006-2015: Mitgr\u00fcnder und Co-Pr\u00e4sident der Schweizerischen Gesellschaft f\u00fcr Soziale Arbeit (SGSA)<\/li>\n<li>2006-2010: Leiter Institut Professionsforschung und kooperative Wissensbildung, Fachhochschule Nordwestschweiz FHNW, Hochschule f\u00fcr Soziale Arbeit, Olten\/Schweiz<\/li>\n<li>1998-2005: Leiter Forschung und Entwicklung F&amp;E, Bereich Soziales, Fachhochschule Solothurn\/Schweiz<\/li>\n<li>1997-1998: Profile &#8211; Sozialforschung und Entwicklung, Hannover\/ Deutschland<\/li>\n<li>1993: 1997: Ober-Assistent am Lehrstuhl f\u00fcr Sozialarbeit, Universit\u00e4t Fribourg\/Schweiz<\/li>\n<li>1992-1993: Assistent am Lehrstuhl f\u00fcr Sozialarbeit, Universit\u00e4t Fribourg\/Schweiz<\/li>\n<li>1987-1991: Sprachlehrer Deutsch als Fremdsprache und Sozialberatung Sprachinstitut T\u00fcbingen<\/li>\n<li>1978-1981: Zivildienst und anschliessende Weiterarbeit als Rettungssanit\u00e4ter Deutsches Rotes Kreuz, Ulm\/Blaubeuren<\/li>\n<\/ul>\n<p><strong>Aktuelle Arbeitsfelder<\/strong><\/p>\n<ul>\n<li>Professionalisierung der Sozialen Arbeit, Professionstheorie<\/li>\n<li>Wissenschaft und Wissenschaftsentwicklung Soziale Arbeit<\/li>\n<li>Theorien der Sozialen Arbeit, insbesondere Systemtheorien<\/li>\n<li>Theorie-Praxis-Schnittstelle, Evidence-based Social Work, forschungsbasierte Praxisentwicklung<\/li>\n<li>Soziale Arbeit in der Psychiatrie\/ im Gesundheitswesen<\/li>\n<\/ul>\n<p><strong>\u00dcber die Soziale Arbeit im Gesundheitswesen<\/strong><\/p>\n<p>\u00abDie grundlegende Frage ist und bleibt, wie sich die gesundheitsbezogene Soziale Arbeit als Profession etablieren kann und anhand welcher Aufgaben sie ihre Zust\u00e4ndigkeit benennen und eventuell durchsetzen kann. Das bio-psycho-soziale Modell dient dabei als eine wichtige Referenz, die theoretisch mittlerweile gut ausgebaut werden konnte, nicht zuletzt auch auf der Basis eigener Forschungsarbeiten.\u00bb<\/p>\n<h4><\/h4>\n<\/div><div class=\"fusion-clearfix\"><\/div><\/div><\/div><div class=\"fusion-layout-column fusion_builder_column fusion-builder-column-2 fusion_builder_column_1_3 1_3 fusion-one-third fusion-column-last\" style=\"--awb-bg-size:cover;width:33.333333333333%;width:calc(33.333333333333% - ( ( 4% ) * 0.33333333333333 ) );\"><div class=\"fusion-column-wrapper fusion-flex-column-wrapper-legacy\"><div class=\"fusion-clearfix\"><\/div><\/div><\/div><\/div><\/div>\n","protected":false},"excerpt":{"rendered":"","protected":false},"author":1,"featured_media":0,"parent":0,"menu_order":33,"comment_status":"closed","ping_status":"closed","template":"","meta":{"footnotes":""},"class_list":["post-3154","page","type-page","status-publish","hentry"],"_links":{"self":[{"href":"https:\/\/www.sages.ch\/fr\/wp-json\/wp\/v2\/pages\/3154","targetHints":{"allow":["GET"]}}],"collection":[{"href":"https:\/\/www.sages.ch\/fr\/wp-json\/wp\/v2\/pages"}],"about":[{"href":"https:\/\/www.sages.ch\/fr\/wp-json\/wp\/v2\/types\/page"}],"author":[{"embeddable":true,"href":"https:\/\/www.sages.ch\/fr\/wp-json\/wp\/v2\/users\/1"}],"replies":[{"embeddable":true,"href":"https:\/\/www.sages.ch\/fr\/wp-json\/wp\/v2\/comments?post=3154"}],"version-history":[{"count":5,"href":"https:\/\/www.sages.ch\/fr\/wp-json\/wp\/v2\/pages\/3154\/revisions"}],"predecessor-version":[{"id":8481,"href":"https:\/\/www.sages.ch\/fr\/wp-json\/wp\/v2\/pages\/3154\/revisions\/8481"}],"wp:attachment":[{"href":"https:\/\/www.sages.ch\/fr\/wp-json\/wp\/v2\/media?parent=3154"}],"curies":[{"name":"wp","href":"https:\/\/api.w.org\/{rel}","templated":true}]}}