{"id":3165,"date":"2017-05-25T12:10:05","date_gmt":"2017-05-25T10:10:05","guid":{"rendered":"https:\/\/www.sages.ch\/anmeldeformular\/"},"modified":"2025-08-22T16:00:52","modified_gmt":"2025-08-22T14:00:52","slug":"formulaire-dinscription","status":"publish","type":"page","link":"https:\/\/www.sages.ch\/fr\/formulaire-dinscription\/","title":{"rendered":"Formulaire d\u2019inscription"},"content":{"rendered":"<div class=\"fusion-fullwidth fullwidth-box fusion-builder-row-1 nonhundred-percent-fullwidth non-hundred-percent-height-scrolling\" style=\"--awb-border-radius-top-left:0px;--awb-border-radius-top-right:0px;--awb-border-radius-bottom-right:0px;--awb-border-radius-bottom-left:0px;--awb-padding-top:0px;--awb-padding-bottom:20px;--awb-flex-wrap:wrap;\" ><div class=\"fusion-builder-row fusion-row\"><div class=\"fusion-layout-column fusion_builder_column fusion-builder-column-0 fusion_builder_column_1_1 1_1 fusion-one-full fusion-column-first fusion-column-last\" style=\"--awb-padding-bottom:20px;--awb-bg-size:cover;\"><div class=\"fusion-column-wrapper fusion-flex-column-wrapper-legacy\"><div class=\"fusion-sep-clear\"><\/div><div class=\"fusion-separator fusion-full-width-sep\" style=\"margin-left: auto;margin-right: auto;margin-bottom:30px;width:100%;\"><div class=\"fusion-separator-border sep-single sep-solid\" style=\"--awb-height:20px;--awb-amount:20px;--awb-sep-color:#efefef;border-color:#efefef;border-top-width:10px;\"><\/div><\/div><div class=\"fusion-sep-clear\"><\/div><div class=\"fusion-text fusion-text-1\"><h2><span lang=\"FR-CH\">Formulaire d\u2019inscription<\/span><\/h2>\n<\/div><div class=\"fusion-clearfix\"><\/div><\/div><\/div><div class=\"fusion-layout-column fusion_builder_column fusion-builder-column-1 fusion_builder_column_2_3 2_3 fusion-two-third fusion-column-first\" style=\"--awb-padding-bottom:20px;--awb-bg-size:cover;width:66.666666666667%;width:calc(66.666666666667% - ( ( 4% ) * 0.66666666666667 ) );margin-right: 4%;\"><div class=\"fusion-column-wrapper fusion-flex-column-wrapper-legacy\"><div class=\"fusion-text fusion-text-2\">\n<div class=\"wpcf7 no-js\" id=\"wpcf7-f3190-o1\" lang=\"fr-FR\" dir=\"ltr\" data-wpcf7-id=\"3190\">\n<div class=\"screen-reader-response\"><p role=\"status\" aria-live=\"polite\" aria-atomic=\"true\"><\/p> <ul><\/ul><\/div>\n<form action=\"\/fr\/wp-json\/wp\/v2\/pages\/3165#wpcf7-f3190-o1\" method=\"post\" class=\"wpcf7-form init\" aria-label=\"Formulaire de contact\" novalidate=\"novalidate\" data-status=\"init\">\n<fieldset class=\"hidden-fields-container\"><input type=\"hidden\" name=\"_wpcf7\" value=\"3190\" \/><input type=\"hidden\" name=\"_wpcf7_version\" value=\"6.1.5\" \/><input type=\"hidden\" name=\"_wpcf7_locale\" value=\"fr_FR\" \/><input type=\"hidden\" name=\"_wpcf7_unit_tag\" value=\"wpcf7-f3190-o1\" \/><input type=\"hidden\" name=\"_wpcf7_container_post\" value=\"0\" \/><input type=\"hidden\" name=\"_wpcf7_posted_data_hash\" value=\"\" \/><input type=\"hidden\" name=\"_wpcf7cf_hidden_group_fields\" value=\"[]\" \/><input type=\"hidden\" name=\"_wpcf7cf_hidden_groups\" value=\"[]\" \/><input type=\"hidden\" name=\"_wpcf7cf_visible_groups\" value=\"[]\" \/><input type=\"hidden\" name=\"_wpcf7cf_repeaters\" value=\"[]\" \/><input type=\"hidden\" name=\"_wpcf7cf_steps\" value=\"{}\" \/><input type=\"hidden\" name=\"_wpcf7cf_options\" value=\"{&quot;form_id&quot;:3190,&quot;conditions&quot;:[{&quot;then_field&quot;:&quot;Kollektivmitglieder&quot;,&quot;and_rules&quot;:[{&quot;if_field&quot;:&quot;mitgliederkategorie&quot;,&quot;operator&quot;:&quot;equals&quot;,&quot;if_value&quot;:&quot;Notre organisation\\\/\\u00e9tablissement souhaite adh\\u00e9rer en tant que membre collectif \\u00b2&quot;}]},{&quot;then_field&quot;:&quot;Einzelmitglieder&quot;,&quot;and_rules&quot;:[{&quot;if_field&quot;:&quot;mitgliederkategorie&quot;,&quot;operator&quot;:&quot;equals&quot;,&quot;if_value&quot;:&quot;Je souhaite adh\\u00e9rer en tant que membre individuel \\u00b9&quot;}]}],&quot;settings&quot;:{&quot;animation&quot;:&quot;yes&quot;,&quot;animation_intime&quot;:200,&quot;animation_outtime&quot;:200,&quot;conditions_ui&quot;:&quot;normal&quot;,&quot;notice_dismissed&quot;:false,&quot;notice_dismissed_rollback-cf7-5.5.6&quot;:true,&quot;notice_dismissed_update-cf7-5.8&quot;:true}}\" \/><input type=\"hidden\" name=\"_wpcf7_recaptcha_response\" value=\"\" \/>\n<\/fieldset>\n<p><b>Cat\u00e9gorie de membre<\/b>\n<\/p>\n<p><span class=\"wpcf7-form-control-wrap\" data-name=\"mitgliederkategorie\"><select class=\"wpcf7-form-control wpcf7-select wpcf7-validates-as-required\" aria-required=\"true\" aria-invalid=\"false\" name=\"mitgliederkategorie\"><option value=\"\">&#8212;Veuillez choisir une option&#8212;<\/option><option value=\"Je souhaite adh\u00e9rer en tant que membre individuel \u00b9\">Je souhaite adh\u00e9rer en tant que membre individuel \u00b9<\/option><option value=\"Notre organisation\/\u00e9tablissement souhaite adh\u00e9rer en tant que membre collectif \u00b2\">Notre organisation\/\u00e9tablissement souhaite adh\u00e9rer en tant que membre collectif \u00b2<\/option><\/select><\/span>\n<\/p>\n<p><b>Coordonn\u00e9es<\/b>\n<\/p>\n<p><span class=\"wpcf7-form-control-wrap\" data-name=\"vorname\"><input size=\"40\" maxlength=\"400\" class=\"wpcf7-form-control wpcf7-text wpcf7-validates-as-required\" aria-required=\"true\" aria-invalid=\"false\" placeholder=\"Pr\u00e9nom*\" value=\"\" type=\"text\" name=\"vorname\" \/><\/span>\n<\/p>\n<p><span class=\"wpcf7-form-control-wrap\" data-name=\"nachname\"><input size=\"40\" maxlength=\"400\" class=\"wpcf7-form-control wpcf7-text wpcf7-validates-as-required\" aria-required=\"true\" aria-invalid=\"false\" placeholder=\"Nom*\" value=\"\" type=\"text\" name=\"nachname\" \/><\/span>\n<\/p>\n<p><span class=\"wpcf7-form-control-wrap\" data-name=\"organisation\"><input size=\"40\" maxlength=\"400\" class=\"wpcf7-form-control wpcf7-text wpcf7-validates-as-required\" aria-required=\"true\" aria-invalid=\"false\" placeholder=\"Organisation\/\u00e9tablissement*\" value=\"\" type=\"text\" name=\"organisation\" \/><\/span>\n<\/p>\n<p><span class=\"wpcf7-form-control-wrap\" data-name=\"abteilung\"><input size=\"40\" maxlength=\"400\" class=\"wpcf7-form-control wpcf7-text\" aria-invalid=\"false\" placeholder=\"Service\" value=\"\" type=\"text\" name=\"abteilung\" \/><\/span>\n<\/p>\n<p><span class=\"wpcf7-form-control-wrap\" data-name=\"funktion\"><input size=\"40\" maxlength=\"400\" class=\"wpcf7-form-control wpcf7-text wpcf7-validates-as-required\" aria-required=\"true\" aria-invalid=\"false\" placeholder=\"Fonction*\" value=\"\" type=\"text\" name=\"funktion\" \/><\/span>\n<\/p>\n<p><span class=\"wpcf7-form-control-wrap\" data-name=\"adresse\"><input size=\"40\" maxlength=\"400\" class=\"wpcf7-form-control wpcf7-text wpcf7-validates-as-required\" aria-required=\"true\" aria-invalid=\"false\" placeholder=\"Adresse*\" value=\"\" type=\"text\" name=\"adresse\" \/><\/span>\n<\/p>\n<p><span class=\"wpcf7-form-control-wrap\" data-name=\"ort\"><input size=\"40\" maxlength=\"400\" class=\"wpcf7-form-control wpcf7-text wpcf7-validates-as-required\" aria-required=\"true\" aria-invalid=\"false\" placeholder=\"NPA\/Lieu*\" value=\"\" type=\"text\" name=\"ort\" \/><\/span>\n<\/p>\n<p><span class=\"wpcf7-form-control-wrap\" data-name=\"telefon\"><input size=\"40\" maxlength=\"400\" class=\"wpcf7-form-control wpcf7-tel wpcf7-validates-as-required wpcf7-text wpcf7-validates-as-tel\" aria-required=\"true\" aria-invalid=\"false\" placeholder=\"T\u00e9l\u00e9phone*\" value=\"\" type=\"tel\" name=\"telefon\" \/><\/span>\n<\/p>\n<p><span class=\"wpcf7-form-control-wrap\" data-name=\"mobile\"><input size=\"40\" maxlength=\"400\" class=\"wpcf7-form-control wpcf7-tel wpcf7-text wpcf7-validates-as-tel\" aria-invalid=\"false\" placeholder=\"Mobile\" value=\"\" type=\"tel\" name=\"mobile\" \/><\/span>\n<\/p>\n<p><span class=\"wpcf7-form-control-wrap\" data-name=\"your-email\"><input size=\"40\" maxlength=\"400\" class=\"wpcf7-form-control wpcf7-email wpcf7-validates-as-required wpcf7-text wpcf7-validates-as-email\" aria-required=\"true\" aria-invalid=\"false\" placeholder=\"E-mail*\" value=\"\" type=\"email\" name=\"your-email\" \/><\/span>\n<\/p>\n<p><span class=\"wpcf7-form-control-wrap\" data-name=\"your-email-confirm\"><input size=\"40\" maxlength=\"400\" class=\"wpcf7-form-control wpcf7-email wpcf7-validates-as-required wpcf7-text wpcf7-validates-as-email\" aria-required=\"true\" aria-invalid=\"false\" placeholder=\"E-mail confirmation*\" value=\"\" type=\"email\" name=\"your-email-confirm\" \/><\/span>\n<\/p>\n<p><span class=\"wpcf7-form-control-wrap\" data-name=\"website\"><input size=\"40\" maxlength=\"400\" class=\"wpcf7-form-control wpcf7-url wpcf7-text wpcf7-validates-as-url\" aria-invalid=\"false\" placeholder=\"Site Web\" value=\"\" type=\"url\" name=\"website\" \/><\/span>\n<\/p>\n<p><span id=\"wpcf7-69e346a929125-wrapper\" class=\"wpcf7-form-control-wrap adresse-831-wrap\" style=\"display:none !important; visibility:hidden !important;\"><label for=\"wpcf7-69e346a929125-field\" class=\"hp-message\">Veuillez laisser ce champ vide.<\/label><input id=\"wpcf7-69e346a929125-field\"  class=\"wpcf7-form-control wpcf7-text\" type=\"text\" name=\"adresse-831\" value=\"\" size=\"40\" tabindex=\"-1\" autocomplete=\"new-password\" \/><\/span>\n<\/p>\n<div data-id=\"Einzelmitglieder\" data-orig_data_id=\"Einzelmitglieder\"  class=\"\" data-class=\"wpcf7cf_group\">\n\t<p><b>Profession<\/b>\n\t<\/p>\n\t<p><span class=\"wpcf7-form-control-wrap\" data-name=\"berufsstatus\"><select class=\"wpcf7-form-control wpcf7-select wpcf7-validates-as-required\" aria-required=\"true\" aria-invalid=\"false\" name=\"berufsstatus\"><option value=\"\">&#8212;Veuillez choisir une option&#8212;<\/option><option value=\"En activit\u00e9\">En activit\u00e9<\/option><option value=\"\u00c9tudiant-e\">\u00c9tudiant-e<\/option><\/select><\/span>\n\t<\/p>\n\t<p><span class=\"wpcf7-form-control-wrap\" data-name=\"ausbildung\"><input size=\"40\" maxlength=\"400\" class=\"wpcf7-form-control wpcf7-text wpcf7-validates-as-required\" aria-required=\"true\" aria-invalid=\"false\" placeholder=\"Formation\/cursus*\" value=\"\" type=\"text\" name=\"ausbildung\" \/><\/span>\n\t<\/p>\n\t<p><span class=\"wpcf7-form-control-wrap\" data-name=\"ausbildungsort\"><input size=\"40\" maxlength=\"400\" class=\"wpcf7-form-control wpcf7-text\" aria-invalid=\"false\" placeholder=\"Site de formation\" value=\"\" type=\"text\" name=\"ausbildungsort\" \/><\/span>\n\t<\/p>\n\t<p><span class=\"wpcf7-form-control-wrap\" data-name=\"titel\"><input size=\"40\" maxlength=\"400\" class=\"wpcf7-form-control wpcf7-text wpcf7-validates-as-required\" aria-required=\"true\" aria-invalid=\"false\" placeholder=\"Intitul\u00e9 du dipl\u00f4me*\" value=\"\" type=\"text\" name=\"titel\" \/><\/span>\n\t<\/p>\n\t<p><b>Champ d\u2019activit\u00e9 principal<\/b>\n\t<\/p>\n\t<p><span class=\"wpcf7-form-control-wrap\" data-name=\"arbeitsfeld\"><select class=\"wpcf7-form-control wpcf7-select wpcf7-validates-as-required\" aria-required=\"true\" aria-invalid=\"false\" name=\"arbeitsfeld\"><option value=\"\">&#8212;Veuillez choisir une option&#8212;<\/option><option value=\"Formation et recherche\">Formation et recherche<\/option><option value=\"Travail social au sein des ligues de la sant\u00e9\">Travail social au sein des ligues de la sant\u00e9<\/option><option value=\"Soins int\u00e9gr\u00e9s\">Soins int\u00e9gr\u00e9s<\/option><option value=\"Travail social en psychiatrie\">Travail social en psychiatrie<\/option><option value=\"Travail social en r\u00e9adaptation\">Travail social en r\u00e9adaptation<\/option><option value=\"Travail social en cabinet m\u00e9dical\">Travail social en cabinet m\u00e9dical<\/option><option value=\"Travail social \u00e0 l\u2019h\u00f4pital\">Travail social \u00e0 l\u2019h\u00f4pital<\/option><option value=\"Travail social dans le domaine des d\u00e9pendances\">Travail social dans le domaine des d\u00e9pendances<\/option><option value=\"Autres\">Autres<\/option><\/select><\/span>\n\t<\/p>\n\t<p><b>Remarques<\/b>\n\t<\/p>\n\t<p><span class=\"wpcf7-form-control-wrap\" data-name=\"Bemerkungen\"><textarea cols=\"40\" rows=\"10\" maxlength=\"2000\" class=\"wpcf7-form-control wpcf7-textarea\" aria-invalid=\"false\" placeholder=\"\" name=\"Bemerkungen\"><\/textarea><\/span>\n\t<\/p>\n<\/div>\n<div data-id=\"Kollektivmitglieder\" data-orig_data_id=\"Kollektivmitglieder\"  class=\"\" data-class=\"wpcf7cf_group\">\n\t<p><b>Champ d\u2019activit\u00e9 principal<\/b>\n\t<\/p>\n\t<p><span class=\"wpcf7-form-control-wrap\" data-name=\"arbeitsfeld\"><select class=\"wpcf7-form-control wpcf7-select wpcf7-validates-as-required\" aria-required=\"true\" aria-invalid=\"false\" name=\"arbeitsfeld\"><option value=\"\">&#8212;Veuillez choisir une option&#8212;<\/option><option value=\"Formation et recherche\">Formation et recherche<\/option><option value=\"Travail social au sein des ligues de la sant\u00e9\">Travail social au sein des ligues de la sant\u00e9<\/option><option value=\"Soins int\u00e9gr\u00e9s\">Soins int\u00e9gr\u00e9s<\/option><option value=\"Travail social en psychiatrie\">Travail social en psychiatrie<\/option><option value=\"Travail social en r\u00e9adaptation\">Travail social en r\u00e9adaptation<\/option><option value=\"Travail social en cabinet m\u00e9dical\">Travail social en cabinet m\u00e9dical<\/option><option value=\"Travail social \u00e0 l\u2019h\u00f4pital\">Travail social \u00e0 l\u2019h\u00f4pital<\/option><option value=\"Travail social dans le domaine des d\u00e9pendances\">Travail social dans le domaine des d\u00e9pendances<\/option><option value=\"Autres\">Autres<\/option><\/select><\/span>\n\t<\/p>\n\t<p><b>Postes de travail social<\/b>\n\t<\/p>\n\t<p><span class=\"wpcf7-form-control-wrap\" data-name=\"sozialarbeitende\"><input size=\"40\" maxlength=\"400\" class=\"wpcf7-form-control wpcf7-text wpcf7-validates-as-required\" aria-required=\"true\" aria-invalid=\"false\" placeholder=\"Nombre de travailleuses et travailleurs sociaux\" value=\"\" type=\"text\" name=\"sozialarbeitende\" \/><\/span>\n\t<\/p>\n\t<p><span class=\"wpcf7-form-control-wrap\" data-name=\"vollzeitaequivalenten\"><input size=\"40\" maxlength=\"400\" class=\"wpcf7-form-control wpcf7-text wpcf7-validates-as-required\" aria-required=\"true\" aria-invalid=\"false\" placeholder=\"Nombre d\u2019\u00e9quivalents temps plein (EPT) des postes de travail social (p. ex. 1,5)\" value=\"\" type=\"text\" name=\"vollzeitaequivalenten\" \/><\/span>\n\t<\/p>\n\t<p><b>Remarques<\/b>\n\t<\/p>\n\t<p><span class=\"wpcf7-form-control-wrap\" data-name=\"Bemerkungen\"><textarea cols=\"40\" rows=\"10\" maxlength=\"2000\" class=\"wpcf7-form-control wpcf7-textarea\" aria-invalid=\"false\" placeholder=\"\" name=\"Bemerkungen\"><\/textarea><\/span>\n\t<\/p>\n<\/div>\n<p><span class=\"wpcf7-form-control-wrap\" data-name=\"checkbox-842\"><span class=\"wpcf7-form-control wpcf7-checkbox wpcf7-validates-as-required\"><span class=\"wpcf7-list-item first last\"><label><input type=\"checkbox\" name=\"checkbox-842[]\" value=\"En m&#039;inscrivant, j&#039;accepte que mes coordonn\u00e9es soient visibles \u00e0 des fins de r\u00e9seautage interne. Ces donn\u00e9es figurent dans la partie du site web r\u00e9serv\u00e9e aux membres qui est prot\u00e9g\u00e9e par un mot de passe (liste des membres).\" \/><span class=\"wpcf7-list-item-label\">En m&#039;inscrivant, j&#039;accepte que mes coordonn\u00e9es soient visibles \u00e0 des fins de r\u00e9seautage interne. Ces donn\u00e9es figurent dans la partie du site web r\u00e9serv\u00e9e aux membres qui est prot\u00e9g\u00e9e par un mot de passe (liste des membres).<\/span><\/label><\/span><\/span><\/span>\n<\/p>\n<div style=\"margin-top: 35px;\">\n\t<p><input class=\"wpcf7-form-control wpcf7-submit has-spinner\" type=\"submit\" value=\"S\u2019inscrire\" \/>\n\t<\/p>\n<\/div><div class=\"fusion-alert alert custom alert-custom fusion-alert-center wpcf7-response-output fusion-alert-capitalize awb-alert-native-link-color alert-dismissable awb-alert-close-boxed\" style=\"--awb-border-top-left-radius:0px;--awb-border-top-right-radius:0px;--awb-border-bottom-left-radius:0px;--awb-border-bottom-right-radius:0px;\" role=\"alert\"><div class=\"fusion-alert-content-wrapper\"><span class=\"fusion-alert-content\"><\/span><\/div><button type=\"button\" class=\"close toggle-alert\" data-dismiss=\"alert\" aria-label=\"Close\">&times;<\/button><\/div>\n<\/form>\n<\/div>\n\n<\/div><div class=\"fusion-clearfix\"><\/div><\/div><\/div><div class=\"fusion-layout-column fusion_builder_column fusion-builder-column-2 fusion_builder_column_1_3 1_3 fusion-one-third fusion-column-last\" style=\"--awb-bg-size:cover;width:33.333333333333%;width:calc(33.333333333333% - ( ( 4% ) * 0.33333333333333 ) );\"><div class=\"fusion-column-wrapper fusion-flex-column-wrapper-legacy\"><div class=\"fusion-text fusion-text-3\"><h5><span lang=\"FR-CH\">*Champs obligatoires<\/span><\/h5>\n<h5><sup><span lang=\"FR-CH\">1<\/span><\/sup><span lang=\"FR-CH\"> Les membres individuels sont des personnes physiques actives dans le travail social en lien avec la sant\u00e9 ou int\u00e9ress\u00e9es par ce domaine. Ils disposent en principe d\u2019une formation professionnelle reconnue (\u00e9cole sup\u00e9rieure, haute \u00e9cole sp\u00e9cialis\u00e9e, universit\u00e9) dans le travail social.<\/span><\/h5>\n<h5><sup><span lang=\"FR-CH\">2<\/span><\/sup><span lang=\"FR-CH\"> Les personnes morales, en particulier les services sociaux et les centres de consultation sociale d&rsquo;organisations qui proposent des conseils et des interventions en lien avec la sant\u00e9, ainsi que les instituts en lien avec la sant\u00e9 d&rsquo;\u00e9tablissements de formation en travail social, peuvent adh\u00e9rer en tant que membres collectifs. Les membres collectifs ne peuvent \u00eatre repr\u00e9sent\u00e9s que par des personnes titulaires d\u2019une formation professionnelle reconnue dans le travail social (\u00e9cole sup\u00e9rieure, haute \u00e9cole sp\u00e9cialis\u00e9e, universit\u00e9).<\/span><\/h5>\n<h5><span lang=\"FR-CH\">Lors de l\u2019inscription d\u2019une personne morale, nous demandons le pr\u00e9nom et le nom de la personne de contact, sa fonction, son adresse, son num\u00e9ro de t\u00e9l\u00e9phone direct et son adresse e-mail.\u00a0 \u00a0\u00a0<\/span><\/h5>\n<h5><a href=\"https:\/\/www.sages.ch\/fr\/affiliation\/\" target=\"_blank\" rel=\"noopener\">\u203a Avantages et cotisations de membres<\/a><\/h5>\n<\/div><div class=\"fusion-clearfix\"><\/div><\/div><\/div><\/div><\/div>\n","protected":false},"excerpt":{"rendered":"","protected":false},"author":1,"featured_media":0,"parent":0,"menu_order":35,"comment_status":"closed","ping_status":"closed","template":"","meta":{"footnotes":""},"class_list":["post-3165","page","type-page","status-publish","hentry"],"_links":{"self":[{"href":"https:\/\/www.sages.ch\/fr\/wp-json\/wp\/v2\/pages\/3165","targetHints":{"allow":["GET"]}}],"collection":[{"href":"https:\/\/www.sages.ch\/fr\/wp-json\/wp\/v2\/pages"}],"about":[{"href":"https:\/\/www.sages.ch\/fr\/wp-json\/wp\/v2\/types\/page"}],"author":[{"embeddable":true,"href":"https:\/\/www.sages.ch\/fr\/wp-json\/wp\/v2\/users\/1"}],"replies":[{"embeddable":true,"href":"https:\/\/www.sages.ch\/fr\/wp-json\/wp\/v2\/comments?post=3165"}],"version-history":[{"count":14,"href":"https:\/\/www.sages.ch\/fr\/wp-json\/wp\/v2\/pages\/3165\/revisions"}],"predecessor-version":[{"id":10680,"href":"https:\/\/www.sages.ch\/fr\/wp-json\/wp\/v2\/pages\/3165\/revisions\/10680"}],"wp:attachment":[{"href":"https:\/\/www.sages.ch\/fr\/wp-json\/wp\/v2\/media?parent=3165"}],"curies":[{"name":"wp","href":"https:\/\/api.w.org\/{rel}","templated":true}]}}