{"id":3173,"date":"2019-08-30T15:59:08","date_gmt":"2019-08-30T13:59:08","guid":{"rendered":"https:\/\/www.sages.ch\/fachzeitschriften\/"},"modified":"2023-07-14T15:48:57","modified_gmt":"2023-07-14T13:48:57","slug":"journaux-specialises","status":"publish","type":"page","link":"https:\/\/www.sages.ch\/fr\/journaux-specialises\/","title":{"rendered":"Journaux sp\u00e9cialis\u00e9s"},"content":{"rendered":"<p><div class=\"fusion-fullwidth fullwidth-box fusion-builder-row-1 nonhundred-percent-fullwidth non-hundred-percent-height-scrolling\" style=\"--awb-border-radius-top-left:0px;--awb-border-radius-top-right:0px;--awb-border-radius-bottom-right:0px;--awb-border-radius-bottom-left:0px;--awb-padding-top:0px;--awb-flex-wrap:wrap;\" ><div class=\"fusion-builder-row fusion-row\"><div class=\"fusion-layout-column fusion_builder_column fusion-builder-column-0 fusion_builder_column_1_1 1_1 fusion-one-full fusion-column-first fusion-column-last\" style=\"--awb-padding-bottom:20px;--awb-bg-size:cover;\"><div class=\"fusion-column-wrapper fusion-flex-column-wrapper-legacy\"><div class=\"fusion-sep-clear\"><\/div><div class=\"fusion-separator fusion-full-width-sep\" style=\"margin-left: auto;margin-right: auto;margin-bottom:30px;width:100%;\"><div class=\"fusion-separator-border sep-single sep-solid\" style=\"--awb-height:20px;--awb-amount:20px;--awb-sep-color:#efefef;border-color:#efefef;border-top-width:10px;\"><\/div><\/div><div class=\"fusion-sep-clear\"><\/div><div class=\"fusion-text fusion-text-1\"><h2>Journaux sp\u00e9cialis\u00e9s<\/h2>\n<\/div><div class=\"fusion-clearfix\"><\/div><\/div><\/div><\/div><\/div><div class=\"fusion-fullwidth fullwidth-box fusion-builder-row-2 nonhundred-percent-fullwidth non-hundred-percent-height-scrolling fusion-equal-height-columns\" style=\"--awb-border-radius-top-left:0px;--awb-border-radius-top-right:0px;--awb-border-radius-bottom-right:0px;--awb-border-radius-bottom-left:0px;--awb-flex-wrap:wrap;\" ><div class=\"fusion-builder-row fusion-row\"><div class=\"fusion-layout-column fusion_builder_column fusion-builder-column-1 fusion_builder_column_1_3 1_3 fusion-one-third fusion-column-first\" style=\"--awb-padding-top:40px;--awb-bg-size:cover;--awb-border-color:#e0dede;--awb-border-top:1px;--awb-border-style:solid;--awb-margin-bottom:15px;width:33.333333333333%;width:calc(33.333333333333% - ( ( 4% + 4% ) * 0.33333333333333 ) );margin-right: 4%;\"><div class=\"fusion-column-wrapper fusion-flex-column-wrapper-legacy\"><div class=\"fusion-text fusion-text-2\"><p><strong>Actualit\u00e9Sociale<\/strong><\/p>\n<p>Actualit\u00e9Sociale est la revue sp\u00e9cialis\u00e9e du travail social en Suisse romande.\u00a0Actualit\u00e9Sociale vous tient au courant des \u00e9volutions dans la branche,\u00a0des actualit\u00e9s politiques qui concernent le travail social,\u00a0et permet aux travailleurs et travailleuses sociales de prendre la plume.\u00a0A d\u00e9couvrir dans chaque num\u00e9ro\u00a0: un dossier consacr\u00e9 \u00e0 une th\u00e9matique actuelle du travail social.\u00a0Actualit\u00e9Sociale para\u00eet huit fois par an.<\/p>\n<p><a href=\"https:\/\/avenirsocial.ch\/fr\/publications\/actualitesociale\/ueber-actualitesociale\/\" target=\"_blank\" rel=\"noopener noreferrer\">\u203a Site Web<\/a><\/p>\n<\/div><div class=\"fusion-clearfix\"><\/div><\/div><\/div><div class=\"fusion-layout-column fusion_builder_column fusion-builder-column-2 fusion_builder_column_1_3 1_3 fusion-one-third\" style=\"--awb-padding-top:40px;--awb-bg-size:cover;--awb-border-color:#e0dede;--awb-border-top:1px;--awb-border-style:solid;--awb-margin-bottom:15px;width:33.333333333333%;width:calc(33.333333333333% - ( ( 4% + 4% ) * 0.33333333333333 ) );margin-right: 4%;\"><div class=\"fusion-column-wrapper fusion-flex-column-wrapper-legacy\"><div class=\"fusion-text fusion-text-3\"><p><strong>Akzent-Magazin<\/strong><\/p>\n<p>Das Magazin erscheint viertelj\u00e4hrlich. In gut recherchierten Hintergrundberichten besch\u00e4ftigt sich das Redaktionsteam mit Themen zu Kultur, Gesellschaft und Geschichte der Region Basel.<\/p>\n<p><a href=\"https:\/\/bb.pro-senectute.ch\/de\/freizeit\/akzent-magazin.html\" target=\"_blank\" rel=\"noopener noreferrer\">\u203a Zur Webseite<\/a><\/p>\n<\/div><div class=\"fusion-clearfix\"><\/div><\/div><\/div><div class=\"fusion-layout-column fusion_builder_column fusion-builder-column-3 fusion_builder_column_1_3 1_3 fusion-one-third fusion-column-last\" style=\"--awb-padding-top:40px;--awb-bg-size:cover;--awb-border-color:#e0dede;--awb-border-top:1px;--awb-border-style:solid;--awb-margin-bottom:15px;width:33.333333333333%;width:calc(33.333333333333% - ( ( 4% + 4% ) * 0.33333333333333 ) );\"><div class=\"fusion-column-wrapper fusion-flex-column-wrapper-legacy\"><div class=\"fusion-text fusion-text-4\" style=\"--awb-text-transform:none;\"><p><strong>Die Rehabilitation<\/strong><\/p>\n<p>Die Zeitschrift richtet sich an Mitarbeiterinnen und Mitarbeiter in Einrichtungen, Forschungsinstitutionen und Tr\u00e4gern der Rehabilitation. Sie berichtet \u00fcber die medizinischen, gesetzlichen, politischen und gesellschaftlichen Grundlagen und Rahmenbedingungen der Rehabilitation und \u00fcber internationale Entwicklungen auf diesem Gebiet.<\/p>\n<p><a href=\"https:\/\/www.thieme.de\/de\/rehabilitation\/profil-1887.htm\" target=\"_blank\" rel=\"noopener noreferrer\">\u203a Zur Webseite<\/a><\/p>\n<\/div><div class=\"fusion-clearfix\"><\/div><\/div><\/div><div class=\"fusion-layout-column fusion_builder_column fusion-builder-column-4 fusion_builder_column_1_3 1_3 fusion-one-third fusion-column-first\" style=\"--awb-padding-top:40px;--awb-bg-size:cover;--awb-border-color:#e0dede;--awb-border-top:1px;--awb-border-style:solid;--awb-margin-bottom:15px;width:33.333333333333%;width:calc(33.333333333333% - ( ( 4% + 4% ) * 0.33333333333333 ) );margin-right: 4%;\"><div class=\"fusion-column-wrapper fusion-flex-column-wrapper-legacy\"><div class=\"fusion-text fusion-text-5\"><p><strong>FORUM sozialarbeit + gesundheit<\/strong><\/p>\n<p>Das FORUM sozialarbeit + gesundheit ist die Fachzeitschrift der DVSG . Neben wechselnden Themenschwerpunkten aus den verschiedenen Arbeitsfeldern der Sozialarbeit im Gesundheitswesen wird vor allem auch \u00fcber die Arbeit der DVSG und das gesamte Verbandsgeschehen berichtet.\u00a0Die Fachzeitschrift erscheint viermal j\u00e4hrlich<\/p>\n<p><a href=\"https:\/\/dvsg.org\/fachzeitschriften\/forum-sozialarbeit-gesundheit\/\" target=\"_blank\" rel=\"noopener noreferrer\">\u203a Zur Webseite<\/a><\/p>\n<\/div><div class=\"fusion-clearfix\"><\/div><\/div><\/div><div class=\"fusion-layout-column fusion_builder_column fusion-builder-column-5 fusion_builder_column_1_3 1_3 fusion-one-third\" style=\"--awb-padding-top:40px;--awb-bg-size:cover;--awb-border-color:#e0dede;--awb-border-top:1px;--awb-border-style:solid;--awb-margin-bottom:15px;width:33.333333333333%;width:calc(33.333333333333% - ( ( 4% + 4% ) * 0.33333333333333 ) );margin-right: 4%;\"><div class=\"fusion-column-wrapper fusion-flex-column-wrapper-legacy\"><div class=\"fusion-text fusion-text-6\" style=\"--awb-text-transform:none;\"><p><strong>Klinische Sozialarbeit &#8211; Zeitschrift f\u00fcr psychosoziale Praxis und Forschung<\/strong><\/p>\n<p>Die Zeitschrift ist ein Gemeinschaftsprojekt der Deutschen Vereinigung f\u00fcr Soziale Arbeit im Gesundheitswesen e. V. (<abbr title=\"Deutsche Vereinigung f\u00fcr Soziale Arbeit im Gesundheitswesen e.V.\">DVSG<\/abbr>) mit dem European Centre for Clinical Social Work (ECCSW), der Deutschen Gesellschaft f\u00fcr Soziale Arbeit (DGSA) und dem Schweizerischen Fachverband f\u00fcr gesundheitsbezogene Soziale Arbeit (SAGES). Die Zeitschrift erscheint vier Mal im Jahr gemeinsam mit dem\u00a0 FORUM sozialarbeit + gesundheit.<\/p>\n<p><a href=\"https:\/\/dvsg.org\/veroeffentlichungen\/fachzeitschriften\/ausgaben-klinsa\/\" target=\"_blank\" rel=\"noopener noreferrer\">\u203a Zur Webseite<\/a><\/p>\n<\/div><div class=\"fusion-clearfix\"><\/div><\/div><\/div><div class=\"fusion-layout-column fusion_builder_column fusion-builder-column-6 fusion_builder_column_1_3 1_3 fusion-one-third fusion-column-last\" style=\"--awb-padding-top:40px;--awb-bg-size:cover;--awb-border-color:#e0dede;--awb-border-top:1px;--awb-border-style:solid;--awb-margin-bottom:15px;width:33.333333333333%;width:calc(33.333333333333% - ( ( 4% + 4% ) * 0.33333333333333 ) );\"><div class=\"fusion-column-wrapper fusion-flex-column-wrapper-legacy\"><div class=\"fusion-text fusion-text-7\"><p><strong>KONTEXT<\/strong><\/p>\n<p>Das Magazin besch\u00e4ftigt sich zweimal im Jahr mit Fragen aus Psychiatrie, Sozialpsychiatrie und psychischen Krankheiten. In jeder Ausgabe steht dabei ein Thema im Zentrum, das von verschiedenen Seiten beleuchtet wird. Das Magazin setzt sich f\u00fcr mehr Verst\u00e4ndnis im Bereich psychische Gesundheit ein und beinhaltet Beitr\u00e4ge von Betroffenen, Angeh\u00f6rigen und Fachpersonen.<\/p>\n<p><a href=\"https:\/\/www.promentesana.ch\/de\/angebote\/kontext-das-magazin-zum-mental-help-club.html\" target=\"_blank\" rel=\"noopener noreferrer\">\u203a Zur Webseite<\/a><\/p>\n<\/div><div class=\"fusion-clearfix\"><\/div><\/div><\/div><\/div><\/div><div class=\"fusion-fullwidth fullwidth-box fusion-builder-row-3 nonhundred-percent-fullwidth non-hundred-percent-height-scrolling fusion-equal-height-columns\" style=\"--awb-border-radius-top-left:0px;--awb-border-radius-top-right:0px;--awb-border-radius-bottom-right:0px;--awb-border-radius-bottom-left:0px;--awb-flex-wrap:wrap;\" ><div class=\"fusion-builder-row fusion-row\"><div class=\"fusion-layout-column fusion_builder_column fusion-builder-column-7 fusion_builder_column_1_3 1_3 fusion-one-third fusion-column-first\" style=\"--awb-padding-top:40px;--awb-bg-size:cover;--awb-border-color:#e0dede;--awb-border-top:1px;--awb-border-style:solid;--awb-margin-bottom:15px;width:33.333333333333%;width:calc(33.333333333333% - ( ( 4% + 4% ) * 0.33333333333333 ) );margin-right: 4%;\"><div class=\"fusion-column-wrapper fusion-flex-column-wrapper-legacy\"><div class=\"fusion-text fusion-text-8\"><p><strong>Psychosoziale Umschau<\/strong><\/p>\n<p>Das Magazin ist die auflagenst\u00e4rkste interdisziplin\u00e4re Psychiatrie-Zeitschrift im deutschsprachigen Raum. Seit Anfang der 80er-Jahre dient die Psychosoziale Umschau Leserinnen und Lesern als Diskussionsforum zu den Entwicklungen einer sozialen Psychiatrie.<\/p>\n<p><a href=\"https:\/\/psychiatrie-verlag.de\/series\/psychosoziale-umschau\/\" target=\"_blank\" rel=\"noopener noreferrer\">\u203a Zur Webseite<\/a><\/p>\n<\/div><div class=\"fusion-clearfix\"><\/div><\/div><\/div><div class=\"fusion-layout-column fusion_builder_column fusion-builder-column-8 fusion_builder_column_1_3 1_3 fusion-one-third\" style=\"--awb-padding-top:40px;--awb-bg-size:cover;--awb-border-color:#e0dede;--awb-border-top:1px;--awb-border-style:solid;--awb-margin-bottom:15px;width:33.333333333333%;width:calc(33.333333333333% - ( ( 4% + 4% ) * 0.33333333333333 ) );margin-right: 4%;\"><div class=\"fusion-column-wrapper fusion-flex-column-wrapper-legacy\"><div class=\"fusion-text fusion-text-9\"><p><strong>SozialAktuell<\/strong><\/p>\n<p>Die deutschsprachige Fachzeitschrift f\u00fcr Soziale Arbeit in der Schweiz. In jeder Ausgabe der Zeitschrift werden aktuelle Themen aufgegriffen und ein Dossier behandelt einen spezifischen Themenbereich vertiefter. SozialAktuell erscheint 8 Mal pro Jahr.<\/p>\n<p><a href=\"https:\/\/avenirsocial.ch\/publikationen\/sozialaktuell\/ueber-sozialaktuell\/\" target=\"_blank\" rel=\"noopener noreferrer\">\u203a Zur Webseite<\/a><\/p>\n<\/div><div class=\"fusion-clearfix\"><\/div><\/div><\/div><div class=\"fusion-layout-column fusion_builder_column fusion-builder-column-9 fusion_builder_column_1_3 1_3 fusion-one-third fusion-column-last\" style=\"--awb-padding-top:40px;--awb-bg-size:cover;--awb-border-color:#e0dede;--awb-border-top:1px;--awb-border-style:solid;--awb-margin-bottom:15px;width:33.333333333333%;width:calc(33.333333333333% - ( ( 4% + 4% ) * 0.33333333333333 ) );\"><div class=\"fusion-column-wrapper fusion-flex-column-wrapper-legacy\"><div class=\"fusion-text fusion-text-10\"><p><strong>Soziale Psychiatrie<\/strong><\/p>\n<p>Die Fach- und Mitgliederzeitschrift der DGSP berichtet \u00fcber aktuelle Themen der Sozialpsychiatrie. Sie ist ausserdem Plattform f\u00fcr einen kritischen Fachdiskurs, setzt Themen und st\u00f6\u00dft Debatten an. Sie unterst\u00fctzt Behandlungsformen, die die Begegnung auf Augenh\u00f6he und den Trialog zwischen Profis, Betroffenen und Angeh\u00f6rigen psychisch erkrankter Menschen in einer differenzierten sozialpsychiatrischen Landschaft f\u00f6rdern. Sie erscheint viertelj\u00e4hrlich, jeweils zu Quartalsanfang.<\/p>\n<p><a href=\"https:\/\/www.dgsp-ev.de\/unsere-zeitschrift\/die-soziale-psychiatrie.html\" target=\"_blank\" rel=\"noopener noreferrer\">\u203a Zur Webseite<\/a><\/p>\n<\/div><div class=\"fusion-clearfix\"><\/div><\/div><\/div><\/div><\/div><div class=\"fusion-fullwidth fullwidth-box fusion-builder-row-4 nonhundred-percent-fullwidth non-hundred-percent-height-scrolling fusion-equal-height-columns\" style=\"--awb-border-radius-top-left:0px;--awb-border-radius-top-right:0px;--awb-border-radius-bottom-right:0px;--awb-border-radius-bottom-left:0px;--awb-flex-wrap:wrap;\" ><div class=\"fusion-builder-row fusion-row\"><div class=\"fusion-layout-column fusion_builder_column fusion-builder-column-10 fusion_builder_column_1_3 1_3 fusion-one-third fusion-column-first\" style=\"--awb-padding-top:40px;--awb-bg-size:cover;--awb-border-color:#e0dede;--awb-border-top:1px;--awb-border-style:solid;--awb-margin-bottom:15px;width:33.333333333333%;width:calc(33.333333333333% - ( ( 4% + 4% ) * 0.33333333333333 ) );margin-right: 4%;\"><div class=\"fusion-column-wrapper fusion-flex-column-wrapper-legacy\"><div class=\"fusion-text fusion-text-11\"><p><strong>Sozialpsychiatrische Informationen<\/strong><\/p>\n<p>Seit 1970 bieten die Sozialpsychiatrischen Informationen ein interdisziplin\u00e4res Forum der reformorientierten Psychiatrie. Berichte, Forschungsarbeiten und Diskussionen aus klinischen wie au\u00dferklinischen Bereichen, erg\u00e4nzt um Buchbesprechungen und Veranstaltungshinweise machten die Sozialpsychiatrischen Informationen zur verbreitetsten und auflagenst\u00e4rksten Zeitschrift ihrer Art.<\/p>\n<p><a href=\"https:\/\/psychiatrie-verlag.de\/series\/sozialpsychiatrische-informationen\/\" target=\"_blank\" rel=\"noopener noreferrer\">\u203a Zur Webseite<\/a><\/p>\n<\/div><div class=\"fusion-clearfix\"><\/div><\/div><\/div><div class=\"fusion-layout-column fusion_builder_column fusion-builder-column-11 fusion_builder_column_1_3 1_3 fusion-one-third\" style=\"--awb-padding-top:40px;--awb-bg-size:cover;--awb-border-color:#e0dede;--awb-border-top:1px;--awb-border-style:solid;--awb-margin-bottom:15px;width:33.333333333333%;width:calc(33.333333333333% - ( ( 4% + 4% ) * 0.33333333333333 ) );margin-right: 4%;\"><div class=\"fusion-column-wrapper fusion-flex-column-wrapper-legacy\"><div class=\"fusion-text fusion-text-12\"><p><strong>SuchtMagazin<\/strong><\/p>\n<p>Eine interdisziplin\u00e4re Fachzeitschrift f\u00fcr das gesamte Spektrum der Suchtarbeit und Suchtpolitik. Es hat einen l\u00e4nder\u00fcbergreifenden Fokus im deutschsprachigen Raum von Europa und erscheint 2019 bereits im 45. Jahrgang. Dies anf\u00e4nglich unter dem Namen \u00abdie Kette\u00bb, ab 1990 unter \u00abDrogenMagazin\u00bb und seit 1997 unter dem aktuellen Namen \u00abSuchtMagazin\u00bb.<\/p>\n<p><a href=\"http:\/\/www.suchtmagazin.ch\" target=\"_blank\" rel=\"noopener noreferrer\">\u203a Zur Webseite<\/a><\/p>\n<\/div><div class=\"fusion-clearfix\"><\/div><\/div><\/div><div class=\"fusion-layout-column fusion_builder_column fusion-builder-column-12 fusion_builder_column_1_3 1_3 fusion-one-third fusion-column-last\" style=\"--awb-padding-top:40px;--awb-bg-size:cover;--awb-border-color:#e0dede;--awb-border-top:1px;--awb-border-style:solid;--awb-margin-bottom:15px;width:33.333333333333%;width:calc(33.333333333333% - ( ( 4% + 4% ) * 0.33333333333333 ) );\"><div class=\"fusion-column-wrapper fusion-flex-column-wrapper-legacy\"><div class=\"fusion-text fusion-text-13\"><p><strong>Thema im Fokus &#8211; Die Zeitschrift von Dialog Ethik<\/strong><\/p>\n<p>Das Magazin richtet sich an Fachpersonen aus dem Gesundheits- und Sozialwesen und alle an ethischen Fragen in unserer Gesellschaft Interessierten. Sie widmet sich ethischen Fragen im Gesundheitswesen und in der Zivilgesellschaft.<\/p>\n<p><a href=\"https:\/\/www.dialog-ethik.ch\/medien\/zeitschrift-thema-im-fokus\" target=\"_blank\" rel=\"noopener noreferrer\">\u203a Zur Webseite<\/a><\/p>\n<\/div><div class=\"fusion-clearfix\"><\/div><\/div><\/div><\/div><\/div><div class=\"fusion-fullwidth fullwidth-box fusion-builder-row-5 nonhundred-percent-fullwidth non-hundred-percent-height-scrolling fusion-equal-height-columns\" style=\"--awb-border-radius-top-left:0px;--awb-border-radius-top-right:0px;--awb-border-radius-bottom-right:0px;--awb-border-radius-bottom-left:0px;--awb-flex-wrap:wrap;\" ><div class=\"fusion-builder-row fusion-row\"><div class=\"fusion-layout-column fusion_builder_column fusion-builder-column-13 fusion_builder_column_1_3 1_3 fusion-one-third fusion-column-first\" style=\"--awb-padding-top:40px;--awb-bg-size:cover;--awb-border-color:#e0dede;--awb-border-top:1px;--awb-border-style:solid;--awb-margin-bottom:15px;width:33.333333333333%;width:calc(33.333333333333% - ( ( 4% ) * 0.33333333333333 ) );margin-right: 4%;\"><div class=\"fusion-column-wrapper fusion-flex-column-wrapper-legacy\"><div class=\"fusion-text fusion-text-14\"><p><strong>Theorie und Praxis der Sozialen Arbeit<\/strong><\/p>\n<p>Die Zeitschrift fragt nach, informiert, regt an, vermittelt, informiert und diskutiert aktuelle Themen der Sozialen Arbeit im Bereich Kinder- und Jugendhilfe, Armut\/Sozialhilfe, Arbeitslosigkeit, Jugendberufshilfe, Migrantenarbeit, Behindertenhilfe, Krankheit, Drogen- und Suchthilfe, Altenhilfe, Pflegerische Dienstleistungen.<\/p>\n<p><a href=\"https:\/\/www.beltz.de\/fachmedien\/sozialpaedagogik_soziale_arbeit\/zeitschriften\/theorie_und_praxis_der_sozialen_arbeit.html\" target=\"_blank\" rel=\"noopener noreferrer\">\u203a Zur Webseite<\/a><\/p>\n<\/div><div class=\"fusion-clearfix\"><\/div><\/div><\/div><\/div><\/div><\/p>\n","protected":false},"excerpt":{"rendered":"","protected":false},"author":1,"featured_media":0,"parent":0,"menu_order":36,"comment_status":"closed","ping_status":"closed","template":"","meta":{"footnotes":""},"class_list":["post-3173","page","type-page","status-publish","hentry"],"_links":{"self":[{"href":"https:\/\/www.sages.ch\/fr\/wp-json\/wp\/v2\/pages\/3173","targetHints":{"allow":["GET"]}}],"collection":[{"href":"https:\/\/www.sages.ch\/fr\/wp-json\/wp\/v2\/pages"}],"about":[{"href":"https:\/\/www.sages.ch\/fr\/wp-json\/wp\/v2\/types\/page"}],"author":[{"embeddable":true,"href":"https:\/\/www.sages.ch\/fr\/wp-json\/wp\/v2\/users\/1"}],"replies":[{"embeddable":true,"href":"https:\/\/www.sages.ch\/fr\/wp-json\/wp\/v2\/comments?post=3173"}],"version-history":[{"count":10,"href":"https:\/\/www.sages.ch\/fr\/wp-json\/wp\/v2\/pages\/3173\/revisions"}],"predecessor-version":[{"id":7792,"href":"https:\/\/www.sages.ch\/fr\/wp-json\/wp\/v2\/pages\/3173\/revisions\/7792"}],"wp:attachment":[{"href":"https:\/\/www.sages.ch\/fr\/wp-json\/wp\/v2\/media?parent=3173"}],"curies":[{"name":"wp","href":"https:\/\/api.w.org\/{rel}","templated":true}]}}