{"id":4719,"date":"2021-01-04T22:03:04","date_gmt":"2021-01-04T21:03:04","guid":{"rendered":"https:\/\/www.sages.ch\/?page_id=4719"},"modified":"2025-11-14T12:31:13","modified_gmt":"2025-11-14T11:31:13","slug":"fachverband-sages-2-3","status":"publish","type":"page","link":"https:\/\/www.sages.ch\/fr\/","title":{"rendered":"Association"},"content":{"rendered":"<p><div class=\"fusion-fullwidth fullwidth-box fusion-builder-row-1 nonhundred-percent-fullwidth non-hundred-percent-height-scrolling\" style=\"--awb-border-radius-top-left:0px;--awb-border-radius-top-right:0px;--awb-border-radius-bottom-right:0px;--awb-border-radius-bottom-left:0px;--awb-margin-top:30px px;--awb-margin-bottom:15px;--awb-flex-wrap:wrap;\" ><div class=\"fusion-builder-row fusion-row\"><div class=\"fusion-layout-column fusion_builder_column fusion-builder-column-0 fusion_builder_column_1_1 1_1 fusion-one-full fusion-column-first fusion-column-last\" style=\"--awb-bg-size:cover;\"><div class=\"fusion-column-wrapper fusion-flex-column-wrapper-legacy\"><div class=\"fusion-sep-clear\"><\/div><div class=\"fusion-separator fusion-full-width-sep\" style=\"margin-left: auto;margin-right: auto;margin-top:20px;margin-bottom:10px;width:100%;\"><div class=\"fusion-separator-border sep-single sep-solid\" style=\"--awb-height:20px;--awb-amount:20px;--awb-sep-color:#efefef;border-color:#efefef;border-top-width:10px;\"><\/div><\/div><div class=\"fusion-sep-clear\"><\/div><div class=\"fusion-clearfix\"><\/div><\/div><\/div><div class=\"fusion-layout-column fusion_builder_column fusion-builder-column-1 fusion_builder_column_1_1 1_1 fusion-one-full fusion-column-first fusion-column-last\" style=\"--awb-padding-bottom:20px;--awb-bg-size:cover;--awb-margin-bottom:0px;\"><div class=\"fusion-column-wrapper fusion-flex-column-wrapper-legacy\"><div class=\"fusion-text fusion-text-1\" style=\"--awb-text-transform:none;\"><h2><strong>L\u2019Association suisse pour le travail social en lien avec la sant\u00e9 SAGES regroupe des personnes, des institutions et des organisations en Suisse qui exercent le travail social professionnel dans tous les champs d\u2019activit\u00e9 de la sant\u00e9 et dans le contexte de la sant\u00e9 publique.<\/strong><\/h2>\n<\/div><div class=\"fusion-clearfix\"><\/div><\/div><\/div><div class=\"fusion-layout-column fusion_builder_column fusion-builder-column-2 fusion_builder_column_1_1 1_1 fusion-one-full fusion-column-first fusion-column-last\" style=\"--awb-bg-size:cover;\"><div class=\"fusion-column-wrapper fusion-flex-column-wrapper-legacy\"><div class=\"fusion-text fusion-text-2\" style=\"--awb-text-transform:none;\"><p>SAGES prend position sur le plan politique afin de veiller \u00e0 ce que le travail social en lien avec la sant\u00e9 soit un partenaire indispensable pour les autorit\u00e9s et les administrations, ainsi que dans la collaboration avec d\u2019autres associations professionnelles et groupes d\u2019int\u00e9r\u00eat. SAGES contribue de mani\u00e8re notable au renforcement et au d\u00e9veloppement professionnel du travail social dans les champs d\u2019activit\u00e9 de la sant\u00e9, en tenant compte des connaissances scientifiques, du savoir-faire pratique et du savoir-\u00eatre n\u00e9cessaire.<\/p>\n<\/div><div class=\"fusion-clearfix\"><\/div><\/div><\/div><\/div><\/div><div class=\"fusion-fullwidth fullwidth-box fusion-builder-row-2 has-pattern-background has-mask-background nonhundred-percent-fullwidth non-hundred-percent-height-scrolling fusion-equal-height-columns\" style=\"--awb-border-radius-top-left:0px;--awb-border-radius-top-right:0px;--awb-border-radius-bottom-right:0px;--awb-border-radius-bottom-left:0px;--awb-padding-top:10px;--awb-padding-bottom:10px;--awb-flex-wrap:wrap;\" ><div class=\"fusion-builder-row fusion-row\"><div class=\"fusion-layout-column fusion_builder_column fusion-builder-column-3 fusion_builder_column_1_2 1_2 fusion-one-half fusion-column-first\" style=\"--awb-padding-top:25px;--awb-padding-right:22px;--awb-padding-left:20px;--awb-bg-color:#f7f7f7;--awb-bg-color-hover:#f7f7f7;--awb-bg-size:cover;--awb-border-color:#00a75c;--awb-border-top:10px;--awb-border-style:solid;width:50%;width:calc(50% - ( ( 25px ) * 0.5 ) );margin-right: 25px;\"><div class=\"fusion-column-wrapper fusion-flex-column-wrapper-legacy\"><div class=\"fusion-text fusion-text-3\" style=\"--awb-text-transform:none;\"><h2>Actualit\u00e9<\/h2>\n<\/div><div class=\"fusion-recent-posts fusion-recent-posts-1 avada-container layout-default layout-columns-1\"><section class=\"fusion-columns columns fusion-columns-1 columns-1\"><article class=\"post fusion-column column col col-lg-12 col-md-12 col-sm-12\"><div class=\"recent-posts-content\"><span class=\"vcard\" style=\"display: none;\"><span class=\"fn\"><a href=\"https:\/\/www.sages.ch\/fr\/author\/admin\/\" title=\"Articles par admin\" rel=\"author\">admin<\/a><\/span><\/span><span class=\"updated\" style=\"display:none;\">2026-05-01T17:12:25+02:00<\/span><h4 class=\"entry-title\"><a href=\"https:\/\/www.sages.ch\/fr\/collaborer-entre-le-travail-social-et-la-sante\/\">Collaborer entre le travail social et la sant\u00e9<\/a><\/h4><p class=\"meta\"><span class=\"vcard\" style=\"display: none;\"><span class=\"fn\"><a href=\"https:\/\/www.sages.ch\/fr\/author\/admin\/\" title=\"Articles par admin\" rel=\"author\">admin<\/a><\/span><\/span><span class=\"updated\" style=\"display:none;\">2026-05-01T17:12:25+02:00<\/span><span>mai 2026<\/span><span class=\"fusion-inline-sep\">|<\/span><\/p><p>Un grand merci \u00e0 Tania Simoes ainsi qu\u2019\u00e0 toutes les co\u2011auteures pour cette contribution issue d\u2019un travail collectif men\u00e9 au sein de la section romande de SAGES. L\u2019article publi\u00e9 sur REISO, nourri d\u2019exemples concrets du terrain, \u00e9claire avec finesse les enjeux de la collaboration interprofessionnelle entre le travail social en lien avec la sant\u00e9, ansi [...]<\/p><\/div><\/article><\/section><\/div><div class=\"fusion-clearfix\"><\/div><\/div><\/div><div class=\"fusion-layout-column fusion_builder_column fusion-builder-column-4 fusion_builder_column_1_2 1_2 fusion-one-half fusion-column-last\" style=\"--awb-padding-top:25px;--awb-padding-right:22px;--awb-padding-bottom:22px;--awb-padding-left:20px;--awb-bg-color:#f7f7f7;--awb-bg-color-hover:#f7f7f7;--awb-bg-size:cover;--awb-border-color:#89bb47;--awb-border-top:10px;--awb-border-style:solid;width:50%;width:calc(50% - ( ( 25px ) * 0.5 ) );\"><div class=\"fusion-column-wrapper fusion-flex-column-wrapper-legacy\"><div class=\"fusion-text fusion-text-4\"><h2>Devenir membre<\/h2>\n<\/div><div class=\"fusion-sep-clear\"><\/div><div class=\"fusion-separator fusion-full-width-sep\" style=\"margin-left: auto;margin-right: auto;margin-top:13px;width:100%;\"><\/div><div class=\"fusion-sep-clear\"><\/div><div class=\"fusion-text fusion-text-5\" style=\"--awb-text-transform:none;\"><p>En tant que membre de SAGES, vous b\u00e9n\u00e9ficierez de nombreux avantages tels que<\/p>\n<ul>\n<li>Tarif pr\u00e9f\u00e9rentiel membre sur les colloques sp\u00e9cialis\u00e9s et aux \u00e9v\u00e9nements de coop\u00e9ration organis\u00e9s par SAGES<\/li>\n<li>Acc\u00e8s \u00e0 l\u2019espace membre prot\u00e9g\u00e9 du site Web<\/li>\n<li>Envoi gratuit de la revue sp\u00e9cialis\u00e9e \u00ab\u00a0Klinische Sozialarbeit &#8211; Zeitschrift f\u00fcr psychosoziale Praxis und Forschung\u00a0\u00bb<\/li>\n<li>Newsletters et mailings<\/li>\n<li>D\u2019\u00e9changer sur des questions d\u2019actualit\u00e9 dans votre sp\u00e9cialit\u00e9 avec des coll\u00e8gues de votre champ d\u2019activit\u00e9 (la liste des membres est disponible dans la partie prot\u00e9g\u00e9e du site Web)<\/li>\n<li>Profitez des activit\u00e9s d\u2019une association professionnelle forte<\/li>\n<\/ul>\n<h4><a href=\"https:\/\/www.sages.ch\/fr\/formulaire-dinscription\/\"><strong>\u203a <span lang=\"FR-CH\">S\u2019inscrire maintenant<\/span><\/strong><\/a><\/h4>\n<\/div><div class=\"fusion-clearfix\"><\/div><\/div><\/div><\/div><\/div><div class=\"fusion-fullwidth fullwidth-box fusion-builder-row-3 has-pattern-background has-mask-background nonhundred-percent-fullwidth non-hundred-percent-height-scrolling\" style=\"--awb-border-radius-top-left:0px;--awb-border-radius-top-right:0px;--awb-border-radius-bottom-right:0px;--awb-border-radius-bottom-left:0px;--awb-padding-top:10px;--awb-padding-bottom:0px;--awb-flex-wrap:wrap;\" ><div class=\"fusion-builder-row fusion-row\"><div class=\"fusion-layout-column fusion_builder_column fusion-builder-column-5 fusion_builder_column_1_1 1_1 fusion-one-full fusion-column-first fusion-column-last\" style=\"--awb-bg-size:cover;--awb-border-color:#f7f7f7;--awb-border-top:0;--awb-border-right:0;--awb-border-bottom:0;--awb-border-left:0;--awb-border-style:solid;--awb-margin-bottom:0px;\"><div class=\"fusion-column-wrapper fusion-column-has-shadow fusion-flex-column-wrapper-legacy\"><div class=\"fusion-sep-clear\"><\/div><div class=\"fusion-separator fusion-full-width-sep\" style=\"margin-left: auto;margin-right: auto;margin-top:30px;margin-bottom:20px;width:100%;\"><div class=\"fusion-separator-border sep-single sep-solid\" style=\"--awb-height:20px;--awb-amount:20px;--awb-sep-color:#efefef;border-color:#efefef;border-top-width:10px;\"><\/div><\/div><div class=\"fusion-sep-clear\"><\/div><div class=\"fusion-text fusion-text-6\" style=\"--awb-text-transform:none;\"><h2>\u00c9v\u00e8nements \u00e0 venir<\/h2>\n<\/div><div class=\"fusion-sep-clear\"><\/div><div class=\"fusion-separator fusion-full-width-sep\" style=\"margin-left: auto;margin-right: auto;margin-top:30px;width:100%;\"><\/div><div class=\"fusion-sep-clear\"><\/div><div class=\"fusion-events-shortcode fusion-events-shortcode-1\"><div class=\"fusion-events-wrapper\" data-pages=\"3\"><div class=\"fusion-events-post fusion-spacing-yes fusion-one-third fusion-layout-column\" style=\"margin-bottom:4%;\"><div class=\"fusion-column-wrapper\"><div class=\"fusion-events-thumbnail hover-type-none\"><a href=\"https:\/\/www.sages.ch\/fr\/agenda\/e-assemble-generale-de-sages\/\" class=\"url\" rel=\"bookmark\" aria-label=\"9e assembl\u00e9 g\u00e9n\u00e9rale de SAGES\">\t\t<div class=\" fusion-placeholder-image tribe-events-event-image\" data-origheight=\"150\" data-origwidth=\"100%\" style=\"height:150px;width:100%;\"><\/div>\n\t\t<\/a><\/div><div class=\"fusion-events-content-wrapper\" style=\"padding:20px 20px 20px 20px;\"><div class=\"fusion-events-meta\"><h2><a href=\"https:\/\/www.sages.ch\/fr\/agenda\/e-assemble-generale-de-sages\/\" class=\"url\" rel=\"bookmark\">9e assembl\u00e9 g\u00e9n\u00e9rale de SAGES<\/a><\/h2><h4><span class=\"tribe-event-date-start\">mercredi, 13. mai 2026, 15h00<\/span> \u2013 <span class=\"tribe-event-time\">17h00<\/span><\/h4><\/div><\/div><\/div><\/div><div class=\"fusion-events-post fusion-spacing-yes fusion-one-third fusion-layout-column\" style=\"margin-bottom:4%;\"><div class=\"fusion-column-wrapper\"><div class=\"fusion-events-thumbnail hover-type-none\"><a href=\"https:\/\/www.sages.ch\/fr\/agenda\/webinarreihe-social-prescribing-heute-wissen-wirkung-und-umsetzung-3\/\" class=\"url\" rel=\"bookmark\" aria-label=\"S\u00e9rie de webinaires sur la prescription sociale aujourd&rsquo;hui &#8211; connaissances, impact et mise en \u0153uvre\">\t\t<div class=\" fusion-placeholder-image tribe-events-event-image\" data-origheight=\"150\" data-origwidth=\"100%\" style=\"height:150px;width:100%;\"><\/div>\n\t\t<\/a><\/div><div class=\"fusion-events-content-wrapper\" style=\"padding:20px 20px 20px 20px;\"><div class=\"fusion-events-meta\"><h2><a href=\"https:\/\/www.sages.ch\/fr\/agenda\/webinarreihe-social-prescribing-heute-wissen-wirkung-und-umsetzung-3\/\" class=\"url\" rel=\"bookmark\">S\u00e9rie de webinaires sur la prescription sociale aujourd&rsquo;hui &#8211; connaissances, impact et mise en \u0153uvre<\/a><\/h2><h4><span class=\"tribe-event-date-start\">mardi, 19. mai 2026, 12h30<\/span> \u2013 <span class=\"tribe-event-time\">13h30<\/span><\/h4><\/div><\/div><\/div><\/div><div class=\"fusion-events-post fusion-spacing-yes fusion-one-third fusion-layout-column fusion-column-last\" style=\"margin-bottom:4%;\"><div class=\"fusion-column-wrapper\"><div class=\"fusion-events-thumbnail hover-type-none\"><a href=\"https:\/\/www.sages.ch\/fr\/agenda\/evenement-spotlight-les-personnes-agees-a-table\/\" class=\"url\" rel=\"bookmark\" aria-label=\"Ev\u00e9nement spotlight \u00abLes personnes \u00e2g\u00e9es \u00e0 table\u00bb &#8211; GERONTOLOGIE CH\">\t\t<div class=\" fusion-placeholder-image tribe-events-event-image\" data-origheight=\"150\" data-origwidth=\"100%\" style=\"height:150px;width:100%;\"><\/div>\n\t\t<\/a><\/div><div class=\"fusion-events-content-wrapper\" style=\"padding:20px 20px 20px 20px;\"><div class=\"fusion-events-meta\"><h2><a href=\"https:\/\/www.sages.ch\/fr\/agenda\/evenement-spotlight-les-personnes-agees-a-table\/\" class=\"url\" rel=\"bookmark\">Ev\u00e9nement spotlight \u00abLes personnes \u00e2g\u00e9es \u00e0 table\u00bb &#8211; GERONTOLOGIE CH<\/a><\/h2><h4><span class=\"tribe-event-date-start\">jeudi, 21. mai 2026, 12h30<\/span> \u2013 <span class=\"tribe-event-time\">16h30<\/span><\/h4><\/div><\/div><\/div><\/div><div class=\"fusion-clearfix\"><\/div><div class=\"fusion-clearfix\"><\/div><\/div><\/div><div class=\"fusion-clearfix\"><\/div><\/div><\/div><\/div><\/div><div class=\"fusion-fullwidth fullwidth-box fusion-builder-row-4 fusion-flex-container has-pattern-background has-mask-background nonhundred-percent-fullwidth non-hundred-percent-height-scrolling\" style=\"--awb-border-radius-top-left:0px;--awb-border-radius-top-right:0px;--awb-border-radius-bottom-right:0px;--awb-border-radius-bottom-left:0px;--awb-padding-top:0px;--awb-padding-bottom:0px;--awb-flex-wrap:wrap;\" ><div class=\"fusion-builder-row fusion-row fusion-flex-align-items-flex-start fusion-flex-content-wrap\" style=\"max-width:1206.4px;margin-left: calc(-4% \/ 2 );margin-right: calc(-4% \/ 2 );\"><div class=\"fusion-layout-column fusion_builder_column fusion-builder-column-6 fusion_builder_column_1_1 1_1 fusion-flex-column\" style=\"--awb-bg-size:cover;--awb-width-large:100%;--awb-margin-top-large:0px;--awb-spacing-right-large:1.92%;--awb-margin-bottom-large:0px;--awb-spacing-left-large:1.92%;--awb-width-medium:100%;--awb-order-medium:0;--awb-spacing-right-medium:1.92%;--awb-spacing-left-medium:1.92%;--awb-width-small:100%;--awb-order-small:0;--awb-spacing-right-small:1.92%;--awb-spacing-left-small:1.92%;\"><div class=\"fusion-column-wrapper fusion-column-has-shadow fusion-flex-justify-content-flex-start fusion-content-layout-column\"><div class=\"fusion-separator fusion-full-width-sep\" style=\"align-self: center;margin-left: auto;margin-right: auto;margin-top:30px;margin-bottom:20px;width:100%;\"><div class=\"fusion-separator-border sep-single sep-solid\" style=\"--awb-height:20px;--awb-amount:20px;--awb-sep-color:#efefef;border-color:#efefef;border-top-width:10px;\"><\/div><\/div><div class=\"fusion-text fusion-text-7\" style=\"--awb-text-transform:none;\"><h2>Sponsors<\/h2>\n<\/div><div class=\"fusion-separator fusion-full-width-sep\" style=\"align-self: center;margin-left: auto;margin-right: auto;margin-top:10px;width:100%;\"><\/div><div class=\"fusion-image-carousel fusion-image-carousel-auto fusion-image-carousel-1\"><div class=\"awb-carousel awb-swiper awb-swiper-carousel awb-carousel--carousel awb-swiper-dots-position-bottom\" data-layout=\"carousel\" data-autoplay=\"yes\" data-autoplayspeed=\"6000\" data-autoplaypause=\"no\" data-columns=\"4\" data-columnsmedium=\"1\" data-columnssmall=\"1\" data-itemmargin=\"20\" data-itemwidth=\"180\" data-touchscroll=\"no\" data-freemode=\"no\" data-imagesize=\"auto\" data-scrollitems=\"1\" data-centeredslides=\"no\" data-rotationangle=\"50\" data-depth=\"100\" data-speed=\"500\" data-shadow=\"no\" data-pagination=\"bullets\" style=\"--awb-columns:4;--awb-column-spacing:20px;\"><div class=\"swiper-wrapper awb-image-carousel-wrapper fusion-flex-align-items-flex-start\"><div class=\"swiper-slide\"><div class=\"fusion-carousel-item-wrapper\"><div class=\"fusion-image-wrapper hover-type-none\"><a href=\"https:\/\/www.sages.ch\/fr\/sponsors\/\" target=\"_self\"><img decoding=\"async\" width=\"620\" height=\"240\" src=\"https:\/\/www.sages.ch\/wp-content\/uploads\/2023\/06\/HKS_fr.jpg\" class=\"attachment-full size-full\" alt=\"\" srcset=\"https:\/\/www.sages.ch\/wp-content\/uploads\/2023\/06\/HKS_fr-200x77.jpg 200w, https:\/\/www.sages.ch\/wp-content\/uploads\/2023\/06\/HKS_fr-400x155.jpg 400w, https:\/\/www.sages.ch\/wp-content\/uploads\/2023\/06\/HKS_fr-600x232.jpg 600w, https:\/\/www.sages.ch\/wp-content\/uploads\/2023\/06\/HKS_fr.jpg 620w\" sizes=\"(min-width: 2200px) 100vw, (min-width: 856px) 275px, (min-width: 784px) 367px, (min-width: 712px) 550px, (min-width: 640px) 712px, \" \/><\/a><\/div><\/div><\/div><div class=\"swiper-slide\"><div class=\"fusion-carousel-item-wrapper\"><div class=\"fusion-image-wrapper hover-type-none\"><a href=\"https:\/\/www.sages.ch\/fr\/sponsors\/\" target=\"_self\"><img decoding=\"async\" width=\"620\" height=\"240\" src=\"https:\/\/www.sages.ch\/wp-content\/uploads\/2023\/06\/Sponsor_HIN.jpg\" class=\"attachment-full size-full\" alt=\"\" srcset=\"https:\/\/www.sages.ch\/wp-content\/uploads\/2023\/06\/Sponsor_HIN-200x77.jpg 200w, https:\/\/www.sages.ch\/wp-content\/uploads\/2023\/06\/Sponsor_HIN-400x155.jpg 400w, https:\/\/www.sages.ch\/wp-content\/uploads\/2023\/06\/Sponsor_HIN-600x232.jpg 600w, https:\/\/www.sages.ch\/wp-content\/uploads\/2023\/06\/Sponsor_HIN.jpg 620w\" sizes=\"(min-width: 2200px) 100vw, (min-width: 856px) 275px, (min-width: 784px) 367px, (min-width: 712px) 550px, (min-width: 640px) 712px, \" \/><\/a><\/div><\/div><\/div><div class=\"swiper-slide\"><div class=\"fusion-carousel-item-wrapper\"><div class=\"fusion-image-wrapper hover-type-none\"><a href=\"https:\/\/www.sages.ch\/fr\/sponsors\/\" target=\"_self\"><img decoding=\"async\" width=\"620\" height=\"240\" src=\"https:\/\/www.sages.ch\/wp-content\/uploads\/2023\/06\/senevita_fr.jpg\" class=\"attachment-full size-full\" alt=\"\" srcset=\"https:\/\/www.sages.ch\/wp-content\/uploads\/2023\/06\/senevita_fr-200x77.jpg 200w, https:\/\/www.sages.ch\/wp-content\/uploads\/2023\/06\/senevita_fr-400x155.jpg 400w, https:\/\/www.sages.ch\/wp-content\/uploads\/2023\/06\/senevita_fr-600x232.jpg 600w, https:\/\/www.sages.ch\/wp-content\/uploads\/2023\/06\/senevita_fr.jpg 620w\" sizes=\"(min-width: 2200px) 100vw, (min-width: 856px) 275px, (min-width: 784px) 367px, (min-width: 712px) 550px, (min-width: 640px) 712px, \" \/><\/a><\/div><\/div><\/div><div class=\"swiper-slide\"><div class=\"fusion-carousel-item-wrapper\"><div class=\"fusion-image-wrapper hover-type-none\"><a href=\"https:\/\/www.sages.ch\/fr\/sponsors\/\" target=\"_self\"><img decoding=\"async\" width=\"620\" height=\"240\" src=\"https:\/\/www.sages.ch\/wp-content\/uploads\/2023\/06\/Sponsor_Smart_Life_Care.jpg\" class=\"attachment-full size-full\" alt=\"\" srcset=\"https:\/\/www.sages.ch\/wp-content\/uploads\/2023\/06\/Sponsor_Smart_Life_Care-200x77.jpg 200w, https:\/\/www.sages.ch\/wp-content\/uploads\/2023\/06\/Sponsor_Smart_Life_Care-400x155.jpg 400w, https:\/\/www.sages.ch\/wp-content\/uploads\/2023\/06\/Sponsor_Smart_Life_Care-600x232.jpg 600w, https:\/\/www.sages.ch\/wp-content\/uploads\/2023\/06\/Sponsor_Smart_Life_Care.jpg 620w\" sizes=\"(min-width: 2200px) 100vw, (min-width: 856px) 275px, (min-width: 784px) 367px, (min-width: 712px) 550px, (min-width: 640px) 712px, \" \/><\/a><\/div><\/div><\/div><div class=\"swiper-slide\"><div class=\"fusion-carousel-item-wrapper\"><div class=\"fusion-image-wrapper hover-type-none\"><a href=\"https:\/\/www.sages.ch\/fr\/sponsors\/\" target=\"_self\"><img decoding=\"async\" width=\"620\" height=\"240\" src=\"https:\/\/www.sages.ch\/wp-content\/uploads\/2023\/06\/Sponsor_Tertianum.jpg\" class=\"attachment-full size-full\" alt=\"\" srcset=\"https:\/\/www.sages.ch\/wp-content\/uploads\/2023\/06\/Sponsor_Tertianum-200x77.jpg 200w, https:\/\/www.sages.ch\/wp-content\/uploads\/2023\/06\/Sponsor_Tertianum-400x155.jpg 400w, https:\/\/www.sages.ch\/wp-content\/uploads\/2023\/06\/Sponsor_Tertianum-600x232.jpg 600w, https:\/\/www.sages.ch\/wp-content\/uploads\/2023\/06\/Sponsor_Tertianum.jpg 620w\" sizes=\"(min-width: 2200px) 100vw, (min-width: 856px) 275px, (min-width: 784px) 367px, (min-width: 712px) 550px, (min-width: 640px) 712px, \" \/><\/a><\/div><\/div><\/div><\/div><\/div><\/div><\/div><\/div><\/div><\/div><\/p>\n","protected":false},"excerpt":{"rendered":"","protected":false},"author":1,"featured_media":0,"parent":0,"menu_order":1,"comment_status":"closed","ping_status":"closed","template":"","meta":{"footnotes":""},"class_list":["post-4719","page","type-page","status-publish","hentry","cat_allemand","cat_francais"],"_links":{"self":[{"href":"https:\/\/www.sages.ch\/fr\/wp-json\/wp\/v2\/pages\/4719","targetHints":{"allow":["GET"]}}],"collection":[{"href":"https:\/\/www.sages.ch\/fr\/wp-json\/wp\/v2\/pages"}],"about":[{"href":"https:\/\/www.sages.ch\/fr\/wp-json\/wp\/v2\/types\/page"}],"author":[{"embeddable":true,"href":"https:\/\/www.sages.ch\/fr\/wp-json\/wp\/v2\/users\/1"}],"replies":[{"embeddable":true,"href":"https:\/\/www.sages.ch\/fr\/wp-json\/wp\/v2\/comments?post=4719"}],"version-history":[{"count":53,"href":"https:\/\/www.sages.ch\/fr\/wp-json\/wp\/v2\/pages\/4719\/revisions"}],"predecessor-version":[{"id":10998,"href":"https:\/\/www.sages.ch\/fr\/wp-json\/wp\/v2\/pages\/4719\/revisions\/10998"}],"wp:attachment":[{"href":"https:\/\/www.sages.ch\/fr\/wp-json\/wp\/v2\/media?parent=4719"}],"curies":[{"name":"wp","href":"https:\/\/api.w.org\/{rel}","templated":true}]}}