{"id":4826,"date":"2021-02-19T16:13:44","date_gmt":"2021-02-19T15:13:44","guid":{"rendered":"https:\/\/www.sages.ch\/?page_id=4826"},"modified":"2024-11-08T16:20:33","modified_gmt":"2024-11-08T15:20:33","slug":"berne","status":"publish","type":"page","link":"https:\/\/www.sages.ch\/fr\/sections\/berne\/","title":{"rendered":"Berne"},"content":{"rendered":"<div class=\"fusion-fullwidth fullwidth-box fusion-builder-row-1 nonhundred-percent-fullwidth non-hundred-percent-height-scrolling\" style=\"--awb-border-radius-top-left:0px;--awb-border-radius-top-right:0px;--awb-border-radius-bottom-right:0px;--awb-border-radius-bottom-left:0px;--awb-padding-top:0px;--awb-padding-bottom:20px;--awb-flex-wrap:wrap;\" ><div class=\"fusion-builder-row fusion-row\"><div class=\"fusion-layout-column fusion_builder_column fusion-builder-column-0 fusion_builder_column_1_1 1_1 fusion-one-full fusion-column-first fusion-column-last\" style=\"--awb-padding-bottom:20px;--awb-bg-size:cover;\"><div class=\"fusion-column-wrapper fusion-flex-column-wrapper-legacy\"><div class=\"fusion-sep-clear\"><\/div><div class=\"fusion-separator fusion-full-width-sep\" style=\"margin-left: auto;margin-right: auto;margin-bottom:30px;width:100%;\"><div class=\"fusion-separator-border sep-single sep-solid\" style=\"--awb-height:20px;--awb-amount:20px;--awb-sep-color:#efefef;border-color:#efefef;border-top-width:10px;\"><\/div><\/div><div class=\"fusion-sep-clear\"><\/div><div class=\"fusion-text fusion-text-1\"><h1>La section de Berne<\/h1>\n<\/div><div class=\"fusion-clearfix\"><\/div><\/div><\/div><div class=\"fusion-layout-column fusion_builder_column fusion-builder-column-1 fusion_builder_column_2_3 2_3 fusion-two-third fusion-column-first\" style=\"--awb-bg-size:cover;width:66.666666666667%;width:calc(66.666666666667% - ( ( 4% ) * 0.66666666666667 ) );margin-right: 4%;\"><div class=\"fusion-column-wrapper fusion-flex-column-wrapper-legacy\"><div class=\"fusion-text fusion-text-2\"><p>La section de Berne de l\u2019Association suisse pour le travail social en lien avec la sant\u00e9 rend possible et favorise l\u2019\u00e9change du savoir et de l\u2019exp\u00e9rience des travailleurs sociaux dans le milieu m\u00e9dical du canton de Berne. Des rencontres ont lieu r\u00e9guli\u00e8rement entre les membres de l\u2019 Association. Elles ont pour objectifs:<\/p>\n<ul>\n<li>la cr\u00e9ation de liens entre travailleurs sociaux du canton de Berne occup\u00e9s dans en lien avec de la sant\u00e9<\/li>\n<li>l\u2019accroissement\u00a0d\u2019\u00e9changes en ce qui concerne les th\u00e8mes actuels dans le milieu m\u00e9dical du canton de Berne<\/li>\n<li>le\u00a0d\u00e9veloppement d\u2019attitudes communes<\/li>\n<li>l\u2019\u00e9laboration\u00a0de publications\u00a0d\u00e9cisionnelles\u00a0et prises de position<\/li>\n<li>le renforcement de la position du travail social en lien avec la sant\u00e9<\/li>\n<li>la d\u00e9fense des besoins de nos\u00a0patientes et patients\u00a0\/ clientes et clients<\/li>\n<\/ul>\n<p>En tant que comit\u00e9 de la section, nous vous invitons volontiers \u00e0 l\u2019une de nos rencontres, afin que vous puissiez\u00a0avoir une image\u00a0concr\u00e8te\u00a0de notre travail\u00a0et vous d\u00e9cider \u00e0 devenir membres\u00a0de notre association\u00a0(SAGES).<\/p>\n<\/div><div class=\"fusion-clearfix\"><\/div><\/div><\/div><div class=\"fusion-layout-column fusion_builder_column fusion-builder-column-2 fusion_builder_column_1_3 1_3 fusion-one-third fusion-column-last\" style=\"--awb-padding-top:25px;--awb-padding-right:22px;--awb-padding-bottom:22px;--awb-padding-left:20px;--awb-bg-color:#f7f7f7;--awb-bg-color-hover:#f7f7f7;--awb-bg-size:cover;--awb-border-color:#89bb47;--awb-border-top:10px;--awb-border-style:solid;width:33.333333333333%;width:calc(33.333333333333% - ( ( 4% ) * 0.33333333333333 ) );\"><div class=\"fusion-column-wrapper fusion-flex-column-wrapper-legacy\"><div class=\"fusion-text fusion-text-3\"><h2 class=\"fusion-responsive-typography-calculated\" data-fontsize=\"28\" data-lineheight=\"39.2px\">Contact<\/h2>\n<\/div><div class=\"fusion-sep-clear\"><\/div><div class=\"fusion-separator fusion-full-width-sep\" style=\"margin-left: auto;margin-right: auto;margin-top:13px;width:100%;\"><\/div><div class=\"fusion-sep-clear\"><\/div><div class=\"fusion-text fusion-text-4\"><div><strong>Nicolas Netzer<\/strong><\/div>\n<div>Ligue bernoise contre le cancer<\/div>\n<div>T\u00e9l\u00e9phone 031 313 24 22<\/div>\n<div><strong><a href=\"mailto:nicolas.netzer@krebsligabern.ch\">nicolas.netzer@krebsligabern.ch<\/a><\/strong><\/div>\n<\/div><div class=\"fusion-sep-clear\"><\/div><div class=\"fusion-separator fusion-full-width-sep\" style=\"margin-left: auto;margin-right: auto;margin-top:20px;margin-bottom:20px;width:100%;\"><div class=\"fusion-separator-border sep-single sep-solid\" style=\"--awb-height:20px;--awb-amount:20px;border-color:#e0dede;border-top-width:1px;\"><\/div><\/div><div class=\"fusion-sep-clear\"><\/div><div class=\"fusion-text fusion-text-5\" style=\"--awb-text-transform:none;\"><div><strong>Stefanie Rytz<\/strong><\/div>\n<div>Privatklinik Meiringen<\/div>\n<div>T\u00e9l\u00e9phone 033 972 82 72<br \/>\n<strong><a href=\"mailto:stefanie.rytz@privatklinik-meiringen.ch\">stefanie.rytz@privatklinik-meiringen.ch<\/a><\/strong><\/div>\n<\/div><div class=\"fusion-sep-clear\"><\/div><div class=\"fusion-separator fusion-full-width-sep\" style=\"margin-left: auto;margin-right: auto;margin-top:20px;margin-bottom:20px;width:100%;\"><div class=\"fusion-separator-border sep-single sep-solid\" style=\"--awb-height:20px;--awb-amount:20px;border-color:#e0dede;border-top-width:1px;\"><\/div><\/div><div class=\"fusion-sep-clear\"><\/div><div class=\"fusion-text fusion-text-6\" style=\"--awb-text-transform:none;\"><div><strong>Uwe Schenk<\/strong><\/div>\n<div>Psychiatrische Dienste Spital Thun<\/div>\n<div>T\u00e9l\u00e9phone 058 636 47 80<\/div>\n<div><strong><a href=\"mailto:uwe.schenk@spitalstsag.ch\">uwe.schenk@spitalstsag.ch<\/a><\/strong><\/div>\n<\/div><div class=\"fusion-sep-clear\"><\/div><div class=\"fusion-separator fusion-full-width-sep\" style=\"margin-left: auto;margin-right: auto;margin-top:20px;margin-bottom:20px;width:100%;\"><div class=\"fusion-separator-border sep-single sep-solid\" style=\"--awb-height:20px;--awb-amount:20px;border-color:#e0dede;border-top-width:1px;\"><\/div><\/div><div class=\"fusion-sep-clear\"><\/div><div class=\"fusion-text fusion-text-7\"><div><strong>Petra Stern<br \/>\n<\/strong>Wohn- und Pflegeheim Utzigen<br \/>\nT\u00e9l\u00e9phone 031 838 21 14<\/div>\n<div><strong><a href=\"mailto:petra.stern@schlossutzigen.ch\" target=\"_blank\" rel=\"noopener\">petra.stern@schlossutzigen.ch<\/a><\/strong><\/div>\n<\/div><div class=\"fusion-sep-clear\"><\/div><div class=\"fusion-separator fusion-full-width-sep\" style=\"margin-left: auto;margin-right: auto;margin-top:20px;margin-bottom:20px;width:100%;\"><div class=\"fusion-separator-border sep-single sep-solid\" style=\"--awb-height:20px;--awb-amount:20px;border-color:#e0dede;border-top-width:1px;\"><\/div><\/div><div class=\"fusion-sep-clear\"><\/div><div class=\"fusion-text fusion-text-8\"><div>\n<div><strong>Stefanie Zehnder<\/strong><\/div>\n<div>Inselspital<\/div>\n<div>Telefon 031 632 77 84<\/div>\n<div><strong><a href=\"mailto:stefanie.zehnder@insel.ch\">stefanie.zehnder@insel.ch<\/a><\/strong><\/div>\n<div><\/div>\n<\/div>\n<div>\n<div><\/div>\n<\/div>\n<\/div><div class=\"fusion-clearfix\"><\/div><\/div><\/div><\/div><\/div>\n","protected":false},"excerpt":{"rendered":"","protected":false},"author":1,"featured_media":0,"parent":4822,"menu_order":85,"comment_status":"closed","ping_status":"closed","template":"","meta":{"footnotes":""},"class_list":["post-4826","page","type-page","status-publish","hentry"],"_links":{"self":[{"href":"https:\/\/www.sages.ch\/fr\/wp-json\/wp\/v2\/pages\/4826","targetHints":{"allow":["GET"]}}],"collection":[{"href":"https:\/\/www.sages.ch\/fr\/wp-json\/wp\/v2\/pages"}],"about":[{"href":"https:\/\/www.sages.ch\/fr\/wp-json\/wp\/v2\/types\/page"}],"author":[{"embeddable":true,"href":"https:\/\/www.sages.ch\/fr\/wp-json\/wp\/v2\/users\/1"}],"replies":[{"embeddable":true,"href":"https:\/\/www.sages.ch\/fr\/wp-json\/wp\/v2\/comments?post=4826"}],"version-history":[{"count":13,"href":"https:\/\/www.sages.ch\/fr\/wp-json\/wp\/v2\/pages\/4826\/revisions"}],"predecessor-version":[{"id":9437,"href":"https:\/\/www.sages.ch\/fr\/wp-json\/wp\/v2\/pages\/4826\/revisions\/9437"}],"up":[{"embeddable":true,"href":"https:\/\/www.sages.ch\/fr\/wp-json\/wp\/v2\/pages\/4822"}],"wp:attachment":[{"href":"https:\/\/www.sages.ch\/fr\/wp-json\/wp\/v2\/media?parent=4826"}],"curies":[{"name":"wp","href":"https:\/\/api.w.org\/{rel}","templated":true}]}}