{"id":5441,"date":"2021-11-10T14:25:49","date_gmt":"2021-11-10T13:25:49","guid":{"rendered":"https:\/\/www.sages.ch\/?page_id=5441"},"modified":"2021-11-10T14:25:49","modified_gmt":"2021-11-10T13:25:49","slug":"2-nationale-sages-fachtagung-2021","status":"publish","type":"page","link":"https:\/\/www.sages.ch\/fr\/2-nationale-sages-fachtagung-2021\/","title":{"rendered":"2. Nationale SAGES-Fachtagung 2021"},"content":{"rendered":"<div class=\"fusion-fullwidth fullwidth-box fusion-builder-row-1 nonhundred-percent-fullwidth non-hundred-percent-height-scrolling\" style=\"--awb-border-radius-top-left:0px;--awb-border-radius-top-right:0px;--awb-border-radius-bottom-right:0px;--awb-border-radius-bottom-left:0px;--awb-padding-top:0px;--awb-padding-bottom:20px;--awb-flex-wrap:wrap;\" ><div class=\"fusion-builder-row fusion-row\"><div class=\"fusion-layout-column fusion_builder_column fusion-builder-column-0 fusion_builder_column_1_1 1_1 fusion-one-full fusion-column-first fusion-column-last\" style=\"--awb-padding-bottom:20px;--awb-bg-size:cover;\"><div class=\"fusion-column-wrapper fusion-flex-column-wrapper-legacy\"><div class=\"fusion-sep-clear\"><\/div><div class=\"fusion-separator fusion-full-width-sep\" style=\"margin-left: auto;margin-right: auto;margin-bottom:30px;width:100%;\"><div class=\"fusion-separator-border sep-single sep-solid\" style=\"--awb-height:20px;--awb-amount:20px;--awb-sep-color:#efefef;border-color:#efefef;border-top-width:10px;\"><\/div><\/div><div class=\"fusion-sep-clear\"><\/div><div class=\"fusion-text fusion-text-1\"><h2>2. Nationale SAGES-Fachtagung 2021<\/h2>\n<\/div><div class=\"fusion-clearfix\"><\/div><\/div><\/div><div class=\"fusion-layout-column fusion_builder_column fusion-builder-column-1 fusion_builder_column_1_1 1_1 fusion-one-full fusion-column-first fusion-column-last\" style=\"--awb-bg-size:cover;\"><div class=\"fusion-column-wrapper fusion-column-has-shadow fusion-flex-column-wrapper-legacy\"><div class=\"fusion-text fusion-text-2\"><p data-fontsize=\"28\" data-lineheight=\"39\">Sie k\u00f6nnen die Pr\u00e4sentationen der Keynotes und Workshops der 2. Nationalen SAGES-Fachtagung vom 3. November 2021 an der FHNW in Olten mit nachfolgendem Link als PDF herunterladen:<\/p>\n<p data-fontsize=\"28\" data-lineheight=\"39\"><strong><a href=\"https:\/\/www.sages.ch\/wp-content\/uploads\/2021\/11\/Keynote-1-Erfolgreiche-Teilhabe-\u00fcber-gesundheitsbezogene-Soziale-Arbeit.pdf\" target=\"_blank\" rel=\"noopener noreferrer\">\u203a Keynote 1: \u00abErfolgreiche Teilhabe \u00fcber gesundheitsbezogene Soziale Arbeit\u00bb<\/a><\/strong><br \/>\n<em>\u2013 Prof. Dr. phil. Stephan Dettmers M.A., Fachhochschule Kiel, 1. Vorsitzender der Deutschen Vereinigung f\u00fcr Soziale Arbeit im Gesundheitswesen DVSG<\/em><\/p>\n<p><strong><a href=\"https:\/\/www.sages.ch\/wp-content\/uploads\/2021\/11\/Keynote-2-Gesundheitsbezogene-Soziale-Arbeit-aus-Public-Health-Perspektive.pdf\" target=\"_blank\" rel=\"noopener noreferrer\">\u203a Keynote 2: \u00abGesundheitsbezogene Soziale Arbeit aus Public Health-Perspektive\u00bb<\/a><\/strong><br \/>\n<em>\u2013\u00a0Anne L\u00e9vy, Direktorin des Bundesamts f\u00fcr Gesundheit BAG<\/em><\/p>\n<p><a href=\"https:\/\/www.sages.ch\/wp-content\/uploads\/2021\/11\/Workshop-1-Soziale-Arbeit-in-der-Arztpraxis-Vorurteile-Vertrauen-und-interprofessionelle-Kultur.pdf\" target=\"_blank\" rel=\"noopener noreferrer\"><strong>\u203a Workshop 1: \u00abSoziale Arbeit in der Arztpraxis: Vorurteile, Vertrauen und interprofessionelle Kultur\u00bb<\/strong><\/a><br \/>\n<em>\u2013 Ren\u00e9 R\u00fcegg, BSc Soziale Arbeit, Wissenschaftlicher Mitarbeiter, Berner Fachhochschule Soziale Arbeit<\/em><br \/>\n<em>\u2013 Dunja Vetter, Sozialarbeiterin FH (MA), Caritas beider Basel<\/em><br \/>\n<em>\u2013 Irene Weber-Hallauer, MA klinische Sozialarbeit, Procap Zentralschweiz Ost<\/em><\/p>\n<p><strong><a href=\"https:\/\/www.sages.ch\/wp-content\/uploads\/2021\/11\/Workshop-2-Forschungs-und-Entwicklungsprojekt-REAS-\u2013-Regionale-Anlaufstellen.pdf\" target=\"_blank\" rel=\"noopener noreferrer\">\u203a Workshop 2: \u00abForschungs- und Entwicklungsprojekt REAS \u2013 Regionale Anlaufstellen\u00bb<\/a><\/strong><br \/>\n<em>\u2013 Hannes L\u00fcthi, Gesch\u00e4ftsleiter aha! Allergiezentrum Schweiz<\/em><br \/>\n<em>\u2013 Christine Morger, Dipl. Sozialarbeiterin HFS, REAS-Fachperson, Rheumaliga Bern und Oberwallis<\/em><\/p>\n<p><strong><a href=\"https:\/\/www.sages.ch\/wp-content\/uploads\/2021\/11\/Workshop-3-Sans-Papiers-Zugang-zum-Gesundheitswesen-und-Rolle-der-Sozialen-Arbeit.pdf\" target=\"_blank\" rel=\"noopener noreferrer\">\u203a Workshop 3: \u00abSans-Papiers: Zugang zum Gesundheitswesen und Rolle der Sozialen Arbeit\u00bb<\/a><\/strong><br \/>\n<em>\u2013 H\u00e9l\u00e8ne Wernli, Sozialarbeiterin FH (BA), Universit\u00e4tsspital Z\u00fcrich<\/em><br \/>\n<em>\u2013 Andres St\u00e4deli, Sozialarbeiter FH (BA), Universit\u00e4tsspital Z\u00fcrich<\/em><\/p>\n<p><strong><a href=\"https:\/\/www.sages.ch\/wp-content\/uploads\/2021\/11\/Workshop-4-Soziale-Teilhabe-am-1.-Arbeitsmarkt-ein-Projekt-der-UPK-Basel-und-der-IV-Stelle-Basel-Stadt.pdf\" target=\"_blank\" rel=\"noopener noreferrer\">\u203a Workshop 4: \u00abSoziale Teilhabe am 1. Arbeitsmarkt: ein Projekt der UPK Basel und der IV-Stelle Basel-Stadt\u00bb<\/a><\/strong><br \/>\n<em>\u2013 Martin Hug, Leiter Sozialdienst, UPK Basel<\/em><br \/>\n<em>\u2013 Gerlinde Kehl, Teamleiterin Integration, IV-Stelle Basel-Stadt<\/em><br \/>\n<em>\u2013 Sibylle Klug, Sozialarbeiterin FH (BA), UPK Basel<\/em><\/p>\n<p><a href=\"https:\/\/www.sages.ch\/wp-content\/uploads\/2021\/11\/Workshop-5-Formen-und-Bedingungen-von-Evaluationsaktivit\u00e4ten-in-der-gesundheitsbezogenen-Sozialen-Arbeit.pdf\" target=\"_blank\" rel=\"noopener noreferrer\"><strong>\u203a Workshop 5: \u00abFormen und Bedingungen von Evaluationsaktivit\u00e4ten in der gesundheitsbezogenen Sozialen Arbeit\u00bb<\/strong><\/a><br \/>\n<em>\u2013 Prof. Dr. Edgar Baumgartner, Institut Professionsforschung und -entwicklung, Hochschule f\u00fcr Soziale Arbeit FHNW<\/em><br \/>\n<em>\u2013 Aline Kaufmann, Institut Professionsforschung und -entwicklung, Hochschule f\u00fcr Soziale Arbeit FHNW<\/em><br \/>\n<em>\u2013 Michael Lambertus, Institut Professionsforschung und -entwicklung, Hochschule f\u00fcr Soziale Arbeit FHNW<\/em><\/p>\n<p><strong><a href=\"https:\/\/www.sages.ch\/wp-content\/uploads\/2021\/11\/Workshop-6-Zuk\u00fcnftige-Ausbildung-in-gesundheitsbezogener-Sozialer-Arbeit.pdf\" target=\"_blank\" rel=\"noopener noreferrer\">\u203a Workshop 6: \u00abZuk\u00fcnftige Ausbildung in gesundheitsbezogener Sozialer Arbeit\u00bb<\/a><\/strong><br \/>\n<em>\u2013 Simon S\u00fcsstrunk, MA, Wissenschaftlicher Mitarbeiter, Fachhochschule Nordwestschweiz, Hochschule f\u00fcr Soziale Arbeit, Institut Soziale Arbeit und Gesundheit<\/em><br \/>\n<em>\u2013 Prof. Elke Brusa-Hoevels, Hochschule Luzern \u2013 Soziale Arbeit, Institut Sozialarbeit und Recht, Dozentin und Projektleiterin<\/em><br \/>\n<em>\u2013 Irene Weber-Hallauer, MA klinische Sozialarbeit, Procap Zentralschweiz Ost<\/em><\/p>\n<p><strong><a href=\"https:\/\/www.sages.ch\/wp-content\/uploads\/2021\/11\/Workshop-7-Soziale-Arbeit-in-den-Arbeitsfeldern-der-Suchthilfe.pdf\" target=\"_blank\" rel=\"noopener noreferrer\">\u203a Workshop 7: \u00abSoziale Arbeit in den Arbeitsfeldern der Suchthilfe\u00bb<\/a><\/strong><br \/>\n<em>\u2013 Dr. Marcel Krebs, Institut Soziale Arbeit und Gesundheit, Hochschule f\u00fcr Soziale Arbeit FHNW<\/em><br \/>\n<em>\u2013 Tanya Mezzera, Bereichsleiterin Suchtberatung ags, Lenzburg<\/em><\/p>\n<p><strong><a href=\"https:\/\/www.sages.ch\/wp-content\/uploads\/2021\/11\/Workshop-8-Recovery-und-Soziale-Arbeit-in-der-Psychiatrie.pdf\" target=\"_blank\" rel=\"noopener noreferrer\">\u203a Workshop 8: \u00abRecovery und Soziale Arbeit in der Psychiatrie\u00bb<\/a><\/strong><br \/>\n<em>\u2013 Benjamin Holinger, Wissenschaftlicher Mitarbeiter Soziale Arbeit, UPK Basel<\/em><br \/>\n<em>\u2013 Stefan Wetzel-Siegenthaler, Sozialarbeiter FH (BA), Sozialdienst UPK Basel<\/em><\/p>\n<p><strong><a href=\"https:\/\/www.sages.ch\/wp-content\/uploads\/2021\/11\/Workshop-9-Risiko-und-Erfolgsfaktoren-sozialer-Teilhabe-bei-Menschen-mit-einer-Hirnverletzung_einer-neurologischen-Erkrankung.pdf\" target=\"_blank\" rel=\"noopener noreferrer\">\u203a Workshop 9: \u00abRisiko- und Erfolgsfaktoren sozialer Teilhabe bei Menschen mit einer Hirnverletzung \/ einer neurologischen Erkrankung\u00bb<\/a><\/strong><br \/>\n<em>\u2013 Silvia Spaar-Huber, Sozialarbeiterin FH (BA), Projektleiterin LOTSE, FRAGILE Suisse<\/em><br \/>\n<em>\u2013 Julia Eugster, Leiterin Dienstleistungen, FRAGILE Suisse<\/em><\/p>\n<p><strong><a href=\"https:\/\/www.sages.ch\/wp-content\/uploads\/2021\/11\/Workshop-10-Wirkungsorientierung-in-der-gesundheitsbezogenen-Sozialen-Arbeit-Einblick-in-einen-vielversprechenden-Evaluationsansatz.pdf\" target=\"_blank\" rel=\"noopener noreferrer\">\u203a Workshop 10: \u00abWirkungsorientierung in der gesundheitsbezogenen Sozialen Arbeit: Einblick in einen vielversprechenden Evaluationsansatz\u00bb<\/a><\/strong><br \/>\n<em>\u2013 Sigrid Haunberger, Prof. Dr., Sozialarbeiterin (FH), Dipl. Soziologin, Dozentin am Institut f\u00fcr Sozialmanagement, Departement Soziale Arbeit, ZHAW<\/em><\/p>\n<\/div><div class=\"fusion-clearfix\"><\/div><\/div><\/div><\/div><\/div>\n","protected":false},"excerpt":{"rendered":"","protected":false},"author":1,"featured_media":0,"parent":0,"menu_order":86,"comment_status":"closed","ping_status":"closed","template":"","meta":{"footnotes":""},"class_list":["post-5441","page","type-page","status-publish","hentry"],"_links":{"self":[{"href":"https:\/\/www.sages.ch\/fr\/wp-json\/wp\/v2\/pages\/5441","targetHints":{"allow":["GET"]}}],"collection":[{"href":"https:\/\/www.sages.ch\/fr\/wp-json\/wp\/v2\/pages"}],"about":[{"href":"https:\/\/www.sages.ch\/fr\/wp-json\/wp\/v2\/types\/page"}],"author":[{"embeddable":true,"href":"https:\/\/www.sages.ch\/fr\/wp-json\/wp\/v2\/users\/1"}],"replies":[{"embeddable":true,"href":"https:\/\/www.sages.ch\/fr\/wp-json\/wp\/v2\/comments?post=5441"}],"version-history":[{"count":2,"href":"https:\/\/www.sages.ch\/fr\/wp-json\/wp\/v2\/pages\/5441\/revisions"}],"predecessor-version":[{"id":5450,"href":"https:\/\/www.sages.ch\/fr\/wp-json\/wp\/v2\/pages\/5441\/revisions\/5450"}],"wp:attachment":[{"href":"https:\/\/www.sages.ch\/fr\/wp-json\/wp\/v2\/media?parent=5441"}],"curies":[{"name":"wp","href":"https:\/\/api.w.org\/{rel}","templated":true}]}}