{"id":6875,"date":"2023-01-27T18:08:42","date_gmt":"2023-01-27T17:08:42","guid":{"rendered":"https:\/\/www.sages.ch\/lisa-aeberhard\/"},"modified":"2023-12-01T16:06:16","modified_gmt":"2023-12-01T15:06:16","slug":"lisa-aeberhard","status":"publish","type":"page","link":"https:\/\/www.sages.ch\/fr\/lisa-aeberhard\/","title":{"rendered":"Lisa Aeberhard"},"content":{"rendered":"<div class=\"fusion-fullwidth fullwidth-box fusion-builder-row-1 fusion-flex-container nonhundred-percent-fullwidth non-hundred-percent-height-scrolling\" style=\"--awb-border-radius-top-left:0px;--awb-border-radius-top-right:0px;--awb-border-radius-bottom-right:0px;--awb-border-radius-bottom-left:0px;--awb-flex-wrap:wrap;\" ><div class=\"fusion-builder-row fusion-row fusion-flex-align-items-flex-start fusion-flex-content-wrap\" style=\"max-width:1206.4px;margin-left: calc(-4% \/ 2 );margin-right: calc(-4% \/ 2 );\"><div class=\"fusion-layout-column fusion_builder_column fusion-builder-column-0 fusion_builder_column_1_1 1_1 fusion-flex-column\" style=\"--awb-bg-size:cover;--awb-width-large:100%;--awb-margin-top-large:0px;--awb-spacing-right-large:1.92%;--awb-margin-bottom-large:20px;--awb-spacing-left-large:1.92%;--awb-width-medium:100%;--awb-order-medium:0;--awb-spacing-right-medium:1.92%;--awb-spacing-left-medium:1.92%;--awb-width-small:100%;--awb-order-small:0;--awb-spacing-right-small:1.92%;--awb-spacing-left-small:1.92%;\"><div class=\"fusion-column-wrapper fusion-column-has-shadow fusion-flex-justify-content-flex-start fusion-content-layout-column\"><div class=\"fusion-text fusion-text-1\" style=\"--awb-text-transform:none;\"><h2>Lisa Aeberhard<\/h2>\n<\/div><\/div><\/div><div class=\"fusion-layout-column fusion_builder_column fusion-builder-column-1 fusion_builder_column_2_3 2_3 fusion-flex-column\" style=\"--awb-bg-size:cover;--awb-width-large:66.666666666667%;--awb-margin-top-large:0px;--awb-spacing-right-large:2.88%;--awb-margin-bottom-large:20px;--awb-spacing-left-large:2.88%;--awb-width-medium:100%;--awb-order-medium:0;--awb-spacing-right-medium:1.92%;--awb-spacing-left-medium:1.92%;--awb-width-small:100%;--awb-order-small:0;--awb-spacing-right-small:1.92%;--awb-spacing-left-small:1.92%;\"><div class=\"fusion-column-wrapper fusion-column-has-shadow fusion-flex-justify-content-flex-start fusion-content-layout-column\"><div class=\"fusion-text fusion-text-2\" style=\"--awb-text-transform:none;\"><p>N\u00e9 en 1964, domicili\u00e9 \u00e0 Ostermundigen<\/p>\n<p><strong>Formations<\/strong><\/p>\n<ul>\n<li>BFH travail social<\/li>\n<li>Sciences juridiques \u00e0 l&rsquo;Universit\u00e9 de Berne<\/li>\n<li>Nombreuses formations continues et postgrades, principalement dans les domaines suivants :\n<ul>\n<li>Management dans le domaine de la sant\u00e9<\/li>\n<li>Didactique universitaire<\/li>\n<li>M\u00e9decine l\u00e9gale<\/li>\n<li>Gestion des risques<\/li>\n<li>Droit de la sant\u00e9<\/li>\n<li>Gestion des opportunit\u00e9s et des projets<\/li>\n<li>M\u00e9diation<\/li>\n<\/ul>\n<\/li>\n<\/ul>\n<p><strong>Parcours professionnel et activit\u00e9s\u00a0<\/strong><\/p>\n<ul>\n<li>Travailleuse sociale dans le domaine de la protection des adultes et des enfants<\/li>\n<li>Adjointe du responsable de la division Ex\u00e9cution des peines et mesures Canton de Berne<\/li>\n<li>Professeur invit\u00e9 \u00e0 la Haute \u00e9cole sp\u00e9cialis\u00e9e de Berne \/ Universit\u00e9 de Berne<\/li>\n<li>Initiation de la Conf\u00e9rence intercantonale des services sociaux en psychiatrie FKSP et fonction de co-pr\u00e9sidente<\/li>\n<li>Pr\u00e9sidence du R\u00e9seau de psychiatrie du canton de Berne NWP-BE<\/li>\n<li>Cr\u00e9ation de l&rsquo;enceinte \u00e9thique interdisciplinaire et clinique \u00ab\u00a0Ethik im Gespr\u00e4ch\u00a0\u00bb UPD<\/li>\n<li>Initiation des relations publiques UPD sous la direction du travail social (manifestation professionnelle interdisciplinaire \u00ab\u00a0Conf\u00e9rence sociale UPD\u00a0\u00bb, manifestations publiques \u00ab\u00a0UPD-ART\u00a0\u00bb et \u00ab\u00a0Fokus Psyche\u00a0\u00bb).<\/li>\n<\/ul>\n<p><strong>Domaines de travail actuels\u00a0<\/strong><\/p>\n<ul>\n<li style=\"list-style-type: none;\">\n<ul>\n<li>Direction du service social, UPD Berne (direction du centre de travail social clinique et mise en r\u00e9seau Z-KSV, UPD)<\/li>\n<li>Membre de la direction de la clinique universitaire de psychiatrie et de psychoth\u00e9rapie UPD<\/li>\n<\/ul>\n<\/li>\n<\/ul>\n<p><strong>A propos du travail social dans le domaine de la sant\u00e9<\/strong><\/p>\n<p>\u00ab\u00a0Le positionnement du travail social en lien avec la sant\u00e9 est encore loin d&rsquo;\u00eatre l\u00e0 o\u00f9 il devrait \u00eatre. Pour atteindre l&rsquo;objectif d&rsquo;\u00eatre per\u00e7u en tant que profession d&rsquo;\u00e9gal \u00e0 \u00e9gal par les autres disciplines du domaine de la sant\u00e9, il faut un engagement personnel : au niveau op\u00e9rationnel, par des travailleurs sociaux attentifs, comp\u00e9tents et impliqu\u00e9s ; au niveau strat\u00e9gique, par des responsables pr\u00e9voyants, agiles et tenaces ; et au niveau de la politique professionnelle, par la prise de conscience que le positionnement ne peut pas \u00eatre promu uniquement par SAGES, mais &#8211; au quotidien &#8211; par nous tous.\u00a0\u00bb<\/p>\n<\/div><\/div><\/div><div class=\"fusion-layout-column fusion_builder_column fusion-builder-column-2 fusion_builder_column_1_3 1_3 fusion-flex-column\" style=\"--awb-bg-size:cover;--awb-width-large:33.333333333333%;--awb-margin-top-large:0px;--awb-spacing-right-large:5.76%;--awb-margin-bottom-large:20px;--awb-spacing-left-large:5.76%;--awb-width-medium:100%;--awb-order-medium:0;--awb-spacing-right-medium:1.92%;--awb-spacing-left-medium:1.92%;--awb-width-small:100%;--awb-order-small:0;--awb-spacing-right-small:1.92%;--awb-spacing-left-small:1.92%;\"><div class=\"fusion-column-wrapper fusion-column-has-shadow fusion-flex-justify-content-flex-start fusion-content-layout-column\"><\/div><\/div><\/div><\/div>\n","protected":false},"excerpt":{"rendered":"","protected":false},"author":1,"featured_media":0,"parent":0,"menu_order":30,"comment_status":"closed","ping_status":"closed","template":"","meta":{"footnotes":""},"class_list":["post-6875","page","type-page","status-publish","hentry"],"_links":{"self":[{"href":"https:\/\/www.sages.ch\/fr\/wp-json\/wp\/v2\/pages\/6875","targetHints":{"allow":["GET"]}}],"collection":[{"href":"https:\/\/www.sages.ch\/fr\/wp-json\/wp\/v2\/pages"}],"about":[{"href":"https:\/\/www.sages.ch\/fr\/wp-json\/wp\/v2\/types\/page"}],"author":[{"embeddable":true,"href":"https:\/\/www.sages.ch\/fr\/wp-json\/wp\/v2\/users\/1"}],"replies":[{"embeddable":true,"href":"https:\/\/www.sages.ch\/fr\/wp-json\/wp\/v2\/comments?post=6875"}],"version-history":[{"count":5,"href":"https:\/\/www.sages.ch\/fr\/wp-json\/wp\/v2\/pages\/6875\/revisions"}],"predecessor-version":[{"id":8408,"href":"https:\/\/www.sages.ch\/fr\/wp-json\/wp\/v2\/pages\/6875\/revisions\/8408"}],"wp:attachment":[{"href":"https:\/\/www.sages.ch\/fr\/wp-json\/wp\/v2\/media?parent=6875"}],"curies":[{"name":"wp","href":"https:\/\/api.w.org\/{rel}","templated":true}]}}