{"id":9453,"date":"2024-11-08T17:11:30","date_gmt":"2024-11-08T16:11:30","guid":{"rendered":"https:\/\/www.sages.ch\/?page_id=9453"},"modified":"2025-02-03T11:13:35","modified_gmt":"2025-02-03T10:13:35","slug":"strategie-et-objectifs","status":"publish","type":"page","link":"https:\/\/www.sages.ch\/fr\/strategie-et-objectifs\/","title":{"rendered":"Strat\u00e9gie et objectifs"},"content":{"rendered":"<div class=\"fusion-fullwidth fullwidth-box fusion-builder-row-1 nonhundred-percent-fullwidth non-hundred-percent-height-scrolling\" style=\"--awb-border-radius-top-left:0px;--awb-border-radius-top-right:0px;--awb-border-radius-bottom-right:0px;--awb-border-radius-bottom-left:0px;--awb-padding-top:0px;--awb-padding-bottom:20px;--awb-flex-wrap:wrap;\" ><div class=\"fusion-builder-row fusion-row\"><div class=\"fusion-layout-column fusion_builder_column fusion-builder-column-0 fusion_builder_column_1_1 1_1 fusion-one-full fusion-column-first fusion-column-last\" style=\"--awb-padding-bottom:20px;--awb-bg-size:cover;\"><div class=\"fusion-column-wrapper fusion-flex-column-wrapper-legacy\"><div class=\"fusion-sep-clear\"><\/div><div class=\"fusion-separator fusion-full-width-sep\" style=\"margin-left: auto;margin-right: auto;margin-bottom:30px;width:100%;\"><div class=\"fusion-separator-border sep-single sep-solid\" style=\"--awb-height:20px;--awb-amount:20px;--awb-sep-color:#efefef;border-color:#efefef;border-top-width:10px;\"><\/div><\/div><div class=\"fusion-sep-clear\"><\/div><div class=\"fusion-text fusion-text-1\"><h2>Strat\u00e9gie et objectifs<\/h2>\n<\/div><div class=\"fusion-clearfix\"><\/div><\/div><\/div><div class=\"fusion-layout-column fusion_builder_column fusion-builder-column-1 fusion_builder_column_1_1 1_1 fusion-one-full fusion-column-first fusion-column-last\" style=\"--awb-bg-size:cover;--awb-margin-bottom:0px;\"><div class=\"fusion-column-wrapper fusion-flex-column-wrapper-legacy\"><div class=\"fusion-text fusion-text-2\"><p>SAGES s&rsquo;engage avec passion et d\u00e9vouement avec ses membres pour le d\u00e9veloppement professionnel du travail social dans les champs d&rsquo;activit\u00e9 de la sant\u00e9, en tenant compte des connaissances scientifiques et des savoir-faire pratiques et savoir-\u00eatre n\u00e9cessaire.<\/p>\n<p>Pour pouvoir renforcer, positionner et rendre plus visible le travail social en lien avec la sant\u00e9 aux diff\u00e9rents niveaux, il est important pour nous de ne pas seulement r\u00e9agir aux d\u00e9fis actuels, mais de fa\u00e7onner l&rsquo;avenir de mani\u00e8re proactive. C&rsquo;est pourquoi nous avons d\u00e9fini quatre piliers strat\u00e9giques qui constituent la base de notre travail. Il s&rsquo;agit de \u00abpratique\u00bb, \u00abformation et recherche\u00bb, \u00abd\u00e9fense d&rsquo;int\u00e9r\u00eats et politique\u00bb ainsi que \u00abd\u00e9veloppement de l&rsquo;association\u00bb.<\/p>\n<p>Nous vous invitons \u00e0 en savoir plus sur nos objectifs strat\u00e9giques quadriennaux 2024 &#8211; 2027. Vous trouverez <strong><a href=\"https:\/\/www.sages.ch\/wp-content\/uploads\/2024\/11\/Strategie-de-lAssociation-2024-2027-sans-o2024.pdf\" target=\"_blank\" rel=\"noopener\">ici<\/a><\/strong> des informations d\u00e9taill\u00e9es et un aper\u00e7u approfondi de notre vision et des mesures pr\u00e9vues.<\/p>\n<p>Souhaitez-vous vous engager avec nous pour le travail social en lien avec la sant\u00e9 ? <strong><a href=\"https:\/\/www.sages.ch\/fr\/affiliation\/\" target=\"_blank\" rel=\"noopener\">Devenez membre de SAGES<\/a><\/strong>.<\/p>\n<\/div><div class=\"fusion-clearfix\"><\/div><\/div><\/div><\/div><\/div>\n","protected":false},"excerpt":{"rendered":"","protected":false},"author":1,"featured_media":0,"parent":0,"menu_order":0,"comment_status":"closed","ping_status":"closed","template":"","meta":{"footnotes":""},"class_list":["post-9453","page","type-page","status-publish","hentry"],"_links":{"self":[{"href":"https:\/\/www.sages.ch\/fr\/wp-json\/wp\/v2\/pages\/9453","targetHints":{"allow":["GET"]}}],"collection":[{"href":"https:\/\/www.sages.ch\/fr\/wp-json\/wp\/v2\/pages"}],"about":[{"href":"https:\/\/www.sages.ch\/fr\/wp-json\/wp\/v2\/types\/page"}],"author":[{"embeddable":true,"href":"https:\/\/www.sages.ch\/fr\/wp-json\/wp\/v2\/users\/1"}],"replies":[{"embeddable":true,"href":"https:\/\/www.sages.ch\/fr\/wp-json\/wp\/v2\/comments?post=9453"}],"version-history":[{"count":10,"href":"https:\/\/www.sages.ch\/fr\/wp-json\/wp\/v2\/pages\/9453\/revisions"}],"predecessor-version":[{"id":9889,"href":"https:\/\/www.sages.ch\/fr\/wp-json\/wp\/v2\/pages\/9453\/revisions\/9889"}],"wp:attachment":[{"href":"https:\/\/www.sages.ch\/fr\/wp-json\/wp\/v2\/media?parent=9453"}],"curies":[{"name":"wp","href":"https:\/\/api.w.org\/{rel}","templated":true}]}}