{"id":9700,"date":"2025-05-02T17:36:34","date_gmt":"2025-05-02T15:36:34","guid":{"rendered":"https:\/\/www.sages.ch\/?page_id=9700"},"modified":"2025-05-22T14:26:39","modified_gmt":"2025-05-22T12:26:39","slug":"inscription-congres-sages-apercu","status":"publish","type":"page","link":"https:\/\/www.sages.ch\/fr\/inscription-congres-sages-apercu\/","title":{"rendered":"Inscription Congr\u00e8s SAGES Apercu"},"content":{"rendered":"<p><div class=\"fusion-fullwidth fullwidth-box fusion-builder-row-1 has-pattern-background has-mask-background nonhundred-percent-fullwidth non-hundred-percent-height-scrolling\" style=\"--awb-border-radius-top-left:0px;--awb-border-radius-top-right:0px;--awb-border-radius-bottom-right:0px;--awb-border-radius-bottom-left:0px;--awb-padding-top:0px;--awb-padding-bottom:10px;--awb-flex-wrap:wrap;\" ><div class=\"fusion-builder-row fusion-row\"><div class=\"fusion-layout-column fusion_builder_column fusion-builder-column-0 fusion_builder_column_1_1 1_1 fusion-one-full fusion-column-first fusion-column-last\" style=\"--awb-padding-bottom:20px;--awb-bg-size:cover;\"><div class=\"fusion-column-wrapper fusion-flex-column-wrapper-legacy\"><div class=\"fusion-sep-clear\"><\/div><div class=\"fusion-separator fusion-full-width-sep\" style=\"margin-left: auto;margin-right: auto;margin-bottom:30px;width:100%;\"><div class=\"fusion-separator-border sep-single sep-solid\" style=\"--awb-height:20px;--awb-amount:20px;--awb-sep-color:#efefef;border-color:#efefef;border-top-width:10px;\"><\/div><\/div><div class=\"fusion-sep-clear\"><\/div><div class=\"fusion-text fusion-text-1\"><h2>Inscription 4<sup>e<\/sup> congr\u00e8s national de SAGES<\/h2>\n<\/div><div class=\"fusion-clearfix\"><\/div><\/div><\/div><div class=\"fusion-layout-column fusion_builder_column fusion-builder-column-1 fusion_builder_column_3_4 3_4 fusion-three-fourth fusion-column-first\" style=\"--awb-bg-size:cover;width:75%;width:calc(75% - ( ( 4% ) * 0.75 ) );margin-right: 4%;\"><div class=\"fusion-column-wrapper fusion-flex-column-wrapper-legacy\"><div class=\"fusion-text fusion-text-2\" style=\"--awb-text-transform:none;\"><p>Les frais de participation varient selon la cat\u00e9gorie. Veuillez s\u00e9lectionner le formulaire d&rsquo;inscription correspondant \u00e0 votre cat\u00e9gorie. Une inscription par participant\u00b7e est requise.<\/p>\n<\/div><div class=\"fusion-clearfix\"><\/div><\/div><\/div><div class=\"fusion-layout-column fusion_builder_column fusion-builder-column-2 fusion_builder_column_1_4 1_4 fusion-one-fourth fusion-column-last\" style=\"--awb-bg-size:cover;width:25%;width:calc(25% - ( ( 4% ) * 0.25 ) );\"><div class=\"fusion-column-wrapper fusion-flex-column-wrapper-legacy\"><div class=\"fusion-clearfix\"><\/div><\/div><\/div><\/div><\/div><div class=\"fusion-fullwidth fullwidth-box fusion-builder-row-2 fusion-flex-container has-pattern-background has-mask-background nonhundred-percent-fullwidth non-hundred-percent-height-scrolling\" style=\"--awb-border-radius-top-left:0px;--awb-border-radius-top-right:0px;--awb-border-radius-bottom-right:0px;--awb-border-radius-bottom-left:0px;--awb-flex-wrap:wrap;\" ><div class=\"fusion-builder-row fusion-row fusion-flex-align-items-stretch fusion-flex-content-wrap\" style=\"max-width:1206.4px;margin-left: calc(-4% \/ 2 );margin-right: calc(-4% \/ 2 );\"><div class=\"fusion-layout-column fusion_builder_column fusion-builder-column-3 fusion_builder_column_1_4 1_4 fusion-flex-column\" style=\"--awb-padding-top:25px;--awb-padding-right:22px;--awb-padding-bottom:22px;--awb-padding-left:20px;--awb-bg-color:#f7f7f7;--awb-bg-color-hover:#f7f7f7;--awb-bg-size:cover;--awb-border-color:#00a75c;--awb-border-top:10px;--awb-border-style:solid;--awb-width-large:25%;--awb-margin-top-large:0px;--awb-spacing-right-large:8.333333333333332px;--awb-margin-bottom-large:20px;--awb-spacing-left-large:7.68%;--awb-width-medium:100%;--awb-order-medium:0;--awb-spacing-right-medium:1.92%;--awb-spacing-left-medium:1.92%;--awb-width-small:100%;--awb-order-small:0;--awb-spacing-right-small:1.92%;--awb-spacing-left-small:1.92%;\" data-scroll-devices=\"small-visibility,medium-visibility,large-visibility\"><div class=\"fusion-column-wrapper fusion-column-has-shadow fusion-flex-justify-content-flex-start fusion-content-layout-column\"><div class=\"fusion-text fusion-text-3\" style=\"--awb-font-size:24px;--awb-line-height:1.2;--awb-text-color:var(--awb-color8);\"><p>Membres SAGES<\/p>\n<\/div><div class=\"fusion-separator fusion-full-width-sep\" style=\"align-self: center;margin-left: auto;margin-right: auto;margin-top:7px;width:100%;\"><\/div><div class=\"fusion-separator fusion-no-small-visibility fusion-full-width-sep\" style=\"align-self: center;margin-left: auto;margin-right: auto;margin-top:56px;width:100%;\"><\/div><div class=\"fusion-text fusion-text-4\" style=\"--awb-text-transform:none;\"><p><strong>Frais d\u2019inscription Fr. 230.\u2013<\/strong><\/p>\n<p>Pour tous et toutes les membres de l&rsquo;Association professionnelle suisse pour le travail social en lien avec la sant\u00e9 SAGES<\/p>\n<p><a href=\"https:\/\/www.sages.ch\/fr\/inscription-congres-sages-membres-sages\/\"><strong>\u203a S&rsquo;enregistrer ici<\/strong><\/a><\/p>\n<\/div><\/div><\/div><div class=\"fusion-layout-column fusion_builder_column fusion-builder-column-4 fusion_builder_column_1_4 1_4 fusion-flex-column\" style=\"--awb-padding-top:25px;--awb-padding-right:22px;--awb-padding-bottom:22px;--awb-padding-left:20px;--awb-bg-color:#f7f7f7;--awb-bg-color-hover:#f7f7f7;--awb-bg-size:cover;--awb-border-color:#89bb47;--awb-border-top:10px;--awb-border-style:solid;--awb-width-large:25%;--awb-margin-top-large:0px;--awb-spacing-right-large:8.333333333333332px;--awb-margin-bottom-large:20px;--awb-spacing-left-large:7.68%;--awb-width-medium:100%;--awb-spacing-right-medium:1.92%;--awb-spacing-left-medium:1.92%;--awb-width-small:100%;--awb-spacing-right-small:1.92%;--awb-spacing-left-small:1.92%;\"><div class=\"fusion-column-wrapper fusion-flex-justify-content-flex-start fusion-content-layout-column\"><div class=\"fusion-text fusion-text-5\" style=\"--awb-font-size:24px;--awb-line-height:1.2;--awb-text-color:var(--awb-color8);\"><p>Membres des partenaires de coop\u00e9ration<\/p>\n<\/div><div class=\"fusion-separator fusion-full-width-sep\" style=\"align-self: center;margin-left: auto;margin-right: auto;margin-top:7px;width:100%;\"><\/div><div class=\"fusion-text fusion-text-6\" style=\"--awb-text-transform:none;\"><p><strong>Frais d\u2019inscription Fr. 280.\u2013<\/strong><\/p>\n<p>Pour tous et toutes les membres d&rsquo;un des partenaires de coop\u00e9ration.<\/p>\n<p><a href=\"https:\/\/www.sages.ch\/fr\/inscription-congres-sages-membres-des-partenaires-de-cooperation\/\"><strong>\u203a S&rsquo;enregistrer ici<\/strong><\/a><\/p>\n<\/div><\/div><\/div><div class=\"fusion-layout-column fusion_builder_column fusion-builder-column-5 fusion_builder_column_1_4 1_4 fusion-flex-column\" style=\"--awb-padding-top:25px;--awb-padding-right:22px;--awb-padding-bottom:22px;--awb-padding-left:20px;--awb-bg-color:#f7f7f7;--awb-bg-color-hover:#f7f7f7;--awb-bg-size:cover;--awb-border-color:#abd1e5;--awb-border-top:10px;--awb-border-style:solid;--awb-width-large:25%;--awb-margin-top-large:0px;--awb-spacing-right-large:8.333333333333332px;--awb-margin-bottom-large:20px;--awb-spacing-left-large:7.68%;--awb-width-medium:100%;--awb-order-medium:0;--awb-spacing-right-medium:1.92%;--awb-spacing-left-medium:1.92%;--awb-width-small:100%;--awb-order-small:0;--awb-spacing-right-small:1.92%;--awb-spacing-left-small:1.92%;\" data-scroll-devices=\"small-visibility,medium-visibility,large-visibility\"><div class=\"fusion-column-wrapper fusion-column-has-shadow fusion-flex-justify-content-flex-start fusion-content-layout-column\"><div class=\"fusion-text fusion-text-7\" style=\"--awb-font-size:24px;--awb-line-height:1.2;--awb-text-color:var(--awb-color8);\"><p>Non-membres<\/p>\n<\/div><div class=\"fusion-separator fusion-full-width-sep\" style=\"align-self: center;margin-left: auto;margin-right: auto;margin-top:7px;width:100%;\"><\/div><div class=\"fusion-separator fusion-no-small-visibility fusion-full-width-sep\" style=\"align-self: center;margin-left: auto;margin-right: auto;margin-top:56px;width:100%;\"><\/div><div class=\"fusion-text fusion-text-8\" style=\"--awb-text-transform:none;\"><p><strong>Frais d\u2019inscription Fr. 330.\u2013<\/strong><\/p>\n<p><strong><a href=\"https:\/\/www.sages.ch\/fr\/inscription-congres-sages-non-membres\/\">\u203a S\u2019enregistrer ici<\/a><\/strong><\/p>\n<\/div><\/div><\/div><div class=\"fusion-layout-column fusion_builder_column fusion-builder-column-6 fusion_builder_column_1_4 1_4 fusion-flex-column\" style=\"--awb-padding-top:25px;--awb-padding-right:22px;--awb-padding-bottom:22px;--awb-padding-left:20px;--awb-bg-color:#f7f7f7;--awb-bg-color-hover:#f7f7f7;--awb-bg-size:cover;--awb-border-color:#bdbdbd;--awb-border-top:10px;--awb-border-style:solid;--awb-width-large:25%;--awb-margin-top-large:0px;--awb-spacing-right-large:7.68%;--awb-margin-bottom-large:20px;--awb-spacing-left-large:7.68%;--awb-width-medium:100%;--awb-order-medium:0;--awb-spacing-right-medium:1.92%;--awb-spacing-left-medium:1.92%;--awb-width-small:100%;--awb-order-small:0;--awb-spacing-right-small:1.92%;--awb-spacing-left-small:1.92%;\" data-scroll-devices=\"small-visibility,medium-visibility,large-visibility\"><div class=\"fusion-column-wrapper fusion-column-has-shadow fusion-flex-justify-content-flex-start fusion-content-layout-column\"><div class=\"fusion-text fusion-text-9\" style=\"--awb-font-size:24px;--awb-line-height:1.2;--awb-text-color:var(--awb-color8);\"><p>\u00c9tudiants<\/p>\n<\/div><div class=\"fusion-separator fusion-full-width-sep\" style=\"align-self: center;margin-left: auto;margin-right: auto;margin-top:7px;width:100%;\"><\/div><div class=\"fusion-separator fusion-no-small-visibility fusion-full-width-sep\" style=\"align-self: center;margin-left: auto;margin-right: auto;margin-top:56px;width:100%;\"><\/div><div class=\"fusion-text fusion-text-10\" style=\"--awb-text-transform:none;\"><p><strong>Frais d\u2019inscription Fr. 100.\u2013<\/strong><\/p>\n<p>Pour les \u00e9tudiant\u00b7es titulaires d&rsquo;une carte d&rsquo;\u00e9tudes valide.<\/p>\n<p><a href=\"https:\/\/www.sages.ch\/fr\/inscription-congres-sages-etudiants\/\"><strong>\u203a S\u2019enregistrer ici<\/strong><\/a><\/p>\n<\/div><\/div><\/div><\/div><\/div><div class=\"fusion-fullwidth fullwidth-box fusion-builder-row-3 fusion-flex-container has-pattern-background has-mask-background nonhundred-percent-fullwidth non-hundred-percent-height-scrolling\" style=\"--awb-border-radius-top-left:0px;--awb-border-radius-top-right:0px;--awb-border-radius-bottom-right:0px;--awb-border-radius-bottom-left:0px;--awb-padding-top:10px;--awb-padding-bottom:0px;--awb-flex-wrap:wrap;\" ><div class=\"fusion-builder-row fusion-row fusion-flex-align-items-flex-start fusion-flex-content-wrap\" style=\"max-width:1206.4px;margin-left: calc(-4% \/ 2 );margin-right: calc(-4% \/ 2 );\"><div class=\"fusion-layout-column fusion_builder_column fusion-builder-column-7 fusion_builder_column_1_1 1_1 fusion-flex-column\" style=\"--awb-bg-size:cover;--awb-width-large:100%;--awb-margin-top-large:0px;--awb-spacing-right-large:1.92%;--awb-margin-bottom-large:0px;--awb-spacing-left-large:1.92%;--awb-width-medium:100%;--awb-order-medium:0;--awb-spacing-right-medium:1.92%;--awb-spacing-left-medium:1.92%;--awb-width-small:100%;--awb-order-small:0;--awb-spacing-right-small:1.92%;--awb-spacing-left-small:1.92%;\"><div class=\"fusion-column-wrapper fusion-column-has-shadow fusion-flex-justify-content-flex-start fusion-content-layout-column\"><div class=\"fusion-separator fusion-full-width-sep\" style=\"align-self: center;margin-left: auto;margin-right: auto;margin-top:30px;margin-bottom:20px;width:100%;\"><div class=\"fusion-separator-border sep-single sep-solid\" style=\"--awb-height:20px;--awb-amount:20px;--awb-sep-color:#efefef;border-color:#efefef;border-top-width:10px;\"><\/div><\/div><div class=\"fusion-text fusion-text-11\" style=\"--awb-text-transform:none;\"><h2>Partenaires de coop\u00e9ration<\/h2>\n<\/div><div class=\"fusion-separator fusion-full-width-sep\" style=\"align-self: center;margin-left: auto;margin-right: auto;margin-top:10px;width:100%;\"><\/div><div class=\"fusion-image-carousel fusion-image-carousel-auto fusion-image-carousel-1\"><div class=\"awb-carousel awb-swiper awb-swiper-carousel awb-carousel--carousel awb-swiper-dots-position-bottom\" data-layout=\"carousel\" data-autoplay=\"yes\" data-autoplayspeed=\"6000\" data-autoplaypause=\"no\" data-columns=\"4\" data-columnsmedium=\"1\" data-columnssmall=\"1\" data-itemmargin=\"20\" data-itemwidth=\"180\" data-touchscroll=\"no\" data-freemode=\"no\" data-imagesize=\"auto\" data-scrollitems=\"1\" data-centeredslides=\"no\" data-rotationangle=\"50\" data-depth=\"100\" data-speed=\"500\" data-shadow=\"no\" data-pagination=\"bullets\" style=\"--awb-columns:4;--awb-column-spacing:20px;\"><div class=\"swiper-wrapper awb-image-carousel-wrapper fusion-flex-align-items-flex-start\"><div class=\"swiper-slide\"><div class=\"fusion-carousel-item-wrapper\"><div class=\"fusion-image-wrapper hover-type-none\"><a href=\"https:\/\/www.fhnw.ch\/de\/\" target=\"_blank\" rel=\"noopener noreferrer\"><img decoding=\"async\" width=\"680\" height=\"380\" src=\"https:\/\/www.sages.ch\/wp-content\/uploads\/2025\/05\/FHNW-2.png\" class=\"attachment-full size-full\" alt=\"\" srcset=\"https:\/\/www.sages.ch\/wp-content\/uploads\/2025\/05\/FHNW-2-200x112.png 200w, https:\/\/www.sages.ch\/wp-content\/uploads\/2025\/05\/FHNW-2-400x224.png 400w, https:\/\/www.sages.ch\/wp-content\/uploads\/2025\/05\/FHNW-2-600x335.png 600w, https:\/\/www.sages.ch\/wp-content\/uploads\/2025\/05\/FHNW-2.png 680w\" sizes=\"(min-width: 2200px) 100vw, (min-width: 856px) 275px, (min-width: 784px) 367px, (min-width: 712px) 550px, (min-width: 640px) 712px, \" \/><\/a><\/div><\/div><\/div><div class=\"swiper-slide\"><div class=\"fusion-carousel-item-wrapper\"><div class=\"fusion-image-wrapper hover-type-none\"><a href=\"https:\/\/dvsg.org\" target=\"_blank\" rel=\"noopener noreferrer\"><img decoding=\"async\" width=\"680\" height=\"380\" src=\"https:\/\/www.sages.ch\/wp-content\/uploads\/2025\/05\/DVSG.png\" class=\"attachment-full size-full\" alt=\"\" srcset=\"https:\/\/www.sages.ch\/wp-content\/uploads\/2025\/05\/DVSG-200x112.png 200w, https:\/\/www.sages.ch\/wp-content\/uploads\/2025\/05\/DVSG-400x224.png 400w, https:\/\/www.sages.ch\/wp-content\/uploads\/2025\/05\/DVSG-600x335.png 600w, https:\/\/www.sages.ch\/wp-content\/uploads\/2025\/05\/DVSG.png 680w\" sizes=\"(min-width: 2200px) 100vw, (min-width: 856px) 275px, (min-width: 784px) 367px, (min-width: 712px) 550px, (min-width: 640px) 712px, \" \/><\/a><\/div><\/div><\/div><div class=\"swiper-slide\"><div class=\"fusion-carousel-item-wrapper\"><div class=\"fusion-image-wrapper hover-type-none\"><a href=\"https:\/\/avenirsocial.ch\" target=\"_blank\" rel=\"noopener noreferrer\"><img decoding=\"async\" width=\"680\" height=\"380\" src=\"https:\/\/www.sages.ch\/wp-content\/uploads\/2025\/05\/Avenirsocial.png\" class=\"attachment-full size-full\" alt=\"\" srcset=\"https:\/\/www.sages.ch\/wp-content\/uploads\/2025\/05\/Avenirsocial-200x112.png 200w, https:\/\/www.sages.ch\/wp-content\/uploads\/2025\/05\/Avenirsocial-400x224.png 400w, https:\/\/www.sages.ch\/wp-content\/uploads\/2025\/05\/Avenirsocial-600x335.png 600w, https:\/\/www.sages.ch\/wp-content\/uploads\/2025\/05\/Avenirsocial.png 680w\" sizes=\"(min-width: 2200px) 100vw, (min-width: 856px) 275px, (min-width: 784px) 367px, (min-width: 712px) 550px, (min-width: 640px) 712px, \" \/><\/a><\/div><\/div><\/div><div class=\"swiper-slide\"><div class=\"fusion-carousel-item-wrapper\"><div class=\"fusion-image-wrapper hover-type-none\"><a href=\"https:\/\/www.netzwerk-cm.ch\" target=\"_blank\" rel=\"noopener noreferrer\"><img decoding=\"async\" width=\"680\" height=\"380\" src=\"https:\/\/www.sages.ch\/wp-content\/uploads\/2025\/05\/Netzwerk-Case-Management.png\" class=\"attachment-full size-full\" alt=\"\" srcset=\"https:\/\/www.sages.ch\/wp-content\/uploads\/2025\/05\/Netzwerk-Case-Management-200x112.png 200w, https:\/\/www.sages.ch\/wp-content\/uploads\/2025\/05\/Netzwerk-Case-Management-400x224.png 400w, https:\/\/www.sages.ch\/wp-content\/uploads\/2025\/05\/Netzwerk-Case-Management-600x335.png 600w, https:\/\/www.sages.ch\/wp-content\/uploads\/2025\/05\/Netzwerk-Case-Management.png 680w\" sizes=\"(min-width: 2200px) 100vw, (min-width: 856px) 275px, (min-width: 784px) 367px, (min-width: 712px) 550px, (min-width: 640px) 712px, \" \/><\/a><\/div><\/div><\/div><div class=\"swiper-slide\"><div class=\"fusion-carousel-item-wrapper\"><div class=\"fusion-image-wrapper hover-type-none\"><a href=\"https:\/\/www.reiso.org\" target=\"_blank\" rel=\"noopener noreferrer\"><img decoding=\"async\" width=\"680\" height=\"380\" src=\"https:\/\/www.sages.ch\/wp-content\/uploads\/2025\/05\/Reiso.png\" class=\"attachment-full size-full\" alt=\"\" srcset=\"https:\/\/www.sages.ch\/wp-content\/uploads\/2025\/05\/Reiso-200x112.png 200w, https:\/\/www.sages.ch\/wp-content\/uploads\/2025\/05\/Reiso-400x224.png 400w, https:\/\/www.sages.ch\/wp-content\/uploads\/2025\/05\/Reiso-600x335.png 600w, https:\/\/www.sages.ch\/wp-content\/uploads\/2025\/05\/Reiso.png 680w\" sizes=\"(min-width: 2200px) 100vw, (min-width: 856px) 275px, (min-width: 784px) 367px, (min-width: 712px) 550px, (min-width: 640px) 712px, \" \/><\/a><\/div><\/div><\/div><div class=\"swiper-slide\"><div class=\"fusion-carousel-item-wrapper\"><div class=\"fusion-image-wrapper hover-type-none\"><a href=\"https:\/\/www.sozialinfo.ch\" target=\"_blank\" rel=\"noopener noreferrer\"><img decoding=\"async\" width=\"680\" height=\"380\" src=\"https:\/\/www.sages.ch\/wp-content\/uploads\/2025\/05\/Sozialinfo.png\" class=\"attachment-full size-full\" alt=\"\" srcset=\"https:\/\/www.sages.ch\/wp-content\/uploads\/2025\/05\/Sozialinfo-200x112.png 200w, https:\/\/www.sages.ch\/wp-content\/uploads\/2025\/05\/Sozialinfo-400x224.png 400w, https:\/\/www.sages.ch\/wp-content\/uploads\/2025\/05\/Sozialinfo-600x335.png 600w, https:\/\/www.sages.ch\/wp-content\/uploads\/2025\/05\/Sozialinfo.png 680w\" sizes=\"(min-width: 2200px) 100vw, (min-width: 856px) 275px, (min-width: 784px) 367px, (min-width: 712px) 550px, (min-width: 640px) 712px, \" \/><\/a><\/div><\/div><\/div><\/div><\/div><\/div><\/div><\/div><\/div><\/div><\/p>\n","protected":false},"excerpt":{"rendered":"","protected":false},"author":1,"featured_media":0,"parent":0,"menu_order":120,"comment_status":"closed","ping_status":"closed","template":"","meta":{"footnotes":""},"class_list":["post-9700","page","type-page","status-publish","hentry"],"_links":{"self":[{"href":"https:\/\/www.sages.ch\/fr\/wp-json\/wp\/v2\/pages\/9700","targetHints":{"allow":["GET"]}}],"collection":[{"href":"https:\/\/www.sages.ch\/fr\/wp-json\/wp\/v2\/pages"}],"about":[{"href":"https:\/\/www.sages.ch\/fr\/wp-json\/wp\/v2\/types\/page"}],"author":[{"embeddable":true,"href":"https:\/\/www.sages.ch\/fr\/wp-json\/wp\/v2\/users\/1"}],"replies":[{"embeddable":true,"href":"https:\/\/www.sages.ch\/fr\/wp-json\/wp\/v2\/comments?post=9700"}],"version-history":[{"count":28,"href":"https:\/\/www.sages.ch\/fr\/wp-json\/wp\/v2\/pages\/9700\/revisions"}],"predecessor-version":[{"id":10312,"href":"https:\/\/www.sages.ch\/fr\/wp-json\/wp\/v2\/pages\/9700\/revisions\/10312"}],"wp:attachment":[{"href":"https:\/\/www.sages.ch\/fr\/wp-json\/wp\/v2\/media?parent=9700"}],"curies":[{"name":"wp","href":"https:\/\/api.w.org\/{rel}","templated":true}]}}